{"id":1362,"date":"2019-06-05T19:47:17","date_gmt":"2019-06-05T19:47:17","guid":{"rendered":"http:\/\/quimidex.ufsc.br\/?page_id=1362"},"modified":"2020-12-29T21:01:52","modified_gmt":"2020-12-29T21:01:52","slug":"contextualizacao-tecido","status":"publish","type":"page","link":"https:\/\/quimidex.ufsc.br\/index.php\/contextualizacao-tecido\/","title":{"rendered":"Saiba Mais: \u00e1cido ad\u00edpico"},"content":{"rendered":"<h1 class=\"fonts-plugin-block\" style=\"font-family: Crete Round;font-weight: 400;text-align: center;color: #000000;\">S\u00edntese do precursor do nylon: \u00e1cido ad\u00edpico<\/h1>\n\n<p class=\"fonts-plugin-block\" style=\"font-family: Roboto;font-weight: normal;color: #000000;\">O \u00e1cido ad\u00edpico \u00e9 utilizado na produ\u00e7\u00e3o do pol\u00edmero \u201cnylon 6,6\u201d. O nylon \u00e9 feito com duas unidades mon\u00f4meras diferentes \u2013 uma com dois grupos \u00e1cidos e uma com dois grupos amina \u2013 alternando na cadeia. <\/p>\n\n\n<div class=\"wp-block-image\"><figure class=\"aligncenter\"><img data-attachment-id=\"3812\" data-permalink=\"https:\/\/quimidex.ufsc.br\/index.php\/contextualizacao-tecido\/estrutura-acido-adipico-e-diaminoexano-saiba-mais\/\" data-orig-file=\"https:\/\/quimidex.ufsc.br\/wp-content\/uploads\/2020\/06\/Estrutura-acido-adipico-e-diaminoexano-Saiba-Mais.png\" data-orig-size=\"674,189\" data-comments-opened=\"1\" data-image-meta=\"{&quot;aperture&quot;:&quot;0&quot;,&quot;credit&quot;:&quot;&quot;,&quot;camera&quot;:&quot;&quot;,&quot;caption&quot;:&quot;&quot;,&quot;created_timestamp&quot;:&quot;0&quot;,&quot;copyright&quot;:&quot;&quot;,&quot;focal_length&quot;:&quot;0&quot;,&quot;iso&quot;:&quot;0&quot;,&quot;shutter_speed&quot;:&quot;0&quot;,&quot;title&quot;:&quot;&quot;,&quot;orientation&quot;:&quot;0&quot;}\" data-image-title=\"Estrutura-acido-adipico-e-diaminoexano&#8212;Saiba-Mais\" data-image-description=\"\" data-medium-file=\"https:\/\/quimidex.ufsc.br\/wp-content\/uploads\/2020\/06\/Estrutura-acido-adipico-e-diaminoexano-Saiba-Mais-300x84.png\" data-large-file=\"https:\/\/quimidex.ufsc.br\/wp-content\/uploads\/2020\/06\/Estrutura-acido-adipico-e-diaminoexano-Saiba-Mais.png\" loading=\"lazy\" width=\"674\" height=\"189\" src=\"http:\/\/quimidex.ufsc.br\/wp-content\/uploads\/2020\/06\/Estrutura-acido-adipico-e-diaminoexano-Saiba-Mais.png\" alt=\"\" class=\"wp-image-3812\" srcset=\"https:\/\/quimidex.ufsc.br\/wp-content\/uploads\/2020\/06\/Estrutura-acido-adipico-e-diaminoexano-Saiba-Mais.png 674w, https:\/\/quimidex.ufsc.br\/wp-content\/uploads\/2020\/06\/Estrutura-acido-adipico-e-diaminoexano-Saiba-Mais-300x84.png 300w\" sizes=\"(max-width: 674px) 100vw, 674px\" \/><\/figure><\/div>\n\n\n<p class=\"fonts-plugin-block\" style=\"font-family: Roboto;font-weight: normal;color: #000000;\">Na fabrica\u00e7\u00e3o do nylon,\nambas as extremidades amino de 1,6-diaminoexano reagem com as extremidades \u00e1cidas da mol\u00e9cula de \u00e1cido ad\u00edpico. Isso prossegue com mol\u00e9culas alternadas acrescentando-se \u00e0s extremidades de uma cadeia de nylon cada vez maior. A estrutura do nylon tornou-se conhecida como \u201cnylon 6,6\u201d porque cada unidade de mon\u00f4mero tem seis \u00e1tomos de carbono.<\/p>\n\n\n<div class=\"wp-block-image\"><figure class=\"aligncenter\"><img data-attachment-id=\"3811\" data-permalink=\"https:\/\/quimidex.ufsc.br\/index.php\/contextualizacao-tecido\/estrutura-quimica-nylon-saiba-mais\/\" data-orig-file=\"https:\/\/quimidex.ufsc.br\/wp-content\/uploads\/2020\/06\/Estrutura-quimica-nylon-Saiba-Mais.png\" data-orig-size=\"819,163\" data-comments-opened=\"1\" data-image-meta=\"{&quot;aperture&quot;:&quot;0&quot;,&quot;credit&quot;:&quot;&quot;,&quot;camera&quot;:&quot;&quot;,&quot;caption&quot;:&quot;&quot;,&quot;created_timestamp&quot;:&quot;0&quot;,&quot;copyright&quot;:&quot;&quot;,&quot;focal_length&quot;:&quot;0&quot;,&quot;iso&quot;:&quot;0&quot;,&quot;shutter_speed&quot;:&quot;0&quot;,&quot;title&quot;:&quot;&quot;,&quot;orientation&quot;:&quot;0&quot;}\" data-image-title=\"Estrutura-quimica-nylon&#8212;Saiba-Mais\" data-image-description=\"\" data-medium-file=\"https:\/\/quimidex.ufsc.br\/wp-content\/uploads\/2020\/06\/Estrutura-quimica-nylon-Saiba-Mais-300x60.png\" data-large-file=\"https:\/\/quimidex.ufsc.br\/wp-content\/uploads\/2020\/06\/Estrutura-quimica-nylon-Saiba-Mais.png\" loading=\"lazy\" width=\"819\" height=\"163\" src=\"http:\/\/quimidex.ufsc.br\/wp-content\/uploads\/2020\/06\/Estrutura-quimica-nylon-Saiba-Mais.png\" alt=\"\" class=\"wp-image-3811\" srcset=\"https:\/\/quimidex.ufsc.br\/wp-content\/uploads\/2020\/06\/Estrutura-quimica-nylon-Saiba-Mais.png 819w, https:\/\/quimidex.ufsc.br\/wp-content\/uploads\/2020\/06\/Estrutura-quimica-nylon-Saiba-Mais-300x60.png 300w, https:\/\/quimidex.ufsc.br\/wp-content\/uploads\/2020\/06\/Estrutura-quimica-nylon-Saiba-Mais-768x153.png 768w\" sizes=\"(max-width: 819px) 100vw, 819px\" \/><\/figure><\/div>\n\n\n<p class=\"fonts-plugin-block\" style=\"font-family: Roboto;font-weight: normal;text-align: center;color: #000000;\"><a href=\"#popmake-1377\">Clique aqui para conhecer a hist\u00f3ria do desenvolvimento do &#8220;nylon 6,6&#8221;<\/a><\/p>\n\n\n<div style=\"height:15px\" aria-hidden=\"true\" class=\"wp-block-spacer\"><\/div>\n\n\n<p class=\"fonts-plugin-block\" style=\"font-family: Roboto;font-weight: normal;color: #000000;\">Analisando a s\u00edntese do \u00e1cido ad\u00edpico, \u00e9 poss\u00edvel identificar os impactos ambientais associados a produ\u00e7\u00e3o do nylon. A prepara\u00e7\u00e3o industrial do \u00e1cido ad\u00edpico usa \u00e1cido n\u00edtrico, um \u00e1cido oxidante forte que apresenta muitos perigos de seguran\u00e7a qu\u00edmica e riscos ambientais. O \u00e1cido n\u00edtrico pode reagir violentamente com alguns compostos org\u00e2nicos, causando s\u00e9rios acidentes no laborat\u00f3rio. Al\u00e9m disso, o uso de \u00e1cido n\u00edtrico na prepara\u00e7\u00e3o do \u00e1cido ad\u00edpico resulta na emiss\u00e3o de \u00f3xido\nnitroso (N<sub>2<\/sub>O), um g\u00e1s poluente do efeito estufa. Existem outras rotas para a obten\u00e7\u00e3o do \u00e1cido ad\u00edpico (Rea\u00e7\u00e3o 1 e Rea\u00e7\u00e3o 2). Quais destas propostas representa uma alternativa viav\u00e9l a produ\u00e7\u00e3o do \u00e1cido ad\u00edpico?<\/p>\n\n\n<div style=\"height:20px\" aria-hidden=\"true\" class=\"wp-block-spacer\"><\/div>\n\n\n<p class=\"fonts-plugin-block\" style=\"font-family: Roboto;font-weight: normal;color: #000000;\"><strong>Rea\u00e7\u00e3o 1: <\/strong>Oxida\u00e7\u00e3o\ndo ciclohexeno com permanganto de pot\u00e1ssio (KmnO<sub>4<\/sub>)<\/p>\n\n<p class=\"fonts-plugin-block\" style=\"font-family: Roboto;font-weight: normal;color: #000000;\">Um dos m\u00e9todos de obten\u00e7\u00e3o do \u00e1cido ad\u00edpico \u00e9 a\noxida\u00e7\u00e3o do ciclohexeno utilizando permanganato de pot\u00e1ssio. O permanganato de pot\u00e1ssio (KMnO<sub>4<\/sub>)\n\u00e9 um exemplo de um poderoso agente oxidante. Quando dissolvido em \u00e1gua\napresenta colora\u00e7\u00e3o violeta.<\/p>\n\n\n<div class=\"wp-block-image\"><figure class=\"aligncenter\"><img data-attachment-id=\"3810\" data-permalink=\"https:\/\/quimidex.ufsc.br\/index.php\/contextualizacao-tecido\/permanganato-de-potassio-saiba-mais\/\" data-orig-file=\"https:\/\/quimidex.ufsc.br\/wp-content\/uploads\/2020\/06\/Permanganato-de-potassio-Saiba-Mais.png\" data-orig-size=\"936,163\" data-comments-opened=\"1\" data-image-meta=\"{&quot;aperture&quot;:&quot;0&quot;,&quot;credit&quot;:&quot;&quot;,&quot;camera&quot;:&quot;&quot;,&quot;caption&quot;:&quot;&quot;,&quot;created_timestamp&quot;:&quot;0&quot;,&quot;copyright&quot;:&quot;&quot;,&quot;focal_length&quot;:&quot;0&quot;,&quot;iso&quot;:&quot;0&quot;,&quot;shutter_speed&quot;:&quot;0&quot;,&quot;title&quot;:&quot;&quot;,&quot;orientation&quot;:&quot;0&quot;}\" data-image-title=\"Permanganato-de-potassio&#8212;Saiba-Mais\" data-image-description=\"\" data-medium-file=\"https:\/\/quimidex.ufsc.br\/wp-content\/uploads\/2020\/06\/Permanganato-de-potassio-Saiba-Mais-300x52.png\" data-large-file=\"https:\/\/quimidex.ufsc.br\/wp-content\/uploads\/2020\/06\/Permanganato-de-potassio-Saiba-Mais.png\" loading=\"lazy\" width=\"936\" height=\"163\" src=\"http:\/\/quimidex.ufsc.br\/wp-content\/uploads\/2020\/06\/Permanganato-de-potassio-Saiba-Mais.png\" alt=\"\" class=\"wp-image-3810\" srcset=\"https:\/\/quimidex.ufsc.br\/wp-content\/uploads\/2020\/06\/Permanganato-de-potassio-Saiba-Mais.png 936w, https:\/\/quimidex.ufsc.br\/wp-content\/uploads\/2020\/06\/Permanganato-de-potassio-Saiba-Mais-300x52.png 300w, https:\/\/quimidex.ufsc.br\/wp-content\/uploads\/2020\/06\/Permanganato-de-potassio-Saiba-Mais-768x134.png 768w\" sizes=\"(max-width: 936px) 100vw, 936px\" \/><\/figure><\/div>\n\n\n<p class=\"fonts-plugin-block\" style=\"font-family: Roboto;font-weight: normal;color: #000000;\">Pela figura acima, \u00e9 poss\u00edvel observar di\u00f3xido de mangan\u00eas (MnO<sub>2<\/sub>) e hidr\u00f3xido de pot\u00e1ssio (KOH) s\u00e3o subprodutos da rea\u00e7\u00e3o. Os res\u00edduos a base de mangan\u00eas s\u00e3o t\u00f3xicos e podem provocar s\u00e9rios danos, inclusive ao homem se descartados de forma inadequada. Antes de ser descartado, o res\u00edduo de mangan\u00eas precisa ser tratado. <\/p>\n\n<p class=\"fonts-plugin-block\" style=\"font-family: Roboto;font-weight: normal;color: #000000;\">Durante a rea\u00e7\u00e3o do\npermangato de pot\u00e1ssio com o ciclohexeno, a cor violeta da solu\u00e7\u00e3o de KMnO<sub>4<\/sub>\ndesaparece. Pode ser feito um teste para verificar a\npresen\u00e7a de permanganato no meio reacional, retirando parte da mistura da\nrea\u00e7\u00e3o na ponta de um bast\u00e3o de vidro e tocando-o em um papel de filtro. O\npermanganato, se presente, aparecer\u00e1 como um anel p\u00farpura ao redor da mancha\nmarrom escura do di\u00f3xido de mangan\u00eas.&nbsp;Se o permanganato ainda estiver\npresente, adiciona-se metanol. <\/p>\n\n<p class=\"fonts-plugin-block\" style=\"font-family: Roboto;font-weight: normal;color: #000000;\">Neste caso, ocorrer\u00e1 a oxida\u00e7\u00e3o do metanol. Esse processo tem como produtos\nintermedi\u00e1rios o metanal e o \u00e1cido met\u00e1noico. Como o \u00e1cido metanoico ainda\npossui liga\u00e7\u00e3o de hidrog\u00eanio, ele \u00e9 oxidado a \u00e1cido carb\u00f4nico, H<sub>2<\/sub>CO<sub>3<\/sub>,\nque, por ser instav\u00e9l devido a presen\u00e7a de diol g\u00eamino, se decomp\u00f5e em \u00e1gua (H<sub>2<\/sub>O)\ne g\u00e1s carb\u00f4nico (CO<sub>2<\/sub>). Assim, CO<sub>2 <\/sub>e H<sub>2<\/sub>O tamb\u00e9m\ns\u00e3o res\u00edduos da rea\u00e7\u00e3o. Veja cada etapa da oxida\u00e7\u00e3o do metanol:<\/p>\n\n\n<div style=\"height:40px\" aria-hidden=\"true\" class=\"wp-block-spacer\"><\/div>\n\n\n<p class=\"fonts-plugin-block\" style=\"font-family: Roboto;font-weight: normal;color: #000000;\"><strong>Rea\u00e7\u00e3o\n2:<\/strong> Oxida\u00e7\u00e3o do ciclohexeno com per\u00f3xido de\nhidrog\u00eanio<\/p>\n\n<p class=\"fonts-plugin-block\" style=\"font-family: Roboto;font-weight: normal;color: #000000;\">Neste experimento, um\nprocedimento de oxida\u00e7\u00e3o alternativo ser\u00e1 utilizado, usando tungstato de s\u00f3dio\n(Na<sub>2<\/sub>WO<sub>4.<\/sub>2H<sub>2<\/sub>O) como catalisador para a oxida\u00e7\u00e3o\ndo ciclohexeno em \u00e1cido ad\u00edpico pelo per\u00f3xido de hidrog\u00eanio (H<sub>2<\/sub>O<sub>2<\/sub>).\nEste procedimento de oxida\u00e7\u00e3o evita o uso do permanganato de pot\u00e1ssio e gera\napenas \u00e1gua como subproduto, em vez do MnO<sub>2<\/sub>.<\/p>\n\n\n<div class=\"wp-block-image\"><figure class=\"aligncenter\"><img data-attachment-id=\"6586\" data-permalink=\"https:\/\/quimidex.ufsc.br\/index.php\/contextualizacao-tecido\/peroxido-de-hidrogenio-saiba-mais-2\/\" data-orig-file=\"https:\/\/quimidex.ufsc.br\/wp-content\/uploads\/2020\/08\/Peroxido-de-hidrogenio-Saiba-Mais.png\" data-orig-size=\"735,163\" data-comments-opened=\"1\" data-image-meta=\"{&quot;aperture&quot;:&quot;0&quot;,&quot;credit&quot;:&quot;&quot;,&quot;camera&quot;:&quot;&quot;,&quot;caption&quot;:&quot;&quot;,&quot;created_timestamp&quot;:&quot;0&quot;,&quot;copyright&quot;:&quot;&quot;,&quot;focal_length&quot;:&quot;0&quot;,&quot;iso&quot;:&quot;0&quot;,&quot;shutter_speed&quot;:&quot;0&quot;,&quot;title&quot;:&quot;&quot;,&quot;orientation&quot;:&quot;0&quot;}\" data-image-title=\"Peroxido-de-hidrogenio&#8212;Saiba-Mais\" data-image-description=\"\" data-medium-file=\"https:\/\/quimidex.ufsc.br\/wp-content\/uploads\/2020\/08\/Peroxido-de-hidrogenio-Saiba-Mais-300x67.png\" data-large-file=\"https:\/\/quimidex.ufsc.br\/wp-content\/uploads\/2020\/08\/Peroxido-de-hidrogenio-Saiba-Mais.png\" loading=\"lazy\" width=\"735\" height=\"163\" src=\"http:\/\/quimidex.ufsc.br\/wp-content\/uploads\/2020\/08\/Peroxido-de-hidrogenio-Saiba-Mais.png\" alt=\"\" class=\"wp-image-6586\" srcset=\"https:\/\/quimidex.ufsc.br\/wp-content\/uploads\/2020\/08\/Peroxido-de-hidrogenio-Saiba-Mais.png 735w, https:\/\/quimidex.ufsc.br\/wp-content\/uploads\/2020\/08\/Peroxido-de-hidrogenio-Saiba-Mais-300x67.png 300w\" sizes=\"(max-width: 735px) 100vw, 735px\" \/><\/figure><\/div>\n\n\n<p class=\"fonts-plugin-block\" style=\"font-family: Roboto;font-weight: normal;color: #000000;\">Neste\nm\u00e9todo, o tungstato de s\u00f3dio funciona cataliticamente, sendo estruturalmente\nsemelhante ao permanganato. Al\u00e9m disso, este processo utilizar\u00e1 um catalisador\nde transfer\u00eancia de fase (PTC), no caso o aliquat 336 (cloreto de\nmetil-trioctil-am\u00f4nio).<\/p>\n\n\n<div style=\"height:20px\" aria-hidden=\"true\" class=\"wp-block-spacer\"><\/div>\n\n\n<p class=\"fonts-plugin-block\" style=\"font-family: Roboto Slab;font-weight: 600;text-align: center;color: #000000;\">[(CH<sub>3<\/sub>CH<sub>2<\/sub>CH<sub>2<\/sub>CH<sub>2<\/sub>CH<sub>2<\/sub>CH<sub>2<\/sub>CH<sub>2<\/sub>CH<sub>2<\/sub>)<sub>3<\/sub>(CH<sub>3<\/sub>)N<sup>+<\/sup> Cl<sup>&#8211;<\/sup>]<br>Estrutura condensada do Aliquat 336. <\/p>\n\n\n<div style=\"height:20px\" aria-hidden=\"true\" class=\"wp-block-spacer\"><\/div>\n\n\n<p class=\"fonts-plugin-block\" style=\"font-family: Roboto;font-weight: normal;color: #000000;\">Como o aliquat 336 e o tungstato de s\u00f3dio s\u00e3o catalisadores, somente o per\u00f3xido de hidrog\u00eanio \u00e9 necess\u00e1rio como reagente estequiom\u00e9trico. Observe na rea\u00e7\u00e3o que usamos per\u00f3xido de hidrog\u00eanio em grande excesso. Como o tungstato de s\u00f3dio e o aliquat 336 n\u00e3o s\u00e3o consumidos na rea\u00e7\u00e3o, \u00e9 poss\u00edvel reciclar estes catalisadores para uso em rea\u00e7\u00f5es subsequentes. S\u00f3 \u00e9 necess\u00e1rio adicionar ciclohexeno e per\u00f3xido de hidrog\u00eanio \u00e0 solu\u00e7\u00e3o de catalisador reciclado para repetir a rea\u00e7\u00e3o.<\/p>\n\n<p class=\"fonts-plugin-block\" style=\"font-family: Roboto;font-weight: normal;color: #000000;\">Por este m\u00e9todo, a\nnecessidade de solventes e a produ\u00e7\u00e3o de res\u00edduos t\u00f3xicos foi eliminada. Os\nreagentes &nbsp;cicloexeno e per\u00f3xido de\nhidrog\u00eanio n\u00e3o s\u00e3o fontes renov\u00e1veis. Verefica-se uma redu\u00e7\u00e3o no tempo total de\nrea\u00e7\u00e3o, atrav\u00e9s de uma etapa. <\/p>\n\n\n<div style=\"height:40px\" aria-hidden=\"true\" class=\"wp-block-spacer\"><\/div>\n\n\n<p class=\"fonts-plugin-block\" style=\"font-family: Roboto Slab;font-weight: 600;font-size: 20px;color: #000000;\"><strong>Refer\u00eancias<\/strong><\/p>\n\n\n<p class=\"has-text-color\" style=\"color:#000000\">LEONARD\u00c3O, E. J.; FREITAG, R. A.; DABDOUB, M.J.;\nBATISTA, A. C. F.; SILVEIRA, C. C. \u201cGreen Chemistry\u201d \u2013 os 12 princ\u00edpios da\nQu\u00edmica Verde e sua inser\u00e7\u00e3o nas atividades de ensino e pesquisa. <strong>Qu\u00edmica\nNova<\/strong>, v. 26, &nbsp;n\u00ba. 1, p.123-129, 2003.<\/p>\n\n\n\n<p class=\"has-text-color\" style=\"color:#000000\">REIS, M.&nbsp; <strong>Qu\u00edmica.<\/strong>\n1 ed. S\u00e3o Paulo: \u00c1tica, 2013.<\/p>\n\n\n\n<p class=\"has-text-color\" style=\"color:#000000\">ZORZANELLI, B. C.; MURI, E. M. F. Oxida\u00e7\u00e3o de \u00c1lcoois\nem Qu\u00edmica Verde. <strong>Revista Virtual Qu\u00edmica<\/strong>, v.7, n\u00ba2, p.663-683, 2015.<\/p>\n\n\n\n<p class=\"has-text-color\" style=\"color:#000000\">REED, S. M.; HUTCHISON., J. E. Green Chemistry in the Organic Teaching Laboratory: W An Environmentally Benign Synthesis of Adipic Acid. <strong>Journal of Chemical Education<\/strong>, v. 77, \u00a0n\u00ba12, dez. 2000.<\/p>\n\n\n\n<div style=\"height:20px\" aria-hidden=\"true\" class=\"wp-block-spacer\"><\/div>\n\n\n\n<a href=\"https:\/\/quimidex.ufsc.br\/index.php\/ambiente-tematico-qv\/construindo-a-estrela-verde\/\" class=\"volta\"><i class=\"fa fa-chevron-circle-left\"><\/i> Anterior<\/a>\n","protected":false},"excerpt":{"rendered":"<p>LEONARD\u00c3O, E. J.; FREITAG, R. A.; DABDOUB, M.J.; BATISTA, A. C. F.; SILVEIRA, C. C. \u201cGreen Chemistry\u201d \u2013 os 12 princ\u00edpios da Qu\u00edmica Verde e sua inser\u00e7\u00e3o nas atividades de ensino e pesquisa. Qu\u00edmica Nova, v. 26, &nbsp;n\u00ba. 1, p.123-129, 2003. REIS, M.&nbsp; Qu\u00edmica. 1 ed. S\u00e3o Paulo: \u00c1tica, 2013. ZORZANELLI, B. C.; MURI, E. [&hellip;]<\/p>\n","protected":false},"author":1,"featured_media":0,"parent":0,"menu_order":0,"comment_status":"closed","ping_status":"closed","template":"","meta":{"spay_email":""},"featured_image_src":null,"featured_image_src_square":null,"uagb_featured_image_src":{"full":false,"thumbnail":false,"medium":false,"medium_large":false,"large":false,"1536x1536":false,"2048x2048":false,"ab-block-post-grid-landscape":false,"ab-block-post-grid-square":false},"uagb_author_info":{"display_name":"admin","author_link":"https:\/\/quimidex.ufsc.br\/index.php\/author\/admin\/"},"uagb_comment_info":0,"uagb_excerpt":"LEONARD\u00c3O, E. J.; FREITAG, R. A.; DABDOUB, M.J.; BATISTA, A. C. F.; SILVEIRA, C. C. \u201cGreen Chemistry\u201d \u2013 os 12 princ\u00edpios da Qu\u00edmica Verde e sua inser\u00e7\u00e3o nas atividades de ensino e pesquisa. Qu\u00edmica Nova, v. 26, &nbsp;n\u00ba. 1, p.123-129, 2003. REIS, M.&nbsp; Qu\u00edmica. 1 ed. S\u00e3o Paulo: \u00c1tica, 2013. ZORZANELLI, B. C.; MURI, E.&hellip;","_links":{"self":[{"href":"https:\/\/quimidex.ufsc.br\/index.php\/wp-json\/wp\/v2\/pages\/1362"}],"collection":[{"href":"https:\/\/quimidex.ufsc.br\/index.php\/wp-json\/wp\/v2\/pages"}],"about":[{"href":"https:\/\/quimidex.ufsc.br\/index.php\/wp-json\/wp\/v2\/types\/page"}],"author":[{"embeddable":true,"href":"https:\/\/quimidex.ufsc.br\/index.php\/wp-json\/wp\/v2\/users\/1"}],"replies":[{"embeddable":true,"href":"https:\/\/quimidex.ufsc.br\/index.php\/wp-json\/wp\/v2\/comments?post=1362"}],"version-history":[{"count":16,"href":"https:\/\/quimidex.ufsc.br\/index.php\/wp-json\/wp\/v2\/pages\/1362\/revisions"}],"predecessor-version":[{"id":7975,"href":"https:\/\/quimidex.ufsc.br\/index.php\/wp-json\/wp\/v2\/pages\/1362\/revisions\/7975"}],"wp:attachment":[{"href":"https:\/\/quimidex.ufsc.br\/index.php\/wp-json\/wp\/v2\/media?parent=1362"}],"curies":[{"name":"wp","href":"https:\/\/api.w.org\/{rel}","templated":true}]}}