{"id":2281,"date":"2019-07-08T20:58:07","date_gmt":"2019-07-08T20:58:07","guid":{"rendered":"http:\/\/quimidex.ufsc.br\/?page_id=2281"},"modified":"2020-12-23T17:57:34","modified_gmt":"2020-12-23T17:57:34","slug":"oficina-do-fogo","status":"publish","type":"page","link":"https:\/\/quimidex.ufsc.br\/index.php\/oficinas-tematicas\/oficina-do-fogo\/","title":{"rendered":"Quimidex on fire!"},"content":{"rendered":"\n<h1 class=\"has-text-align-center has-text-color\" style=\"color:#444444\">Quimidex on fire!<\/h1>\n\n\n\n<div style=\"height:20px\" aria-hidden=\"true\" class=\"wp-block-spacer\"><\/div>\n\n\n\n<div class=\"wp-block-columns\">\n<div class=\"wp-block-column\" style=\"flex-basis:25%\">\n<figure class=\"wp-block-image size-large trilaranja\"><img data-attachment-id=\"7452\" data-permalink=\"https:\/\/quimidex.ufsc.br\/onfireanima\/\" data-orig-file=\"https:\/\/quimidex.ufsc.br\/wp-content\/uploads\/2020\/11\/onfireanima.gif\" data-orig-size=\"500,500\" data-comments-opened=\"1\" data-image-meta=\"{&quot;aperture&quot;:&quot;0&quot;,&quot;credit&quot;:&quot;&quot;,&quot;camera&quot;:&quot;&quot;,&quot;caption&quot;:&quot;&quot;,&quot;created_timestamp&quot;:&quot;0&quot;,&quot;copyright&quot;:&quot;&quot;,&quot;focal_length&quot;:&quot;0&quot;,&quot;iso&quot;:&quot;0&quot;,&quot;shutter_speed&quot;:&quot;0&quot;,&quot;title&quot;:&quot;&quot;,&quot;orientation&quot;:&quot;0&quot;}\" data-image-title=\"onfireanima\" data-image-description=\"\" data-medium-file=\"https:\/\/quimidex.ufsc.br\/wp-content\/uploads\/2020\/11\/onfireanima-300x300.gif\" data-large-file=\"https:\/\/quimidex.ufsc.br\/wp-content\/uploads\/2020\/11\/onfireanima.gif\" loading=\"lazy\" width=\"500\" height=\"500\" src=\"http:\/\/quimidex.ufsc.br\/wp-content\/uploads\/2020\/11\/onfireanima.gif\" alt=\"Ilustra\u00e7\u00e3o da oficina do fogo: um acampamento com barraca e fogueira, no meio de uma floresta, com a lua, \u00e1rvores e montanhas ao fundo.\" class=\"wp-image-7452\"\/><\/figure>\n<\/div>\n\n\n\n<div class=\"wp-block-column bordinhalaranja\" style=\"flex-basis:50%\">\n<h2 class=\"has-text-align-center has-text-color\" style=\"color:#e85831\">Descri\u00e7\u00e3o<\/h2>\n\n\n\n<p>Seria poss\u00edvel vivermos nos dias atuais sem a presen\u00e7a do fogo? Muitos diriam que sim, visto a aus\u00eancia do fogo em muitos momentos em nosso dia a dia. Enquanto alguns podem dizer que o fogo \u00e9 essencial para o preparo dos alimentos ou na queima de combust\u00edveis pelos ve\u00edculos, outros podem refutar citando materiais el\u00e9tricos como panelas e fornos, al\u00e9m de ve\u00edculos com motores el\u00e9tricos. Por\u00e9m, \u00e9 quase imposs\u00edvel imaginar como seriam nossas vidas hoje se n\u00e3o fosse o homem dominar o fogo, ainda no tempo das cavernas. Com o objetivo de promover o conhecimento sobre a qu\u00edmica atrav\u00e9s do tema Fogo, o Quimidex mergulhar\u00e1 nos prim\u00f3rdios da hist\u00f3ria da humanidade, destacando como a rea\u00e7\u00e3o qu\u00edmica de combust\u00e3o mudou o curso da evolu\u00e7\u00e3o social e ambiental do ser humano, at\u00e9 as tecnologias atuais que fazem o uso dos conhecimentos qu\u00edmicos relacionados a esse fen\u00f4meno.&nbsp;<\/p>\n\n\n\n<p>Por fim, o Quimidex busca mais uma vez promover a divulga\u00e7\u00e3o cient\u00edfica em qu\u00edmica atrav\u00e9s daquilo que nos rodeia. Dessa vez vamos falar sobre o fogo e suas contribui\u00e7\u00f5es para o desenvolvimento social e tecnol\u00f3gico do homem. Sendo essa a ess\u00eancia do Quimidex, levaremos aos nossos visitantes conhecimento qu\u00edmico, matem\u00e1tico, hist\u00f3rico e social, tudo isso de forma divertida e interativa. Vamos aprender qu\u00edmica? Agora \u00e9 Quimidex <em>on fire<\/em>!<\/p>\n<\/div>\n\n\n\n<div class=\"wp-block-column\" style=\"flex-basis:25%\">\n<h2 class=\"has-text-color\" style=\"color:#e85831\">Informa\u00e7\u00f5es<\/h2>\n\n\n\n<p class=\"has-text-align-left\"><strong>Conte\u00fados abordados: <\/strong>rea\u00e7\u00e3o de combust\u00e3o, termoqu\u00edmica, estrutura at\u00f4mica, energia cin\u00e9tica<\/p>\n\n\n\n<p class=\"has-text-align-left\"><strong>P\u00fablico-alvo:<\/strong> maiores de 18 anos<\/p>\n\n\n\n<p class=\"has-text-align-left\"><strong>Dura\u00e7\u00e3o: <\/strong>2 horas<\/p>\n\n\n\n<p><strong>Capacidade:<\/strong> at\u00e9 20 pessoas<\/p>\n\n\n\n<div class=\"wp-block-buttons\">\n<div class=\"wp-block-button botaolaranja\"><a class=\"wp-block-button__link\" href=\"http:\/\/quimidex.ufsc.br\/index.php\/agenda\/\">Agendar<\/a><\/div>\n<\/div>\n<\/div>\n<\/div>\n\n\n\n<h2 class=\"has-text-align-center has-text-color\" style=\"color:#e85831\">Galeria<\/h2>\n\n\n\n<p class=\"has-text-align-center\">N\u00e3o temos fotos ainda :\/<\/p>\n\n\n\n<div style=\"height:20px\" aria-hidden=\"true\" class=\"wp-block-spacer\"><\/div>\n\n\n\n<h2 class=\"has-text-align-center has-text-color\" style=\"color:#e85831\">Materiais de apoio<\/h2>\n\n\n\n<p class=\"has-text-align-center\">Em breve.<\/p>\n","protected":false},"excerpt":{"rendered":"<p>Quimidex on fire! Descri\u00e7\u00e3o Seria poss\u00edvel vivermos nos dias atuais sem a presen\u00e7a do fogo? Muitos diriam que sim, visto a aus\u00eancia do fogo em muitos momentos em nosso dia a dia. Enquanto alguns podem dizer que o fogo \u00e9 essencial para o preparo dos alimentos ou na queima de combust\u00edveis pelos ve\u00edculos, outros podem [&hellip;]<\/p>\n","protected":false},"author":1,"featured_media":0,"parent":30,"menu_order":0,"comment_status":"closed","ping_status":"closed","template":"","meta":{"spay_email":""},"featured_image_src":null,"featured_image_src_square":null,"uagb_featured_image_src":{"full":false,"thumbnail":false,"medium":false,"medium_large":false,"large":false,"1536x1536":false,"2048x2048":false,"ab-block-post-grid-landscape":false,"ab-block-post-grid-square":false},"uagb_author_info":{"display_name":"admin","author_link":"https:\/\/quimidex.ufsc.br\/index.php\/author\/admin\/"},"uagb_comment_info":0,"uagb_excerpt":"Quimidex on fire! Descri\u00e7\u00e3o Seria poss\u00edvel vivermos nos dias atuais sem a presen\u00e7a do fogo? Muitos diriam que sim, visto a aus\u00eancia do fogo em muitos momentos em nosso dia a dia. Enquanto alguns podem dizer que o fogo \u00e9 essencial para o preparo dos alimentos ou na queima de combust\u00edveis pelos ve\u00edculos, outros podem&hellip;","_links":{"self":[{"href":"https:\/\/quimidex.ufsc.br\/index.php\/wp-json\/wp\/v2\/pages\/2281"}],"collection":[{"href":"https:\/\/quimidex.ufsc.br\/index.php\/wp-json\/wp\/v2\/pages"}],"about":[{"href":"https:\/\/quimidex.ufsc.br\/index.php\/wp-json\/wp\/v2\/types\/page"}],"author":[{"embeddable":true,"href":"https:\/\/quimidex.ufsc.br\/index.php\/wp-json\/wp\/v2\/users\/1"}],"replies":[{"embeddable":true,"href":"https:\/\/quimidex.ufsc.br\/index.php\/wp-json\/wp\/v2\/comments?post=2281"}],"version-history":[{"count":5,"href":"https:\/\/quimidex.ufsc.br\/index.php\/wp-json\/wp\/v2\/pages\/2281\/revisions"}],"predecessor-version":[{"id":7845,"href":"https:\/\/quimidex.ufsc.br\/index.php\/wp-json\/wp\/v2\/pages\/2281\/revisions\/7845"}],"up":[{"embeddable":true,"href":"https:\/\/quimidex.ufsc.br\/index.php\/wp-json\/wp\/v2\/pages\/30"}],"wp:attachment":[{"href":"https:\/\/quimidex.ufsc.br\/index.php\/wp-json\/wp\/v2\/media?parent=2281"}],"curies":[{"name":"wp","href":"https:\/\/api.w.org\/{rel}","templated":true}]}}