{"id":29,"date":"2019-05-02T21:54:03","date_gmt":"2019-05-02T21:54:03","guid":{"rendered":"http:\/\/localhost\/wordpress\/?page_id=29"},"modified":"2023-08-09T17:07:19","modified_gmt":"2023-08-09T20:07:19","slug":"ambiente-tematico-qv","status":"publish","type":"page","link":"https:\/\/quimidex.ufsc.br\/index.php\/ambiente-tematico-qv\/","title":{"rendered":"Ambiente Tem\u00e1tico QV"},"content":{"rendered":"\n<div style=\"color:#ddd\" class=\"wp-block-genesis-blocks-gb-spacer gb-block-spacer gb-divider-solid gb-divider-size-1\"><hr style=\"height:30px\"\/><\/div>\n\n\n\n<figure class=\"wp-block-image aligncenter\"><img data-attachment-id=\"3207\" data-permalink=\"https:\/\/quimidex.ufsc.br\/index.php\/ambiente-tematico-qv\/banner-de-entrada-1\/\" data-orig-file=\"https:\/\/quimidex.ufsc.br\/wp-content\/uploads\/2020\/05\/Banner-de-entrada-1.jpg\" data-orig-size=\"1702,463\" data-comments-opened=\"1\" data-image-meta=\"{&quot;aperture&quot;:&quot;0&quot;,&quot;credit&quot;:&quot;&quot;,&quot;camera&quot;:&quot;&quot;,&quot;caption&quot;:&quot;&quot;,&quot;created_timestamp&quot;:&quot;0&quot;,&quot;copyright&quot;:&quot;&quot;,&quot;focal_length&quot;:&quot;0&quot;,&quot;iso&quot;:&quot;0&quot;,&quot;shutter_speed&quot;:&quot;0&quot;,&quot;title&quot;:&quot;&quot;,&quot;orientation&quot;:&quot;0&quot;}\" data-image-title=\"Banner-de-entrada (1)\" data-image-description=\"\" data-medium-file=\"https:\/\/quimidex.ufsc.br\/wp-content\/uploads\/2020\/05\/Banner-de-entrada-1-300x82.jpg\" data-large-file=\"https:\/\/quimidex.ufsc.br\/wp-content\/uploads\/2020\/05\/Banner-de-entrada-1-1024x279.jpg\" loading=\"lazy\" width=\"1024\" height=\"279\" src=\"http:\/\/quimidex.ufsc.br\/wp-content\/uploads\/2020\/05\/Banner-de-entrada-1-1024x279.jpg\" alt=\"\" class=\"wp-image-3207\" srcset=\"https:\/\/quimidex.ufsc.br\/wp-content\/uploads\/2020\/05\/Banner-de-entrada-1-1024x279.jpg 1024w, https:\/\/quimidex.ufsc.br\/wp-content\/uploads\/2020\/05\/Banner-de-entrada-1-300x82.jpg 300w, https:\/\/quimidex.ufsc.br\/wp-content\/uploads\/2020\/05\/Banner-de-entrada-1-768x209.jpg 768w, https:\/\/quimidex.ufsc.br\/wp-content\/uploads\/2020\/05\/Banner-de-entrada-1.jpg 1702w\" sizes=\"(max-width: 1024px) 100vw, 1024px\" \/><\/figure>\n\n\n\n<div style=\"color:#ddd\" class=\"wp-block-genesis-blocks-gb-spacer gb-block-spacer gb-divider-solid gb-divider-size-1\"><hr style=\"height:30px\"\/><\/div>\n\n\n\n<div style=\"height:20px\" aria-hidden=\"true\" class=\"wp-block-spacer\"><\/div>\n\n\n\n<p class=\"has-medium-font-size\">Esse Ambiente Tem\u00e1tico Virtual sobre Qu\u00edmica Verde (ATV-QV) foi criado para possibilitar um melhor entendimento dos problemas ambientais, como os que derivam de processos e produtos qu\u00edmicos. Com ele apresentamos a chamada Qu\u00edmica Verde (QV), oferecendo uma ferramenta para auxiliar na constru\u00e7\u00e3o de&nbsp;simula\u00e7\u00f5es de s\u00ednteses qu\u00edmicas, para voc\u00ea escolher rotas mais seguras e\/ou ambientalmente mais limpas.<\/p>\n\n\n\n<p class=\"has-medium-font-size\">Toda pr\u00e1tica qu\u00edmica cont\u00e9m algum risco, ao ser humano e ao ambiente em seus&nbsp;processos e v\u00e1rios de seus produtos. E a&nbsp;QV,&nbsp;um campo de investiga\u00e7\u00e3o e de aplica\u00e7\u00e3o cient\u00edfico-t\u00e9cnica busca oferecer alternativas mais seguras e cuidados com o ambiente. A QV se fundamenta em&nbsp;12 princ\u00edpios&nbsp;(Anastas e Warner, 1998). <\/p>\n\n\n\n<p class=\"has-medium-font-size\">O ATV-QV e suas ferramentas s\u00e3o uma&nbsp;oportunidade para que voc\u00ea (professor, aluno e p\u00fablico em geral) realize as&nbsp;simula\u00e7\u00f5es&nbsp;sugeridas, testando subst\u00e2ncias, condi\u00e7\u00f5es de rea\u00e7\u00e3o mais ou menos verdes e qual \u00e9 a (ambientalmente) melhor rota de s\u00edntese. O resultado de suas escolhas, nas condi\u00e7\u00f5es de s\u00edntese, produzir\u00e1 uma representa\u00e7\u00e3o gr\u00e1fica denominada Estrela Verde, cujo preenchimento e&nbsp;cores&nbsp;indicar\u00e1 o grau de \u201cverdura qu\u00edmica\u201d.<\/p>\n\n\n\n<p class=\"has-medium-font-size\">Nesse ATV voc\u00ea encontrar\u00e1 informa\u00e7\u00f5es \u00fateis, roteiros de s\u00ednteses e de um  tutorial inicial que ajudar\u00e1 voc\u00ea entender os procedimentos e os resultados obtidos.<\/p>\n\n\n\n<div style=\"height:41px\" aria-hidden=\"true\" class=\"wp-block-spacer\"><\/div>\n\n\n<p class=\"fonts-plugin-block\" style=\"font-family: Roboto Slab;font-weight: 600;font-size: 20px;text-align: center;color: #000000;\">Desde j\u00e1, obrigado por visitar o Quimidex e fa\u00e7a bom uso do ATV-QV!<\/p>\n\n\n<!-- Image Map Generated by http:\/\/www.image-map.net\/ -->\n<img src=\"http:\/\/quimidex.ufsc.br\/wp-content\/uploads\/2020\/12\/Pagina-inicial-icones-2.png\" usemap=\"#image-map\">\n\n<map name=\"image-map\">\n    <area target=\"\" alt=\"Sobre a Qu\u00edmica Verde\" title=\"Sobre a Qu\u00edmica Verde\" href=\"http:\/\/quimidex.ufsc.br\/index.php\/ambiente-tematico-qv\/sobre-quimica-verde\/\" coords=\"542,239,51\" shape=\"circle\">\n    <area target=\"\" alt=\"Sobre a Qu\u00edmica Verde\" title=\"Sobre a Qu\u00edmica Verde\" href=\"http:\/\/quimidex.ufsc.br\/index.php\/ambiente-tematico-qv\/sobre-quimica-verde\/\" coords=\"630,115,452,55\" shape=\"rect\">\n    <area target=\"\" alt=\"Princ\u00edpios da Qu\u00edmica Verde\" title=\"Princ\u00edpios da Qu\u00edmica Verde\" href=\"http:\/\/quimidex.ufsc.br\/index.php\/ambiente-tematico-qv\/principios-da-quimica-verde\/\" coords=\"674,290,51\" shape=\"circle\">\n    <area target=\"\" alt=\"Princ\u00edpios da Qu\u00edmica Verde\" title=\"Princ\u00edpios da Qu\u00edmica Verde\" href=\"http:\/\/quimidex.ufsc.br\/index.php\/ambiente-tematico-qv\/principios-da-quimica-verde\/\" coords=\"765,150,937,218\" shape=\"rect\">\n    <area target=\"\" alt=\"GHS e MSDS\" title=\"GHS e MSDS\" href=\"http:\/\/quimidex.ufsc.br\/index.php\/ambiente-tematico-qv\/ghs-e-mds\/\" coords=\"724,418,51\" shape=\"circle\">\n    <area target=\"\" alt=\"GHS e MSDS\" title=\"GHS e MSDS\" href=\"http:\/\/quimidex.ufsc.br\/index.php\/ambiente-tematico-qv\/ghs-e-mds\/\" coords=\"858,392,1000,433\" shape=\"rect\">\n<area target=\"\" alt=\"Portal Educa\" title=\"Portal Educa\" href=\"http:\/\/educa.fc.up.pt\/\" coords=\"674,545,51\" shape=\"circle\">\n    <area target=\"\" alt=\"Portal Educa\" title=\"Portal Educa\" href=\"http:\/\/educa.fc.up.pt\/\" coords=\"683,639,1014,716\" shape=\"rect\">\n    <area target=\"\" alt=\"Pedagogia da Qu\u00edmica Verde\" title=\"Pedagogia da Qu\u00edmica Verde\" href=\"http:\/\/quimidex.ufsc.br\/index.php\/ambiente-tematico-qv\/pedagogia-da-quimica\/\" coords=\"543,599,51\" shape=\"circle\">\n    <area target=\"\" alt=\"Pedagogia da Qu\u00edmica Verde\" title=\"Pedagogia da Qu\u00edmica Verde\" href=\"http:\/\/quimidex.ufsc.br\/index.php\/ambiente-tematico-qv\/pedagogia-da-quimica\/\" coords=\"461,727,635,790\" shape=\"rect\">\n    <area target=\"\" alt=\"Formulario\" title=\"Formulario\" href=\"https:\/\/forms.gle\/zbgYJK4uftronRJj6\/\" coords=\"408,545,51\" shape=\"circle\">\n    <area target=\"\" alt=\"Formulario\" title=\"Formulario\" href=\"https:\/\/forms.gle\/zbgYJK4uftronRJj6\/\" coords=\"205,639,340,669\" shape=\"rect\">\n    <area target=\"\" alt=\"Sobre a Estrela Verde\" title=\"Sobre a Estrela Verde\" href=\"http:\/\/quimidex.ufsc.br\/index.php\/ambiente-tematico-qv\/estrela-verde\/\" coords=\"358,417,51\" shape=\"circle\">\n    <area target=\"\" alt=\"Sobre a Estrela Verde\" title=\"Sobre a Estrela Verde\" href=\"http:\/\/quimidex.ufsc.br\/index.php\/ambiente-tematico-qv\/estrela-verde\/\" coords=\"80,386,233,454\" shape=\"rect\">\n    <area target=\"\" alt=\"Tutorial da Simula\u00e7\u00e3o\" title=\"Tutorial da Simula\u00e7\u00e3o\" href=\"http:\/\/quimidex.ufsc.br\/index.php\/ambiente-tematico-qv\/tutorial-simulacao\/\" coords=\"408,290,51\" shape=\"circle\">\n    <area target=\"\" alt=\"Tutorial da Simula\u00e7\u00e3o\" title=\"Tutorial da Simula\u00e7\u00e3o\" href=\"http:\/\/quimidex.ufsc.br\/index.php\/ambiente-tematico-qv\/tutorial-simulacao\/\" coords=\"182,148,320,215\" shape=\"rect\">\n    <area target=\"\" alt=\"Fa\u00e7a Aqui sua Simula\u00e7\u00e3o\" title=\"Fa\u00e7a Aqui sua Simula\u00e7\u00e3o\" href=\"http:\/\/quimidex.ufsc.br\/index.php\/ambiente-tematico-qv\/construindo-a-estrela-verde\/\" coords=\"542,416,161\" shape=\"circle\">\n<\/map>\n\n\n\n<div style=\"height:35px\" aria-hidden=\"true\" class=\"wp-block-spacer\"><\/div>\n\n\n<p class=\"fonts-plugin-block\" style=\"font-family: Roboto Slab;font-weight: 700;font-size: 16px;line-height: 1;text-align: left;color: #000000;\">Cr\u00e9ditos<\/p>\n\n<p class=\"fonts-plugin-block\" style=\"font-family: Roboto;font-weight: normal;font-size: 13px;text-align: left;color: #000000;\"><strong><em>Coordena\u00e7\u00e3o:<\/em><\/strong>\u00a0Patricia Link R\u00fcntzel e Carlos Alberto Marques<br><strong><em>Realiza\u00e7\u00e3o:<\/em><\/strong>\u00a0Patricia Link R\u00fcntzel; Carlos Alberto Marques e Santiago Francisco Yunes<br><strong><em>Edi\u00e7\u00e3o de arte:<\/em><\/strong>\u00a0Patricia Link R\u00fcntzel e Thor Christiansen Alves Sampaio de S\u00e1 Freire<br><strong><em>Programa\u00e7\u00e3o:<\/em><\/strong>\u00a0Gustavo Borges; Thor Christiansen Alves Sampaio de S\u00e1 Freire e Renata Cristina Gon\u00e7alves\u00a0<br><strong><em>Edi\u00e7\u00e3o de conte\u00fado:<\/em><\/strong>\u00a0Patricia Link R\u00fcntzel<\/p>\n\n\n<div style=\"height:30px\" aria-hidden=\"true\" class=\"wp-block-spacer\"><\/div>\n\n\n<p class=\"fonts-plugin-block\" style=\"font-family: Roboto Slab;font-weight: 700;font-size: 16px;color: #000000;\">Apoio:<\/p>\n\n\n<div style=\"height:20px\" aria-hidden=\"true\" class=\"wp-block-spacer\"><\/div>\n\n\n\n<div class=\"wp-block-columns\">\n<div class=\"wp-block-column\">\n<figure class=\"wp-block-image aligncenter size-medium is-resized\"><img data-attachment-id=\"8409\" data-permalink=\"https:\/\/quimidex.ufsc.br\/index.php\/ambiente-tematico-qv\/fapesc_logo-1\/\" data-orig-file=\"https:\/\/quimidex.ufsc.br\/wp-content\/uploads\/2022\/02\/fapesc_logo-1.png\" data-orig-size=\"333,329\" data-comments-opened=\"1\" data-image-meta=\"{&quot;aperture&quot;:&quot;0&quot;,&quot;credit&quot;:&quot;&quot;,&quot;camera&quot;:&quot;&quot;,&quot;caption&quot;:&quot;&quot;,&quot;created_timestamp&quot;:&quot;0&quot;,&quot;copyright&quot;:&quot;&quot;,&quot;focal_length&quot;:&quot;0&quot;,&quot;iso&quot;:&quot;0&quot;,&quot;shutter_speed&quot;:&quot;0&quot;,&quot;title&quot;:&quot;&quot;,&quot;orientation&quot;:&quot;0&quot;}\" data-image-title=\"fapesc_logo-1\" data-image-description=\"\" data-medium-file=\"https:\/\/quimidex.ufsc.br\/wp-content\/uploads\/2022\/02\/fapesc_logo-1-300x296.png\" data-large-file=\"https:\/\/quimidex.ufsc.br\/wp-content\/uploads\/2022\/02\/fapesc_logo-1.png\" loading=\"lazy\" src=\"http:\/\/quimidex.ufsc.br\/wp-content\/uploads\/2022\/02\/fapesc_logo-1-300x296.png\" alt=\"\" class=\"wp-image-8409\" style=\"width:225px;height:222px\" width=\"225\" height=\"222\" srcset=\"https:\/\/quimidex.ufsc.br\/wp-content\/uploads\/2022\/02\/fapesc_logo-1-300x296.png 300w, https:\/\/quimidex.ufsc.br\/wp-content\/uploads\/2022\/02\/fapesc_logo-1.png 333w\" sizes=\"(max-width: 225px) 100vw, 225px\" \/><\/figure>\n<\/div>\n\n\n\n<div class=\"wp-block-column\">\n<figure class=\"wp-block-image aligncenter size-full\"><img data-attachment-id=\"8407\" data-permalink=\"https:\/\/quimidex.ufsc.br\/index.php\/ambiente-tematico-qv\/capes_logo\/\" data-orig-file=\"https:\/\/quimidex.ufsc.br\/wp-content\/uploads\/2022\/02\/capes_logo.png\" data-orig-size=\"207,159\" data-comments-opened=\"1\" data-image-meta=\"{&quot;aperture&quot;:&quot;0&quot;,&quot;credit&quot;:&quot;&quot;,&quot;camera&quot;:&quot;&quot;,&quot;caption&quot;:&quot;&quot;,&quot;created_timestamp&quot;:&quot;0&quot;,&quot;copyright&quot;:&quot;&quot;,&quot;focal_length&quot;:&quot;0&quot;,&quot;iso&quot;:&quot;0&quot;,&quot;shutter_speed&quot;:&quot;0&quot;,&quot;title&quot;:&quot;&quot;,&quot;orientation&quot;:&quot;0&quot;}\" data-image-title=\"capes_logo\" data-image-description=\"\" data-medium-file=\"https:\/\/quimidex.ufsc.br\/wp-content\/uploads\/2022\/02\/capes_logo.png\" data-large-file=\"https:\/\/quimidex.ufsc.br\/wp-content\/uploads\/2022\/02\/capes_logo.png\" loading=\"lazy\" width=\"207\" height=\"159\" src=\"http:\/\/quimidex.ufsc.br\/wp-content\/uploads\/2022\/02\/capes_logo.png\" alt=\"\" class=\"wp-image-8407\"\/><\/figure>\n<\/div>\n\n\n\n<div class=\"wp-block-column\">\n<figure class=\"wp-block-image aligncenter size-large is-resized\"><img data-attachment-id=\"8410\" data-permalink=\"https:\/\/quimidex.ufsc.br\/index.php\/ambiente-tematico-qv\/cnpq_v2017_rgb\/\" data-orig-file=\"https:\/\/quimidex.ufsc.br\/wp-content\/uploads\/2022\/02\/CNPq_v2017_rgb.png\" data-orig-size=\"2306,710\" data-comments-opened=\"1\" data-image-meta=\"{&quot;aperture&quot;:&quot;0&quot;,&quot;credit&quot;:&quot;&quot;,&quot;camera&quot;:&quot;&quot;,&quot;caption&quot;:&quot;&quot;,&quot;created_timestamp&quot;:&quot;0&quot;,&quot;copyright&quot;:&quot;&quot;,&quot;focal_length&quot;:&quot;0&quot;,&quot;iso&quot;:&quot;0&quot;,&quot;shutter_speed&quot;:&quot;0&quot;,&quot;title&quot;:&quot;&quot;,&quot;orientation&quot;:&quot;0&quot;}\" data-image-title=\"CNPq_v2017_rgb\" data-image-description=\"\" data-medium-file=\"https:\/\/quimidex.ufsc.br\/wp-content\/uploads\/2022\/02\/CNPq_v2017_rgb-300x92.png\" data-large-file=\"https:\/\/quimidex.ufsc.br\/wp-content\/uploads\/2022\/02\/CNPq_v2017_rgb-1024x315.png\" loading=\"lazy\" src=\"http:\/\/quimidex.ufsc.br\/wp-content\/uploads\/2022\/02\/CNPq_v2017_rgb-1024x315.png\" alt=\"\" class=\"wp-image-8410\" style=\"width:256px;height:79px\" width=\"256\" height=\"79\" srcset=\"https:\/\/quimidex.ufsc.br\/wp-content\/uploads\/2022\/02\/CNPq_v2017_rgb-1024x315.png 1024w, https:\/\/quimidex.ufsc.br\/wp-content\/uploads\/2022\/02\/CNPq_v2017_rgb-300x92.png 300w, https:\/\/quimidex.ufsc.br\/wp-content\/uploads\/2022\/02\/CNPq_v2017_rgb-768x236.png 768w, https:\/\/quimidex.ufsc.br\/wp-content\/uploads\/2022\/02\/CNPq_v2017_rgb-1536x473.png 1536w, https:\/\/quimidex.ufsc.br\/wp-content\/uploads\/2022\/02\/CNPq_v2017_rgb-2048x631.png 2048w\" sizes=\"(max-width: 256px) 100vw, 256px\" \/><\/figure>\n\n\n\n<p class=\"has-text-align-center has-text-color\" style=\"color:#444444\"><strong>Programa Ci\u00eancia na Escola: o Ensino de Ci\u00eancias na Educa\u00e7\u00e3o B\u00e1sica &#8211; Projeto<\/strong> <strong>QUIMIDEX na escola<\/strong><\/p>\n<\/div>\n<\/div>\n\n\n\n<p>\u200b<\/p>\n","protected":false},"excerpt":{"rendered":"<p>Esse Ambiente Tem\u00e1tico Virtual sobre Qu\u00edmica Verde (ATV-QV) foi criado para possibilitar um melhor entendimento dos problemas ambientais, como os que derivam de processos e produtos qu\u00edmicos. Com ele apresentamos a chamada Qu\u00edmica Verde (QV), oferecendo uma ferramenta para auxiliar na constru\u00e7\u00e3o de&nbsp;simula\u00e7\u00f5es de s\u00ednteses qu\u00edmicas, para voc\u00ea escolher rotas mais seguras e\/ou ambientalmente mais [&hellip;]<\/p>\n","protected":false},"author":1,"featured_media":0,"parent":0,"menu_order":0,"comment_status":"closed","ping_status":"closed","template":"","meta":{"spay_email":""},"featured_image_src":null,"featured_image_src_square":null,"uagb_featured_image_src":{"full":false,"thumbnail":false,"medium":false,"medium_large":false,"large":false,"1536x1536":false,"2048x2048":false,"ab-block-post-grid-landscape":false,"ab-block-post-grid-square":false},"uagb_author_info":{"display_name":"admin","author_link":"https:\/\/quimidex.ufsc.br\/index.php\/author\/admin\/"},"uagb_comment_info":0,"uagb_excerpt":"Esse Ambiente Tem\u00e1tico Virtual sobre Qu\u00edmica Verde (ATV-QV) foi criado para possibilitar um melhor entendimento dos problemas ambientais, como os que derivam de processos e produtos qu\u00edmicos. Com ele apresentamos a chamada Qu\u00edmica Verde (QV), oferecendo uma ferramenta para auxiliar na constru\u00e7\u00e3o de&nbsp;simula\u00e7\u00f5es de s\u00ednteses qu\u00edmicas, para voc\u00ea escolher rotas mais seguras e\/ou ambientalmente mais&hellip;","_links":{"self":[{"href":"https:\/\/quimidex.ufsc.br\/index.php\/wp-json\/wp\/v2\/pages\/29"}],"collection":[{"href":"https:\/\/quimidex.ufsc.br\/index.php\/wp-json\/wp\/v2\/pages"}],"about":[{"href":"https:\/\/quimidex.ufsc.br\/index.php\/wp-json\/wp\/v2\/types\/page"}],"author":[{"embeddable":true,"href":"https:\/\/quimidex.ufsc.br\/index.php\/wp-json\/wp\/v2\/users\/1"}],"replies":[{"embeddable":true,"href":"https:\/\/quimidex.ufsc.br\/index.php\/wp-json\/wp\/v2\/comments?post=29"}],"version-history":[{"count":39,"href":"https:\/\/quimidex.ufsc.br\/index.php\/wp-json\/wp\/v2\/pages\/29\/revisions"}],"predecessor-version":[{"id":8559,"href":"https:\/\/quimidex.ufsc.br\/index.php\/wp-json\/wp\/v2\/pages\/29\/revisions\/8559"}],"wp:attachment":[{"href":"https:\/\/quimidex.ufsc.br\/index.php\/wp-json\/wp\/v2\/media?parent=29"}],"curies":[{"name":"wp","href":"https:\/\/api.w.org\/{rel}","templated":true}]}}