{"id":311,"date":"2019-05-07T22:45:28","date_gmt":"2019-05-07T22:45:28","guid":{"rendered":"http:\/\/localhost\/wordpress\/?page_id=311"},"modified":"2020-12-26T14:33:10","modified_gmt":"2020-12-26T14:33:10","slug":"oficina-das-cores","status":"publish","type":"page","link":"https:\/\/quimidex.ufsc.br\/index.php\/oficinas-tematicas\/oficina-das-cores\/","title":{"rendered":"As cores e a qu\u00edmica"},"content":{"rendered":"\n<h1 class=\"has-text-align-center title has-text-color\" style=\"color:#444444\"><strong>A qu\u00edmica das cores <\/strong><\/h1>\n\n\n\n<div data-carousel-extra='{\"blog_id\":1,\"permalink\":\"https:\\\/\\\/quimidex.ufsc.br\\\/index.php\\\/oficinas-tematicas\\\/oficina-das-cores\\\/\"}' style=\"height:20px\" aria-hidden=\"true\" class=\"wp-block-spacer\"><\/div>\n\n\n\n<div data-carousel-extra='{\"blog_id\":1,\"permalink\":\"https:\\\/\\\/quimidex.ufsc.br\\\/index.php\\\/oficinas-tematicas\\\/oficina-das-cores\\\/\"}' class=\"wp-block-columns\">\n<div data-carousel-extra='{\"blog_id\":1,\"permalink\":\"https:\\\/\\\/quimidex.ufsc.br\\\/index.php\\\/oficinas-tematicas\\\/oficina-das-cores\\\/\"}' class=\"wp-block-column\" style=\"flex-basis:25%\">\n<figure class=\"wp-block-image size-large trirosa\"><img data-attachment-id=\"7455\" data-permalink=\"https:\/\/quimidex.ufsc.br\/tintanima\/\" data-orig-file=\"https:\/\/quimidex.ufsc.br\/wp-content\/uploads\/2020\/11\/tintanima.gif\" data-orig-size=\"500,500\" data-comments-opened=\"1\" data-image-meta=\"{&quot;aperture&quot;:&quot;0&quot;,&quot;credit&quot;:&quot;&quot;,&quot;camera&quot;:&quot;&quot;,&quot;caption&quot;:&quot;&quot;,&quot;created_timestamp&quot;:&quot;0&quot;,&quot;copyright&quot;:&quot;&quot;,&quot;focal_length&quot;:&quot;0&quot;,&quot;iso&quot;:&quot;0&quot;,&quot;shutter_speed&quot;:&quot;0&quot;,&quot;title&quot;:&quot;&quot;,&quot;orientation&quot;:&quot;0&quot;}\" data-image-title=\"tintanima\" data-image-description=\"\" data-medium-file=\"https:\/\/quimidex.ufsc.br\/wp-content\/uploads\/2020\/11\/tintanima-300x300.gif\" data-large-file=\"https:\/\/quimidex.ufsc.br\/wp-content\/uploads\/2020\/11\/tintanima.gif\" loading=\"lazy\" width=\"500\" height=\"500\" src=\"http:\/\/quimidex.ufsc.br\/wp-content\/uploads\/2020\/11\/tintanima.gif\" alt=\"Ilustra\u00e7\u00e3o da oficina de cores: desenhos est\u00e3o pendurados em um varal: h\u00e1 uma paisagem montanhosa, um dinossauro, uma casa, um gato e uma \u00e1rvore.\" class=\"wp-image-7455\"\/><\/figure>\n<\/div>\n\n\n\n<div data-carousel-extra='{\"blog_id\":1,\"permalink\":\"https:\\\/\\\/quimidex.ufsc.br\\\/index.php\\\/oficinas-tematicas\\\/oficina-das-cores\\\/\"}' class=\"wp-block-column bordinharosa\" style=\"flex-basis:50%\">\n<h2 class=\"has-text-align-center has-text-color\" style=\"color:#ff64ae\">Descri\u00e7\u00e3o<\/h2>\n\n\n\n<p>Atrav\u00e9s de experimentos l\u00fadicos, que envolvem a produ\u00e7\u00e3o de diversas cores e tipos de tinta, incentivar o interesse pela qu\u00edmica. Os alunos podem desenhar e pintar com as tintas produzidas.<\/p>\n\n\n\n<p>A oficina das cores conta com experimentos que exemplificam, demonstram, simulam e associam a fatos do nosso cotidiano. Nosso grupo adaptou a oficina e substituiu reagentes qu\u00edmicos de tal modo a possibilitar sua manipula\u00e7\u00e3o por diferentes p\u00fablicos, inclusive por alunos com pouca ou nenhuma viv\u00eancia com materiais de laborat\u00f3rio, sempre sob a supervis\u00e3o direta dos integrantes de nosso grupo.<\/p>\n<\/div>\n\n\n\n<div data-carousel-extra='{\"blog_id\":1,\"permalink\":\"https:\\\/\\\/quimidex.ufsc.br\\\/index.php\\\/oficinas-tematicas\\\/oficina-das-cores\\\/\"}' class=\"wp-block-column\" style=\"flex-basis:25%\">\n<h2 class=\"has-text-color\" style=\"color:#ff64ae\">Informa\u00e7\u00f5es<\/h2>\n\n\n\n<p><strong>Conte\u00fados abordados: <\/strong>mat\u00e9ria, mol\u00e9culas e \u00e1tomos; concentra\u00e7\u00e3o e dilui\u00e7\u00e3o de solu\u00e7\u00f5es; \u00e1cido\/base; m\u00e9todos de separa\u00e7\u00e3o\/extra\u00e7\u00e3o<\/p>\n\n\n\n<p><strong>P\u00fablico-alvo:<\/strong>&nbsp;crian\u00e7as at\u00e9 12 anos<\/p>\n\n\n\n<p><strong>Dura\u00e7\u00e3o:&nbsp;<\/strong>2 horas<\/p>\n\n\n\n<p><strong>Capacidade:&nbsp;<\/strong>at\u00e9 20 pessoas<\/p>\n\n\n\n<div data-carousel-extra='{\"blog_id\":1,\"permalink\":\"https:\\\/\\\/quimidex.ufsc.br\\\/index.php\\\/oficinas-tematicas\\\/oficina-das-cores\\\/\"}' class=\"wp-block-buttons\">\n<div data-carousel-extra='{\"blog_id\":1,\"permalink\":\"https:\\\/\\\/quimidex.ufsc.br\\\/index.php\\\/oficinas-tematicas\\\/oficina-das-cores\\\/\"}' class=\"wp-block-button botaorosa\"><a class=\"wp-block-button__link\" href=\"http:\/\/quimidex.ufsc.br\/index.php\/agenda\/\">Agendar<\/a><\/div>\n<\/div>\n<\/div>\n<\/div>\n\n\n\n<h2 class=\"has-text-align-center has-text-color\" style=\"color:#ff64ae\">Galeria<\/h2>\n\n\n\n<div data-carousel-extra='{\"blog_id\":1,\"permalink\":\"https:\\\/\\\/quimidex.ufsc.br\\\/index.php\\\/oficinas-tematicas\\\/oficina-das-cores\\\/\"}' class=\"wp-block-jetpack-tiled-gallery aligncenter is-style-columns\"><div data-carousel-extra='{\"blog_id\":1,\"permalink\":\"https:\\\/\\\/quimidex.ufsc.br\\\/index.php\\\/oficinas-tematicas\\\/oficina-das-cores\\\/\"}' class=\"tiled-gallery__gallery\"><div data-carousel-extra='{\"blog_id\":1,\"permalink\":\"https:\\\/\\\/quimidex.ufsc.br\\\/index.php\\\/oficinas-tematicas\\\/oficina-das-cores\\\/\"}' class=\"tiled-gallery__row\"><div data-carousel-extra='{\"blog_id\":1,\"permalink\":\"https:\\\/\\\/quimidex.ufsc.br\\\/index.php\\\/oficinas-tematicas\\\/oficina-das-cores\\\/\"}' class=\"tiled-gallery__col\" style=\"flex-basis:54.159154868584444%\"><figure class=\"tiled-gallery__item\"><img data-attachment-id=\"337\" data-permalink=\"https:\/\/quimidex.ufsc.br\/index.php\/oficinas-tematicas\/oficina-do-tingimento\/20160919_111920\/\" data-orig-file=\"https:\/\/quimidex.ufsc.br\/wp-content\/uploads\/2019\/05\/20160919_111920.jpg\" data-orig-size=\"3264,1840\" data-comments-opened=\"1\" data-image-meta=\"{&quot;aperture&quot;:&quot;2.4&quot;,&quot;credit&quot;:&quot;&quot;,&quot;camera&quot;:&quot;LG-D337&quot;,&quot;caption&quot;:&quot;&quot;,&quot;created_timestamp&quot;:&quot;1474283960&quot;,&quot;copyright&quot;:&quot;&quot;,&quot;focal_length&quot;:&quot;3.17&quot;,&quot;iso&quot;:&quot;50&quot;,&quot;shutter_speed&quot;:&quot;0.041664&quot;,&quot;title&quot;:&quot;&quot;,&quot;orientation&quot;:&quot;6&quot;}\" data-image-title=\"20160919_111920\" data-image-description=\"&lt;p&gt;}&lt;\/p&gt;\n\" data-medium-file=\"https:\/\/quimidex.ufsc.br\/wp-content\/uploads\/2019\/05\/20160919_111920-300x169.jpg\" data-large-file=\"https:\/\/quimidex.ufsc.br\/wp-content\/uploads\/2019\/05\/20160919_111920-1024x577.jpg\" data-attachment-id=\"337\" data-permalink=\"https:\/\/quimidex.ufsc.br\/index.php\/oficinas-tematicas\/oficina-do-tingimento\/20160919_111920\/\" data-orig-file=\"https:\/\/quimidex.ufsc.br\/wp-content\/uploads\/2019\/05\/20160919_111920.jpg\" data-orig-size=\"3264,1840\" data-comments-opened=\"1\" data-image-meta=\"{&quot;aperture&quot;:&quot;2.4&quot;,&quot;credit&quot;:&quot;&quot;,&quot;camera&quot;:&quot;LG-D337&quot;,&quot;caption&quot;:&quot;&quot;,&quot;created_timestamp&quot;:&quot;1474283960&quot;,&quot;copyright&quot;:&quot;&quot;,&quot;focal_length&quot;:&quot;3.17&quot;,&quot;iso&quot;:&quot;50&quot;,&quot;shutter_speed&quot;:&quot;0.041664&quot;,&quot;title&quot;:&quot;&quot;,&quot;orientation&quot;:&quot;6&quot;}\" data-image-title=\"20160919_111920\" data-image-description=\"&lt;p&gt;}&lt;\/p&gt;\n\" data-medium-file=\"https:\/\/quimidex.ufsc.br\/wp-content\/uploads\/2019\/05\/20160919_111920-300x169.jpg\" data-large-file=\"https:\/\/quimidex.ufsc.br\/wp-content\/uploads\/2019\/05\/20160919_111920-1024x577.jpg\" srcset=\"https:\/\/i2.wp.com\/quimidex.ufsc.br\/wp-content\/uploads\/2019\/05\/20160919_111920.jpg?strip=info&#038;w=600 600w,https:\/\/i2.wp.com\/quimidex.ufsc.br\/wp-content\/uploads\/2019\/05\/20160919_111920.jpg?strip=info&#038;w=900 900w,https:\/\/i2.wp.com\/quimidex.ufsc.br\/wp-content\/uploads\/2019\/05\/20160919_111920.jpg?strip=info&#038;w=1200 1200w,https:\/\/i2.wp.com\/quimidex.ufsc.br\/wp-content\/uploads\/2019\/05\/20160919_111920.jpg?strip=info&#038;w=1500 1500w,https:\/\/i2.wp.com\/quimidex.ufsc.br\/wp-content\/uploads\/2019\/05\/20160919_111920.jpg?strip=info&#038;w=1800 1800w,https:\/\/i2.wp.com\/quimidex.ufsc.br\/wp-content\/uploads\/2019\/05\/20160919_111920.jpg?strip=info&#038;w=1840 1840w\" alt=\"\" data-height=\"1840\" data-id=\"337\" data-link=\"http:\/\/quimidex.ufsc.br\/index.php\/oficinas-tematicas\/oficina-do-tingimento\/20160919_111920\/\" data-url=\"http:\/\/quimidex.ufsc.br\/wp-content\/uploads\/2019\/05\/20160919_111920.jpg\" data-width=\"3264\" src=\"https:\/\/i2.wp.com\/quimidex.ufsc.br\/wp-content\/uploads\/2019\/05\/20160919_111920.jpg\" layout=\"responsive\"\/><\/figure><\/div><div data-carousel-extra='{\"blog_id\":1,\"permalink\":\"https:\\\/\\\/quimidex.ufsc.br\\\/index.php\\\/oficinas-tematicas\\\/oficina-das-cores\\\/\"}' class=\"tiled-gallery__col\" style=\"flex-basis:45.84084513141555%\"><figure class=\"tiled-gallery__item\"><img data-attachment-id=\"338\" data-permalink=\"https:\/\/quimidex.ufsc.br\/index.php\/oficinas-tematicas\/oficina-do-tingimento\/cotd\/\" data-orig-file=\"https:\/\/quimidex.ufsc.br\/wp-content\/uploads\/2019\/05\/cotd.jpg\" data-orig-size=\"4272,2848\" data-comments-opened=\"1\" data-image-meta=\"{&quot;aperture&quot;:&quot;0&quot;,&quot;credit&quot;:&quot;&quot;,&quot;camera&quot;:&quot;&quot;,&quot;caption&quot;:&quot;&quot;,&quot;created_timestamp&quot;:&quot;0&quot;,&quot;copyright&quot;:&quot;&quot;,&quot;focal_length&quot;:&quot;0&quot;,&quot;iso&quot;:&quot;0&quot;,&quot;shutter_speed&quot;:&quot;0&quot;,&quot;title&quot;:&quot;&quot;,&quot;orientation&quot;:&quot;0&quot;}\" data-image-title=\"cotd\" data-image-description=\"\" data-medium-file=\"https:\/\/quimidex.ufsc.br\/wp-content\/uploads\/2019\/05\/cotd-300x200.jpg\" data-large-file=\"https:\/\/quimidex.ufsc.br\/wp-content\/uploads\/2019\/05\/cotd-1024x683.jpg\" data-attachment-id=\"338\" data-permalink=\"https:\/\/quimidex.ufsc.br\/index.php\/oficinas-tematicas\/oficina-do-tingimento\/cotd\/\" data-orig-file=\"https:\/\/quimidex.ufsc.br\/wp-content\/uploads\/2019\/05\/cotd.jpg\" data-orig-size=\"4272,2848\" data-comments-opened=\"1\" data-image-meta=\"{&quot;aperture&quot;:&quot;0&quot;,&quot;credit&quot;:&quot;&quot;,&quot;camera&quot;:&quot;&quot;,&quot;caption&quot;:&quot;&quot;,&quot;created_timestamp&quot;:&quot;0&quot;,&quot;copyright&quot;:&quot;&quot;,&quot;focal_length&quot;:&quot;0&quot;,&quot;iso&quot;:&quot;0&quot;,&quot;shutter_speed&quot;:&quot;0&quot;,&quot;title&quot;:&quot;&quot;,&quot;orientation&quot;:&quot;0&quot;}\" data-image-title=\"cotd\" data-image-description=\"\" data-medium-file=\"https:\/\/quimidex.ufsc.br\/wp-content\/uploads\/2019\/05\/cotd-300x200.jpg\" data-large-file=\"https:\/\/quimidex.ufsc.br\/wp-content\/uploads\/2019\/05\/cotd-1024x683.jpg\" srcset=\"https:\/\/i0.wp.com\/quimidex.ufsc.br\/wp-content\/uploads\/2019\/05\/cotd.jpg?strip=info&#038;w=600 600w,https:\/\/i0.wp.com\/quimidex.ufsc.br\/wp-content\/uploads\/2019\/05\/cotd.jpg?strip=info&#038;w=900 900w,https:\/\/i0.wp.com\/quimidex.ufsc.br\/wp-content\/uploads\/2019\/05\/cotd.jpg?strip=info&#038;w=1200 1200w,https:\/\/i0.wp.com\/quimidex.ufsc.br\/wp-content\/uploads\/2019\/05\/cotd.jpg?strip=info&#038;w=1500 1500w,https:\/\/i0.wp.com\/quimidex.ufsc.br\/wp-content\/uploads\/2019\/05\/cotd.jpg?strip=info&#038;w=1800 1800w,https:\/\/i0.wp.com\/quimidex.ufsc.br\/wp-content\/uploads\/2019\/05\/cotd.jpg?strip=info&#038;w=2000 2000w\" alt=\"\" data-height=\"2848\" data-id=\"338\" data-link=\"http:\/\/quimidex.ufsc.br\/index.php\/oficinas-tematicas\/oficina-do-tingimento\/cotd\/\" data-url=\"http:\/\/quimidex.ufsc.br\/wp-content\/uploads\/2019\/05\/cotd.jpg\" data-width=\"4272\" src=\"https:\/\/i0.wp.com\/quimidex.ufsc.br\/wp-content\/uploads\/2019\/05\/cotd.jpg\" layout=\"responsive\"\/><\/figure><\/div><\/div><\/div><\/div>\n\n\n\n<div data-carousel-extra='{\"blog_id\":1,\"permalink\":\"https:\\\/\\\/quimidex.ufsc.br\\\/index.php\\\/oficinas-tematicas\\\/oficina-das-cores\\\/\"}' style=\"height:20px\" aria-hidden=\"true\" class=\"wp-block-spacer\"><\/div>\n\n\n\n<h2 class=\"has-text-align-center has-text-color\" style=\"color:#ff64ae\">Material de apoio<\/h2>\n\n\n\n<p class=\"has-text-align-center\">Em breve.<\/p>\n","protected":false},"excerpt":{"rendered":"<p>A qu\u00edmica das cores Descri\u00e7\u00e3o Atrav\u00e9s de experimentos l\u00fadicos, que envolvem a produ\u00e7\u00e3o de diversas cores e tipos de tinta, incentivar o interesse pela qu\u00edmica. Os alunos podem desenhar e pintar com as tintas produzidas. A oficina das cores conta com experimentos que exemplificam, demonstram, simulam e associam a fatos do nosso cotidiano. Nosso grupo [&hellip;]<\/p>\n","protected":false},"author":1,"featured_media":0,"parent":30,"menu_order":1,"comment_status":"closed","ping_status":"closed","template":"","meta":{"spay_email":""},"featured_image_src":null,"featured_image_src_square":null,"uagb_featured_image_src":{"full":false,"thumbnail":false,"medium":false,"medium_large":false,"large":false,"1536x1536":false,"2048x2048":false,"ab-block-post-grid-landscape":false,"ab-block-post-grid-square":false},"uagb_author_info":{"display_name":"admin","author_link":"https:\/\/quimidex.ufsc.br\/index.php\/author\/admin\/"},"uagb_comment_info":0,"uagb_excerpt":"A qu\u00edmica das cores Descri\u00e7\u00e3o Atrav\u00e9s de experimentos l\u00fadicos, que envolvem a produ\u00e7\u00e3o de diversas cores e tipos de tinta, incentivar o interesse pela qu\u00edmica. Os alunos podem desenhar e pintar com as tintas produzidas. A oficina das cores conta com experimentos que exemplificam, demonstram, simulam e associam a fatos do nosso cotidiano. Nosso grupo&hellip;","_links":{"self":[{"href":"https:\/\/quimidex.ufsc.br\/index.php\/wp-json\/wp\/v2\/pages\/311"}],"collection":[{"href":"https:\/\/quimidex.ufsc.br\/index.php\/wp-json\/wp\/v2\/pages"}],"about":[{"href":"https:\/\/quimidex.ufsc.br\/index.php\/wp-json\/wp\/v2\/types\/page"}],"author":[{"embeddable":true,"href":"https:\/\/quimidex.ufsc.br\/index.php\/wp-json\/wp\/v2\/users\/1"}],"replies":[{"embeddable":true,"href":"https:\/\/quimidex.ufsc.br\/index.php\/wp-json\/wp\/v2\/comments?post=311"}],"version-history":[{"count":27,"href":"https:\/\/quimidex.ufsc.br\/index.php\/wp-json\/wp\/v2\/pages\/311\/revisions"}],"predecessor-version":[{"id":7920,"href":"https:\/\/quimidex.ufsc.br\/index.php\/wp-json\/wp\/v2\/pages\/311\/revisions\/7920"}],"up":[{"embeddable":true,"href":"https:\/\/quimidex.ufsc.br\/index.php\/wp-json\/wp\/v2\/pages\/30"}],"wp:attachment":[{"href":"https:\/\/quimidex.ufsc.br\/index.php\/wp-json\/wp\/v2\/media?parent=311"}],"curies":[{"name":"wp","href":"https:\/\/api.w.org\/{rel}","templated":true}]}}