{"id":313,"date":"2019-05-07T22:46:03","date_gmt":"2019-05-07T22:46:03","guid":{"rendered":"http:\/\/localhost\/wordpress\/?page_id=313"},"modified":"2020-12-18T19:54:07","modified_gmt":"2020-12-18T19:54:07","slug":"oficina-do-tingimento","status":"publish","type":"page","link":"https:\/\/quimidex.ufsc.br\/index.php\/oficinas-tematicas\/oficina-do-tingimento\/","title":{"rendered":"Oficina do tingimento"},"content":{"rendered":"\n<h1 class=\"has-text-align-center title has-text-color\" style=\"color:#444444\"><strong><strong>Tingimento de tecidos a<\/strong><\/strong> <strong><strong>partir de corantes naturais<\/strong><\/strong><\/h1>\n\n\n\n<div data-carousel-extra='{\"blog_id\":1,\"permalink\":\"https:\\\/\\\/quimidex.ufsc.br\\\/index.php\\\/oficinas-tematicas\\\/oficina-do-tingimento\\\/\"}' style=\"height:20px\" aria-hidden=\"true\" class=\"wp-block-spacer\"><\/div>\n\n\n\n<div data-carousel-extra='{\"blog_id\":1,\"permalink\":\"https:\\\/\\\/quimidex.ufsc.br\\\/index.php\\\/oficinas-tematicas\\\/oficina-do-tingimento\\\/\"}' class=\"wp-block-columns\">\n<div data-carousel-extra='{\"blog_id\":1,\"permalink\":\"https:\\\/\\\/quimidex.ufsc.br\\\/index.php\\\/oficinas-tematicas\\\/oficina-do-tingimento\\\/\"}' class=\"wp-block-column\" style=\"flex-basis:25%\">\n<figure class=\"wp-block-image size-large triturques\"><img data-attachment-id=\"7454\" data-permalink=\"https:\/\/quimidex.ufsc.br\/tingianima\/\" data-orig-file=\"https:\/\/quimidex.ufsc.br\/wp-content\/uploads\/2020\/11\/tingianima.gif\" data-orig-size=\"500,500\" data-comments-opened=\"1\" data-image-meta=\"{&quot;aperture&quot;:&quot;0&quot;,&quot;credit&quot;:&quot;&quot;,&quot;camera&quot;:&quot;&quot;,&quot;caption&quot;:&quot;&quot;,&quot;created_timestamp&quot;:&quot;0&quot;,&quot;copyright&quot;:&quot;&quot;,&quot;focal_length&quot;:&quot;0&quot;,&quot;iso&quot;:&quot;0&quot;,&quot;shutter_speed&quot;:&quot;0&quot;,&quot;title&quot;:&quot;&quot;,&quot;orientation&quot;:&quot;0&quot;}\" data-image-title=\"tingianima\" data-image-description=\"\" data-medium-file=\"https:\/\/quimidex.ufsc.br\/wp-content\/uploads\/2020\/11\/tingianima-300x300.gif\" data-large-file=\"https:\/\/quimidex.ufsc.br\/wp-content\/uploads\/2020\/11\/tingianima.gif\" loading=\"lazy\" width=\"500\" height=\"500\" src=\"http:\/\/quimidex.ufsc.br\/wp-content\/uploads\/2020\/11\/tingianima.gif\" alt=\"Ilustra\u00e7\u00e3o da oficina de tingimento: roupas penduradas em um cabide  mudando de cor. Abaixo, em um arm\u00e1rio aparecem alguns frascos de tintura e uma cesta de cenouras. \" class=\"wp-image-7454\"\/><\/figure>\n<\/div>\n\n\n\n<div data-carousel-extra='{\"blog_id\":1,\"permalink\":\"https:\\\/\\\/quimidex.ufsc.br\\\/index.php\\\/oficinas-tematicas\\\/oficina-do-tingimento\\\/\"}' class=\"wp-block-column bordinhaturquesa\" style=\"flex-basis:50%\">\n<h2 class=\"has-text-align-center has-text-color\" style=\"color:#10ccaa\">Descri\u00e7\u00e3o<\/h2>\n\n\n\n<p>Desde aquela camiseta \u201cestilosa\u201d at\u00e9 as seculares cal\u00e7as jeans, o tingimento de tecidos faz parte do nosso dia a dia e muitas roupas que usamos passam por esse tipo de processo, seja de maneira industrial ou caseira. Todavia, o conhecimento das t\u00e9cnicas de tingimento n\u00e3o \u00e9 uma tecnologia recente. Nossos pais e av\u00f3s j\u00e1 realizavam esse procedimento com pigmentos sint\u00e9ticos, a fim de melhorar o aspecto das roupas mais desbotadas.<\/p>\n\n\n\n<p>Por\u00e9m, em nossa oficina vamos mais longe. Vamos conhecer um pouco da t\u00e9cnica utilizada pelo povo&nbsp;<strong>Huni Kuin<\/strong>&nbsp;para tingir os tecidos. Localizados na regi\u00e3o do Acre, a etnia Kaxinaw\u00e1 (denomina\u00e7\u00e3o dada pelos brancos ao povo Huni Kuin) \u00e9 famosa por sua tecelagem e pelo tingimento realizado nas fibras naturais usadas no processo de tear. Mesclando os conhecimentos ind\u00edgenas e ocidentais sobre ci\u00eancia, propomos nessa oficina tem\u00e1tica a utiliza\u00e7\u00e3o de pigmentos naturais extra\u00eddos de alimentos para o tingimento de tecidos.<\/p>\n<\/div>\n\n\n\n<div data-carousel-extra='{\"blog_id\":1,\"permalink\":\"https:\\\/\\\/quimidex.ufsc.br\\\/index.php\\\/oficinas-tematicas\\\/oficina-do-tingimento\\\/\"}' class=\"wp-block-column\" style=\"flex-basis:25%\">\n<h2 class=\"has-text-color\" style=\"color:#10ccaa\">Informa\u00e7\u00f5es<\/h2>\n\n\n\n<p><strong>Conte\u00fados abordados:<\/strong>\u00a0mat\u00e9ria, mol\u00e9culas e \u00e1tomos; concentra\u00e7\u00e3o e dilui\u00e7\u00e3o de solu\u00e7\u00f5es; \u00e1cido\/base; m\u00e9todos de separa\u00e7\u00e3o\/extra\u00e7\u00e3o<\/p>\n\n\n\n<p><strong>P\u00fablico-alvo:<\/strong>\u00a0todos os p\u00fablicos<\/p>\n\n\n\n<p><strong>Dura\u00e7\u00e3o:&nbsp;<\/strong>2 horas<\/p>\n\n\n\n<p><strong>Capacidade:<\/strong>&nbsp;at\u00e9 20 pessoas<\/p>\n\n\n\n<div data-carousel-extra='{\"blog_id\":1,\"permalink\":\"https:\\\/\\\/quimidex.ufsc.br\\\/index.php\\\/oficinas-tematicas\\\/oficina-do-tingimento\\\/\"}' class=\"wp-block-buttons\">\n<div data-carousel-extra='{\"blog_id\":1,\"permalink\":\"https:\\\/\\\/quimidex.ufsc.br\\\/index.php\\\/oficinas-tematicas\\\/oficina-do-tingimento\\\/\"}' class=\"wp-block-button botaoturques\"><a class=\"wp-block-button__link\" href=\"http:\/\/quimidex.ufsc.br\/index.php\/agenda\/\">Agendar<\/a><\/div>\n<\/div>\n<\/div>\n<\/div>\n\n\n\n<h2 class=\"has-text-align-center has-text-color\" style=\"color:#10ccaa\">Galeria<\/h2>\n\n\n\n<div data-carousel-extra='{\"blog_id\":1,\"permalink\":\"https:\\\/\\\/quimidex.ufsc.br\\\/index.php\\\/oficinas-tematicas\\\/oficina-do-tingimento\\\/\"}' class=\"wp-block-jetpack-tiled-gallery aligncenter is-style-columns\"><div data-carousel-extra='{\"blog_id\":1,\"permalink\":\"https:\\\/\\\/quimidex.ufsc.br\\\/index.php\\\/oficinas-tematicas\\\/oficina-do-tingimento\\\/\"}' class=\"tiled-gallery__gallery\"><div data-carousel-extra='{\"blog_id\":1,\"permalink\":\"https:\\\/\\\/quimidex.ufsc.br\\\/index.php\\\/oficinas-tematicas\\\/oficina-do-tingimento\\\/\"}' class=\"tiled-gallery__row\"><div data-carousel-extra='{\"blog_id\":1,\"permalink\":\"https:\\\/\\\/quimidex.ufsc.br\\\/index.php\\\/oficinas-tematicas\\\/oficina-do-tingimento\\\/\"}' class=\"tiled-gallery__col\" style=\"flex-basis:46.64563018864056%\"><figure class=\"tiled-gallery__item\"><img data-attachment-id=\"353\" data-permalink=\"https:\/\/quimidex.ufsc.br\/index.php\/oficinas-tematicas\/oficina-do-tingimento\/tingimento\/\" data-orig-file=\"https:\/\/quimidex.ufsc.br\/wp-content\/uploads\/2019\/05\/Tingimento.jpg\" data-orig-size=\"714,960\" data-comments-opened=\"1\" data-image-meta=\"{&quot;aperture&quot;:&quot;0&quot;,&quot;credit&quot;:&quot;&quot;,&quot;camera&quot;:&quot;&quot;,&quot;caption&quot;:&quot;&quot;,&quot;created_timestamp&quot;:&quot;0&quot;,&quot;copyright&quot;:&quot;&quot;,&quot;focal_length&quot;:&quot;0&quot;,&quot;iso&quot;:&quot;0&quot;,&quot;shutter_speed&quot;:&quot;0&quot;,&quot;title&quot;:&quot;&quot;,&quot;orientation&quot;:&quot;0&quot;}\" data-image-title=\"Tingimento\" data-image-description=\"\" data-medium-file=\"https:\/\/quimidex.ufsc.br\/wp-content\/uploads\/2019\/05\/Tingimento-223x300.jpg\" data-large-file=\"https:\/\/quimidex.ufsc.br\/wp-content\/uploads\/2019\/05\/Tingimento.jpg\" data-attachment-id=\"353\" data-permalink=\"https:\/\/quimidex.ufsc.br\/index.php\/oficinas-tematicas\/oficina-do-tingimento\/tingimento\/\" data-orig-file=\"https:\/\/quimidex.ufsc.br\/wp-content\/uploads\/2019\/05\/Tingimento.jpg\" data-orig-size=\"714,960\" data-comments-opened=\"1\" data-image-meta=\"{&quot;aperture&quot;:&quot;0&quot;,&quot;credit&quot;:&quot;&quot;,&quot;camera&quot;:&quot;&quot;,&quot;caption&quot;:&quot;&quot;,&quot;created_timestamp&quot;:&quot;0&quot;,&quot;copyright&quot;:&quot;&quot;,&quot;focal_length&quot;:&quot;0&quot;,&quot;iso&quot;:&quot;0&quot;,&quot;shutter_speed&quot;:&quot;0&quot;,&quot;title&quot;:&quot;&quot;,&quot;orientation&quot;:&quot;0&quot;}\" data-image-title=\"Tingimento\" data-image-description=\"\" data-medium-file=\"https:\/\/quimidex.ufsc.br\/wp-content\/uploads\/2019\/05\/Tingimento-223x300.jpg\" data-large-file=\"https:\/\/quimidex.ufsc.br\/wp-content\/uploads\/2019\/05\/Tingimento.jpg\" srcset=\"https:\/\/i0.wp.com\/quimidex.ufsc.br\/wp-content\/uploads\/2019\/05\/Tingimento.jpg?strip=info&#038;w=600 600w,https:\/\/i0.wp.com\/quimidex.ufsc.br\/wp-content\/uploads\/2019\/05\/Tingimento.jpg?strip=info&#038;w=900 900w,https:\/\/i0.wp.com\/quimidex.ufsc.br\/wp-content\/uploads\/2019\/05\/Tingimento.jpg?strip=info&#038;w=960 960w\" alt=\"\" data-height=\"960\" data-id=\"353\" data-link=\"http:\/\/quimidex.ufsc.br\/index.php\/oficinas-tematicas\/oficina-do-tingimento\/tingimento\/\" data-url=\"http:\/\/quimidex.ufsc.br\/wp-content\/uploads\/2019\/05\/Tingimento.jpg\" data-width=\"714\" src=\"https:\/\/i0.wp.com\/quimidex.ufsc.br\/wp-content\/uploads\/2019\/05\/Tingimento.jpg\" layout=\"responsive\"\/><\/figure><\/div><div data-carousel-extra='{\"blog_id\":1,\"permalink\":\"https:\\\/\\\/quimidex.ufsc.br\\\/index.php\\\/oficinas-tematicas\\\/oficina-do-tingimento\\\/\"}' class=\"tiled-gallery__col\" style=\"flex-basis:53.35436981135945%\"><figure class=\"tiled-gallery__item\"><img data-attachment-id=\"354\" data-permalink=\"https:\/\/quimidex.ufsc.br\/index.php\/oficinas-tematicas\/oficina-do-tingimento\/tingimento2\/\" data-orig-file=\"https:\/\/quimidex.ufsc.br\/wp-content\/uploads\/2019\/05\/Tingimento2.jpg\" data-orig-size=\"817,960\" data-comments-opened=\"1\" data-image-meta=\"{&quot;aperture&quot;:&quot;0&quot;,&quot;credit&quot;:&quot;&quot;,&quot;camera&quot;:&quot;&quot;,&quot;caption&quot;:&quot;&quot;,&quot;created_timestamp&quot;:&quot;0&quot;,&quot;copyright&quot;:&quot;&quot;,&quot;focal_length&quot;:&quot;0&quot;,&quot;iso&quot;:&quot;0&quot;,&quot;shutter_speed&quot;:&quot;0&quot;,&quot;title&quot;:&quot;&quot;,&quot;orientation&quot;:&quot;0&quot;}\" data-image-title=\"Tingimento2\" data-image-description=\"\" data-medium-file=\"https:\/\/quimidex.ufsc.br\/wp-content\/uploads\/2019\/05\/Tingimento2-255x300.jpg\" data-large-file=\"https:\/\/quimidex.ufsc.br\/wp-content\/uploads\/2019\/05\/Tingimento2.jpg\" data-attachment-id=\"354\" data-permalink=\"https:\/\/quimidex.ufsc.br\/index.php\/oficinas-tematicas\/oficina-do-tingimento\/tingimento2\/\" data-orig-file=\"https:\/\/quimidex.ufsc.br\/wp-content\/uploads\/2019\/05\/Tingimento2.jpg\" data-orig-size=\"817,960\" data-comments-opened=\"1\" data-image-meta=\"{&quot;aperture&quot;:&quot;0&quot;,&quot;credit&quot;:&quot;&quot;,&quot;camera&quot;:&quot;&quot;,&quot;caption&quot;:&quot;&quot;,&quot;created_timestamp&quot;:&quot;0&quot;,&quot;copyright&quot;:&quot;&quot;,&quot;focal_length&quot;:&quot;0&quot;,&quot;iso&quot;:&quot;0&quot;,&quot;shutter_speed&quot;:&quot;0&quot;,&quot;title&quot;:&quot;&quot;,&quot;orientation&quot;:&quot;0&quot;}\" data-image-title=\"Tingimento2\" data-image-description=\"\" data-medium-file=\"https:\/\/quimidex.ufsc.br\/wp-content\/uploads\/2019\/05\/Tingimento2-255x300.jpg\" data-large-file=\"https:\/\/quimidex.ufsc.br\/wp-content\/uploads\/2019\/05\/Tingimento2.jpg\" srcset=\"https:\/\/i2.wp.com\/quimidex.ufsc.br\/wp-content\/uploads\/2019\/05\/Tingimento2.jpg?strip=info&#038;w=600 600w,https:\/\/i2.wp.com\/quimidex.ufsc.br\/wp-content\/uploads\/2019\/05\/Tingimento2.jpg?strip=info&#038;w=900 900w,https:\/\/i2.wp.com\/quimidex.ufsc.br\/wp-content\/uploads\/2019\/05\/Tingimento2.jpg?strip=info&#038;w=960 960w\" alt=\"\" data-height=\"960\" data-id=\"354\" data-link=\"http:\/\/quimidex.ufsc.br\/index.php\/oficinas-tematicas\/oficina-do-tingimento\/tingimento2\/\" data-url=\"http:\/\/quimidex.ufsc.br\/wp-content\/uploads\/2019\/05\/Tingimento2.jpg\" data-width=\"817\" src=\"https:\/\/i2.wp.com\/quimidex.ufsc.br\/wp-content\/uploads\/2019\/05\/Tingimento2.jpg\" layout=\"responsive\"\/><\/figure><\/div><\/div><\/div><\/div>\n\n\n\n<div data-carousel-extra='{\"blog_id\":1,\"permalink\":\"https:\\\/\\\/quimidex.ufsc.br\\\/index.php\\\/oficinas-tematicas\\\/oficina-do-tingimento\\\/\"}' style=\"height:20px\" aria-hidden=\"true\" class=\"wp-block-spacer\"><\/div>\n\n\n\n<h2 class=\"has-text-align-center has-text-color\" style=\"color:#10ccaa\">Material de apoio<\/h2>\n\n\n\n<p class=\"has-text-align-center\">Em breve<\/p>\n","protected":false},"excerpt":{"rendered":"<p>Tingimento de tecidos a partir de corantes naturais Descri\u00e7\u00e3o Desde aquela camiseta \u201cestilosa\u201d at\u00e9 as seculares cal\u00e7as jeans, o tingimento de tecidos faz parte do nosso dia a dia e muitas roupas que usamos passam por esse tipo de processo, seja de maneira industrial ou caseira. Todavia, o conhecimento das t\u00e9cnicas de tingimento n\u00e3o \u00e9 [&hellip;]<\/p>\n","protected":false},"author":1,"featured_media":0,"parent":30,"menu_order":2,"comment_status":"closed","ping_status":"closed","template":"","meta":{"spay_email":""},"featured_image_src":null,"featured_image_src_square":null,"uagb_featured_image_src":{"full":false,"thumbnail":false,"medium":false,"medium_large":false,"large":false,"1536x1536":false,"2048x2048":false,"ab-block-post-grid-landscape":false,"ab-block-post-grid-square":false},"uagb_author_info":{"display_name":"admin","author_link":"https:\/\/quimidex.ufsc.br\/index.php\/author\/admin\/"},"uagb_comment_info":0,"uagb_excerpt":"Tingimento de tecidos a partir de corantes naturais Descri\u00e7\u00e3o Desde aquela camiseta \u201cestilosa\u201d at\u00e9 as seculares cal\u00e7as jeans, o tingimento de tecidos faz parte do nosso dia a dia e muitas roupas que usamos passam por esse tipo de processo, seja de maneira industrial ou caseira. Todavia, o conhecimento das t\u00e9cnicas de tingimento n\u00e3o \u00e9&hellip;","_links":{"self":[{"href":"https:\/\/quimidex.ufsc.br\/index.php\/wp-json\/wp\/v2\/pages\/313"}],"collection":[{"href":"https:\/\/quimidex.ufsc.br\/index.php\/wp-json\/wp\/v2\/pages"}],"about":[{"href":"https:\/\/quimidex.ufsc.br\/index.php\/wp-json\/wp\/v2\/types\/page"}],"author":[{"embeddable":true,"href":"https:\/\/quimidex.ufsc.br\/index.php\/wp-json\/wp\/v2\/users\/1"}],"replies":[{"embeddable":true,"href":"https:\/\/quimidex.ufsc.br\/index.php\/wp-json\/wp\/v2\/comments?post=313"}],"version-history":[{"count":15,"href":"https:\/\/quimidex.ufsc.br\/index.php\/wp-json\/wp\/v2\/pages\/313\/revisions"}],"predecessor-version":[{"id":7656,"href":"https:\/\/quimidex.ufsc.br\/index.php\/wp-json\/wp\/v2\/pages\/313\/revisions\/7656"}],"up":[{"embeddable":true,"href":"https:\/\/quimidex.ufsc.br\/index.php\/wp-json\/wp\/v2\/pages\/30"}],"wp:attachment":[{"href":"https:\/\/quimidex.ufsc.br\/index.php\/wp-json\/wp\/v2\/media?parent=313"}],"curies":[{"name":"wp","href":"https:\/\/api.w.org\/{rel}","templated":true}]}}