{"id":513,"date":"2019-05-10T17:57:03","date_gmt":"2019-05-10T17:57:03","guid":{"rendered":"http:\/\/quimidex.ufsc.br\/?page_id=513"},"modified":"2020-12-29T20:44:04","modified_gmt":"2020-12-29T20:44:04","slug":"como-fazer-oleo-de-banana","status":"publish","type":"page","link":"https:\/\/quimidex.ufsc.br\/index.php\/ambiente-tematico-qv\/construindo-a-estrela-verde\/como-fazer-oleo-de-banana\/","title":{"rendered":"Como fazer \u00f3leo de banana"},"content":{"rendered":"\n<div style=\"height:25px\" aria-hidden=\"true\" class=\"wp-block-spacer\"><\/div>\n\n\n<h1 class=\"fonts-plugin-block\" style=\"font-family: Crete Round;font-weight: 400;text-align: center;color: #000000;\">Construa as simula\u00e7\u00f5es e obtenha a Estrela Verde <\/h1>\n\n<h5 class=\"fonts-plugin-block\" style=\"font-family: Roboto Slab;font-weight: normal;color: #000000;\"> <br><strong>1.\u00a0S\u00edntese do aroma de banana e\u00a0sua\u00a0import\u00e2ncia\u00a0para\u00a0a\u00a0ind\u00fastria\u00a0de\u00a0alimentos<\/strong><\/h5>\n\n<p class=\"fonts-plugin-block\" style=\"font-family: Roboto;font-weight: normal;color: #000000;\">Considere uma ind\u00fastria de aromatizantes que obt\u00e9m aroma de banana a partir do uso de\u00a0<strong>um\u00a0catalisador<\/strong>\u00a0que libera res\u00edduos para o meio ambiente. Por\u00e9m, podemos minimizar os impactos ambientais causados por esta ind\u00fastria na produ\u00e7\u00e3o de aroma de banana. Vamos ajudar essa ind\u00fastria de aromatizantes a encontrar catalisadores alternativos para a produ\u00e7\u00e3o de aroma de banana investigando qual subst\u00e2ncia, participante do processo reacional de s\u00edntese do aroma de banana, causar\u00e1 um menor impacto ao meio ambiente. Para ajudarmos essa ind\u00fastria a minimizar a polui\u00e7\u00e3o ambiental, devemos investigar quais s\u00e3o as vantagens de cada catalisador e depois realizar a escolha do menos nocivo ao ambiente. Os catalisadores que investigaremos ser\u00e3o \u00e1cido sulf\u00farico, a resina amberlyst 35 e a argila montmorilonita. Destes catalisadores, qual \u00e9\u00a0o menos nocivo ao meio ambiente ? Construa a <a rel=\"noreferrer noopener\" aria-label=\" (abre em uma nova aba)\" href=\"http:\/\/quimidex.ufsc.br\/index.php\/ambiente-tematico-qv\/tutorial-simulacao\/\" target=\"_blank\"><em>Estrela Verde<\/em><\/a> e compare. <\/p>\n\n\n<div style=\"height:40px\" aria-hidden=\"true\" class=\"wp-block-spacer\"><\/div>\n\n\n\n<div class=\"wp-block-image\"><figure class=\"aligncenter\"><img data-attachment-id=\"2595\" data-permalink=\"https:\/\/quimidex.ufsc.br\/index.php\/ambiente-tematico-qv\/construindo-a-estrela-verde\/como-fazer-oleo-de-banana\/simulacao-reacao-1\/\" data-orig-file=\"https:\/\/quimidex.ufsc.br\/wp-content\/uploads\/2020\/04\/Simulacao-Reacao-1.png\" data-orig-size=\"1130,262\" data-comments-opened=\"1\" data-image-meta=\"{&quot;aperture&quot;:&quot;0&quot;,&quot;credit&quot;:&quot;&quot;,&quot;camera&quot;:&quot;&quot;,&quot;caption&quot;:&quot;&quot;,&quot;created_timestamp&quot;:&quot;0&quot;,&quot;copyright&quot;:&quot;&quot;,&quot;focal_length&quot;:&quot;0&quot;,&quot;iso&quot;:&quot;0&quot;,&quot;shutter_speed&quot;:&quot;0&quot;,&quot;title&quot;:&quot;&quot;,&quot;orientation&quot;:&quot;0&quot;}\" data-image-title=\"Simulacao&#8212;Reacao (1)\" data-image-description=\"\" data-medium-file=\"https:\/\/quimidex.ufsc.br\/wp-content\/uploads\/2020\/04\/Simulacao-Reacao-1-300x70.png\" data-large-file=\"https:\/\/quimidex.ufsc.br\/wp-content\/uploads\/2020\/04\/Simulacao-Reacao-1-1024x237.png\" loading=\"lazy\" width=\"1024\" height=\"237\" src=\"http:\/\/quimidex.ufsc.br\/wp-content\/uploads\/2020\/04\/Simulacao-Reacao-1-1024x237.png\" alt=\"\" class=\"wp-image-2595\" srcset=\"https:\/\/quimidex.ufsc.br\/wp-content\/uploads\/2020\/04\/Simulacao-Reacao-1-1024x237.png 1024w, https:\/\/quimidex.ufsc.br\/wp-content\/uploads\/2020\/04\/Simulacao-Reacao-1-300x70.png 300w, https:\/\/quimidex.ufsc.br\/wp-content\/uploads\/2020\/04\/Simulacao-Reacao-1-768x178.png 768w, https:\/\/quimidex.ufsc.br\/wp-content\/uploads\/2020\/04\/Simulacao-Reacao-1.png 1130w\" sizes=\"(max-width: 1024px) 100vw, 1024px\" \/><\/figure><\/div>\n\n\n\n<div style=\"height:40px\" aria-hidden=\"true\" class=\"wp-block-spacer\"><\/div>\n\n\n\n<div class=\"su-row\"><div class=\"su-column su-column-size-1-3\"><div class=\"su-column-inner su-u-clearfix su-u-trim\">\n\n\n\n<abbr title=\"O seu consumo per capita \u00e9 um indicador para medir o desenvolvimento industrial de um pa\u00eds.\">\n\n\n\n<div class=\"wp-block-image\"><figure class=\"aligncenter\"><a href=\"http:\/\/quimidex.ufsc.br\/index.php\/ambiente-tematico-qv\/construindo-a-estrela-verde\/como-fazer-oleo-de-banana\/catalisador-acido-sulfurico\/\"><img data-attachment-id=\"2998\" data-permalink=\"https:\/\/quimidex.ufsc.br\/simulacao-botao-1-1\/\" data-orig-file=\"https:\/\/quimidex.ufsc.br\/wp-content\/uploads\/2020\/05\/Simulacao-botao-1-1.png\" data-orig-size=\"348,84\" data-comments-opened=\"1\" data-image-meta=\"{&quot;aperture&quot;:&quot;0&quot;,&quot;credit&quot;:&quot;&quot;,&quot;camera&quot;:&quot;&quot;,&quot;caption&quot;:&quot;&quot;,&quot;created_timestamp&quot;:&quot;0&quot;,&quot;copyright&quot;:&quot;&quot;,&quot;focal_length&quot;:&quot;0&quot;,&quot;iso&quot;:&quot;0&quot;,&quot;shutter_speed&quot;:&quot;0&quot;,&quot;title&quot;:&quot;&quot;,&quot;orientation&quot;:&quot;0&quot;}\" data-image-title=\"Simulacao&#8212;botao-1 (1)\" data-image-description=\"\" data-medium-file=\"https:\/\/quimidex.ufsc.br\/wp-content\/uploads\/2020\/05\/Simulacao-botao-1-1-300x72.png\" data-large-file=\"https:\/\/quimidex.ufsc.br\/wp-content\/uploads\/2020\/05\/Simulacao-botao-1-1.png\" loading=\"lazy\" width=\"348\" height=\"84\" src=\"http:\/\/quimidex.ufsc.br\/wp-content\/uploads\/2020\/05\/Simulacao-botao-1-1.png\" alt=\"\" class=\"wp-image-2998\" srcset=\"https:\/\/quimidex.ufsc.br\/wp-content\/uploads\/2020\/05\/Simulacao-botao-1-1.png 348w, https:\/\/quimidex.ufsc.br\/wp-content\/uploads\/2020\/05\/Simulacao-botao-1-1-300x72.png 300w\" sizes=\"(max-width: 348px) 100vw, 348px\" \/><\/a><\/figure><\/div>\n\n\n\n<\/abbr>\n\n\n\n<\/div><\/div><div class=\"su-column su-column-size-1-3\"><div class=\"su-column-inner su-u-clearfix su-u-trim\">\n\n\n\n<abbr title=\"Usada para tratamento de efluentes removendo do meio \u00edons met\u00e1licos.\">\n\n\n\n<div class=\"wp-block-image\"><figure class=\"aligncenter\"><a href=\"http:\/\/quimidex.ufsc.br\/index.php\/ambiente-tematico-qv\/construindo-a-estrela-verde\/como-fazer-oleo-de-banana\/catalisador-resina-amberlyst\/\"><img data-attachment-id=\"2999\" data-permalink=\"https:\/\/quimidex.ufsc.br\/simulacao-botao-2-1\/\" data-orig-file=\"https:\/\/quimidex.ufsc.br\/wp-content\/uploads\/2020\/05\/Simulacao-botao-2-1.png\" data-orig-size=\"342,84\" data-comments-opened=\"1\" data-image-meta=\"{&quot;aperture&quot;:&quot;0&quot;,&quot;credit&quot;:&quot;&quot;,&quot;camera&quot;:&quot;&quot;,&quot;caption&quot;:&quot;&quot;,&quot;created_timestamp&quot;:&quot;0&quot;,&quot;copyright&quot;:&quot;&quot;,&quot;focal_length&quot;:&quot;0&quot;,&quot;iso&quot;:&quot;0&quot;,&quot;shutter_speed&quot;:&quot;0&quot;,&quot;title&quot;:&quot;&quot;,&quot;orientation&quot;:&quot;0&quot;}\" data-image-title=\"Simulacao&#8212;botao-2 (1)\" data-image-description=\"\" data-medium-file=\"https:\/\/quimidex.ufsc.br\/wp-content\/uploads\/2020\/05\/Simulacao-botao-2-1-300x74.png\" data-large-file=\"https:\/\/quimidex.ufsc.br\/wp-content\/uploads\/2020\/05\/Simulacao-botao-2-1.png\" loading=\"lazy\" width=\"342\" height=\"84\" src=\"http:\/\/quimidex.ufsc.br\/wp-content\/uploads\/2020\/05\/Simulacao-botao-2-1.png\" alt=\"\" class=\"wp-image-2999\" srcset=\"https:\/\/quimidex.ufsc.br\/wp-content\/uploads\/2020\/05\/Simulacao-botao-2-1.png 342w, https:\/\/quimidex.ufsc.br\/wp-content\/uploads\/2020\/05\/Simulacao-botao-2-1-300x74.png 300w\" sizes=\"(max-width: 342px) 100vw, 342px\" \/><\/a><\/figure><\/div>\n\n\n\n<\/abbr>\n\n\n\n<\/div><\/div><div class=\"su-column su-column-size-1-3\"><div class=\"su-column-inner su-u-clearfix su-u-trim\">\n\n\n\n<abbr title=\"Os argilominerais s\u00e3o minerais caracter\u00edsticos das argilas. A argila montmorilonita (esmectita) \u00e9 um dos tipos de argilominerais.\">\n\n\n\n<div class=\"wp-block-image\"><figure class=\"aligncenter\"><a href=\"http:\/\/quimidex.ufsc.br\/index.php\/ambiente-tematico-qv\/construindo-a-estrela-verde\/como-fazer-oleo-de-banana\/catalisador-argilomineral\/\"><img data-attachment-id=\"3197\" data-permalink=\"https:\/\/quimidex.ufsc.br\/index.php\/ambiente-tematico-qv\/construindo-a-estrela-verde\/como-fazer-oleo-de-banana\/simulacao-botao-3-2\/\" data-orig-file=\"https:\/\/quimidex.ufsc.br\/wp-content\/uploads\/2020\/05\/Simulacao-botao-3-2.png\" data-orig-size=\"343,84\" data-comments-opened=\"1\" data-image-meta=\"{&quot;aperture&quot;:&quot;0&quot;,&quot;credit&quot;:&quot;&quot;,&quot;camera&quot;:&quot;&quot;,&quot;caption&quot;:&quot;&quot;,&quot;created_timestamp&quot;:&quot;0&quot;,&quot;copyright&quot;:&quot;&quot;,&quot;focal_length&quot;:&quot;0&quot;,&quot;iso&quot;:&quot;0&quot;,&quot;shutter_speed&quot;:&quot;0&quot;,&quot;title&quot;:&quot;&quot;,&quot;orientation&quot;:&quot;0&quot;}\" data-image-title=\"Simulacao&#8212;botao-3 (2)\" data-image-description=\"\" data-medium-file=\"https:\/\/quimidex.ufsc.br\/wp-content\/uploads\/2020\/05\/Simulacao-botao-3-2-300x73.png\" data-large-file=\"https:\/\/quimidex.ufsc.br\/wp-content\/uploads\/2020\/05\/Simulacao-botao-3-2.png\" loading=\"lazy\" width=\"343\" height=\"84\" src=\"http:\/\/quimidex.ufsc.br\/wp-content\/uploads\/2020\/05\/Simulacao-botao-3-2.png\" alt=\"\" class=\"wp-image-3197\" srcset=\"https:\/\/quimidex.ufsc.br\/wp-content\/uploads\/2020\/05\/Simulacao-botao-3-2.png 343w, https:\/\/quimidex.ufsc.br\/wp-content\/uploads\/2020\/05\/Simulacao-botao-3-2-300x73.png 300w\" sizes=\"(max-width: 343px) 100vw, 343px\" \/><\/a><\/figure><\/div>\n\n\n\n<\/abbr>\n\n\n\n<\/div><\/div><\/div>\n\n\n\n<style>\n\n\/* Estilo do it\u00e1lico *\/\nem {\n    color: #000000;\n} \n  <\/style>\n\n\n\n<div style=\"height:20px\" aria-hidden=\"true\" class=\"wp-block-spacer\"><\/div>\n\n\n\n<a href=\"https:\/\/quimidex.ufsc.br\/index.php\/ambiente-tematico-qv\/construindo-a-estrela-verde\/\" class=\"volta\"><i class=\"fa fa-chevron-circle-left\"><\/i> Anterior<\/a>\n","protected":false},"excerpt":{"rendered":"<p>Anterior<\/p>\n","protected":false},"author":1,"featured_media":0,"parent":501,"menu_order":0,"comment_status":"closed","ping_status":"closed","template":"","meta":{"spay_email":""},"featured_image_src":null,"featured_image_src_square":null,"uagb_featured_image_src":{"full":false,"thumbnail":false,"medium":false,"medium_large":false,"large":false,"1536x1536":false,"2048x2048":false,"ab-block-post-grid-landscape":false,"ab-block-post-grid-square":false},"uagb_author_info":{"display_name":"admin","author_link":"https:\/\/quimidex.ufsc.br\/index.php\/author\/admin\/"},"uagb_comment_info":0,"uagb_excerpt":"Anterior","_links":{"self":[{"href":"https:\/\/quimidex.ufsc.br\/index.php\/wp-json\/wp\/v2\/pages\/513"}],"collection":[{"href":"https:\/\/quimidex.ufsc.br\/index.php\/wp-json\/wp\/v2\/pages"}],"about":[{"href":"https:\/\/quimidex.ufsc.br\/index.php\/wp-json\/wp\/v2\/types\/page"}],"author":[{"embeddable":true,"href":"https:\/\/quimidex.ufsc.br\/index.php\/wp-json\/wp\/v2\/users\/1"}],"replies":[{"embeddable":true,"href":"https:\/\/quimidex.ufsc.br\/index.php\/wp-json\/wp\/v2\/comments?post=513"}],"version-history":[{"count":45,"href":"https:\/\/quimidex.ufsc.br\/index.php\/wp-json\/wp\/v2\/pages\/513\/revisions"}],"predecessor-version":[{"id":7961,"href":"https:\/\/quimidex.ufsc.br\/index.php\/wp-json\/wp\/v2\/pages\/513\/revisions\/7961"}],"up":[{"embeddable":true,"href":"https:\/\/quimidex.ufsc.br\/index.php\/wp-json\/wp\/v2\/pages\/501"}],"wp:attachment":[{"href":"https:\/\/quimidex.ufsc.br\/index.php\/wp-json\/wp\/v2\/media?parent=513"}],"curies":[{"name":"wp","href":"https:\/\/api.w.org\/{rel}","templated":true}]}}