{"id":7516,"date":"2020-11-23T20:12:00","date_gmt":"2020-11-23T20:12:00","guid":{"rendered":"http:\/\/quimidex.ufsc.br\/?page_id=7516"},"modified":"2024-02-26T11:45:10","modified_gmt":"2024-02-26T14:45:10","slug":"principal","status":"publish","type":"page","link":"https:\/\/quimidex.ufsc.br\/","title":{"rendered":""},"content":{"rendered":"\n<div class=\"wp-block-columns has-white-color has-text-color has-background\" style=\"background:linear-gradient(89deg,rgb(0,126,185) 28%,rgb(8,82,109) 100%)\">\n<div class=\"wp-block-column\">\n<figure class=\"wp-block-image size-large is-resized\"><img data-attachment-id=\"7517\" data-permalink=\"https:\/\/quimidex.ufsc.br\/banner-noticias-ilustracao-1\/\" data-orig-file=\"https:\/\/quimidex.ufsc.br\/wp-content\/uploads\/2020\/11\/BANNER-Noticias-Ilustracao-1.png\" data-orig-size=\"1020,896\" data-comments-opened=\"1\" data-image-meta=\"{&quot;aperture&quot;:&quot;0&quot;,&quot;credit&quot;:&quot;&quot;,&quot;camera&quot;:&quot;&quot;,&quot;caption&quot;:&quot;&quot;,&quot;created_timestamp&quot;:&quot;0&quot;,&quot;copyright&quot;:&quot;&quot;,&quot;focal_length&quot;:&quot;0&quot;,&quot;iso&quot;:&quot;0&quot;,&quot;shutter_speed&quot;:&quot;0&quot;,&quot;title&quot;:&quot;&quot;,&quot;orientation&quot;:&quot;0&quot;}\" data-image-title=\"[BANNER]-Not\u00edcias-Ilustra\u00e7\u00e3o (1)\" data-image-description=\"\" data-medium-file=\"https:\/\/quimidex.ufsc.br\/wp-content\/uploads\/2020\/11\/BANNER-Noticias-Ilustracao-1-300x264.png\" data-large-file=\"https:\/\/quimidex.ufsc.br\/wp-content\/uploads\/2020\/11\/BANNER-Noticias-Ilustracao-1.png\" loading=\"lazy\" src=\"http:\/\/quimidex.ufsc.br\/wp-content\/uploads\/2020\/11\/BANNER-Noticias-Ilustracao-1.png\" alt=\"\" class=\"wp-image-7517\" style=\"width:423px;height:371px\" width=\"423\" height=\"371\" srcset=\"https:\/\/quimidex.ufsc.br\/wp-content\/uploads\/2020\/11\/BANNER-Noticias-Ilustracao-1.png 1020w, https:\/\/quimidex.ufsc.br\/wp-content\/uploads\/2020\/11\/BANNER-Noticias-Ilustracao-1-300x264.png 300w, https:\/\/quimidex.ufsc.br\/wp-content\/uploads\/2020\/11\/BANNER-Noticias-Ilustracao-1-768x675.png 768w\" sizes=\"(max-width: 423px) 100vw, 423px\" \/><\/figure>\n<\/div>\n\n\n\n<div class=\"wp-block-column\">\n<h1 class=\"wp-block-heading has-text-align-center has-white-color has-text-color\" style=\"font-size:53px\">Not\u00edcias<\/h1>\n\n\n<div class='white' style='background:rgba(0,0,0,0); border:solid 10px rgba(0,0,0,0); border-radius:0px; padding:0px 0px 0px 0px;'>\n<div id='slider_7530' class='owl-carousel sa_owl_theme owl-pagination-true autohide-arrows' data-slider-id='slider_7530' style='visibility:hidden;'>\n<div id='slider_7530_slide01' class='sa_hover_container' style='padding:5.7% 4.6%; margin:0px 2%; background-image:url(&quot;https:\/\/quimidex.ufsc.br\/wp-content\/uploads\/2023\/03\/agenda-vISITACAO.png&quot;); background-position:center center; background-size:contain; background-repeat:no-repeat; background-color:rgba(0, 0, 0, 0); '><div class='sa_hover_buttons' style='top:50%; left:50%; margin-top:-20px; margin-left:-20px;'><a class='sa_slide_link_icon' href='https:\/\/quimidex.ufsc.br\/index.php\/contato' target='_self'><\/a><\/div>\n<p><a href=\"https:\/\/quimidex.ufsc.br\/index.php\/contato\/\"><img class=\"aligncenter wp-image-8054 \" src=\"http:\/\/quimidex.ufsc.br\/wp-content\/uploads\/2021\/08\/Novo-Projeto-3.png\" alt=\"\" width=\"405\" height=\"270\" \/><\/a><\/p><\/div>\n<div id='slider_7530_slide02' class='sa_hover_container' style='padding:5.7% 4.6%; margin:0px 2%; background-image:url(&quot;https:\/\/quimidex.ufsc.br\/wp-content\/uploads\/2021\/08\/MINICURSO-Duracao-3h.png&quot;); background-position:center center; background-size:contain; background-repeat:no-repeat; background-color:rgba(0, 0, 0, 0); '><p><a href=\"https:\/\/www.feesc.org.br\/inscricoes\/evento\/iniciar_inscricao\/89\" target=\"_blank\" rel=\"noopener\"><img class=\"aligncenter wp-image-8054 size-full\" src=\"http:\/\/quimidex.ufsc.br\/wp-content\/uploads\/2021\/08\/Novo-Projeto-3.png\" alt=\"\" width=\"1080\" height=\"720\" \/><\/a><\/p><\/div>\n<div id='slider_7530_slide03' class='sa_hover_container' style='padding:5.7% 4.6%; margin:0px 2%; background-image:url(&quot;https:\/\/quimidex.ufsc.br\/wp-content\/uploads\/2025\/04\/teste-site.jpg&quot;); background-position:center center; background-size:contain; background-repeat:no-repeat; '><div class='sa_hover_buttons' style='top:50%; left:50%; margin-top:-20px; margin-left:-20px;'><a class='sa_slide_link_icon' href='http:\/\/www.enect.com.br\/' target='_blank'><\/a><\/div>\n<p>&nbsp;<\/p>\r\n<p>&nbsp;<\/p><\/div>\n<\/div>\n<\/div>\n<script type='text\/javascript'>\n\tjQuery(document).ready(function() {\n\t\tjQuery('#slider_7530').owlCarousel({\n\t\t\titems : 1,\n\t\t\tsmartSpeed : 200,\n\t\t\tautoplay : true,\n\t\t\tautoplayTimeout : 5000,\n\t\t\tautoplayHoverPause : true,\n\t\t\tsmartSpeed : 200,\n\t\t\tfluidSpeed : 200,\n\t\t\tautoplaySpeed : 200,\n\t\t\tnavSpeed : 200,\n\t\t\tdotsSpeed : 200,\n\t\t\tloop : true,\n\t\t\tnav : true,\n\t\t\tnavText : ['',''],\n\t\t\tdots : true,\n\t\t\tresponsiveRefreshRate : 200,\n\t\t\tslideBy : 1,\n\t\t\tmergeFit : true,\n\t\t\tautoHeight : false,\n\t\t\tmouseDrag : false,\n\t\t\ttouchDrag : true\n\t\t});\n\t\tjQuery('#slider_7530').css('visibility', 'visible');\n\t\tsa_resize_slider_7530();\n\t\twindow.addEventListener('resize', sa_resize_slider_7530);\n\t\tfunction sa_resize_slider_7530() {\n\t\t\tvar min_height = '55';\n\t\t\tvar win_width = jQuery(window).width();\n\t\t\tvar slider_width = jQuery('#slider_7530').width();\n\t\t\tif (win_width < 480) {\n\t\t\t\tvar slide_width = slider_width \/ 1;\n\t\t\t} else if (win_width < 768) {\n\t\t\t\tvar slide_width = slider_width \/ 1;\n\t\t\t} else if (win_width < 980) {\n\t\t\t\tvar slide_width = slider_width \/ 1;\n\t\t\t} else if (win_width < 1200) {\n\t\t\t\tvar slide_width = slider_width \/ 1;\n\t\t\t} else if (win_width < 1500) {\n\t\t\t\tvar slide_width = slider_width \/ 1;\n\t\t\t} else {\n\t\t\t\tvar slide_width = slider_width \/ 1;\n\t\t\t}\n\t\t\tslide_width = Math.round(slide_width);\n\t\t\tvar slide_height = '0';\n\t\t\tif (min_height == 'aspect43') {\n\t\t\t\tslide_height = (slide_width \/ 4) * 3;\t\t\t\tslide_height = Math.round(slide_height);\n\t\t\t} else if (min_height == 'aspect169') {\n\t\t\t\tslide_height = (slide_width \/ 16) * 9;\t\t\t\tslide_height = Math.round(slide_height);\n\t\t\t} else {\n\t\t\t\tslide_height = (slide_width \/ 100) * min_height;\t\t\t\tslide_height = Math.round(slide_height);\n\t\t\t}\n\t\t\tjQuery('#slider_7530 .owl-item .sa_hover_container').css('min-height', slide_height+'px');\n\t\t}\n\t});\n<\/script>\n\n<\/div>\n<\/div>\n\n\n\n<h2 style=\"text-align:center; padding:20px;\">Conhe\u00e7a nossa estrutura<\/h2>\n\n\n\n<div class=\"wp-block-columns\">\n<div class=\"wp-block-column\">\n<div class=\"row padding-20\">\n<div class=\"col-md-12 text-center\"><img src=\"http:\/\/quimidex.ufsc.br\/wp-content\/uploads\/2020\/11\/ICONE-Quimica-Verde.png\" alt=\"\u00cdcone qu\u00edmica verde\" style=\"margin: 0 auto; width:60%; margin-bottom:20px;\"><h4>Quimidex Ambiental<\/h4> <p>Conhe\u00e7a o Quimidex Ambiental. Um portal para divulga\u00e7\u00e3o de pesquisas e produ\u00e7\u00f5es de recursos voltados \u00e0 educa\u00e7\u00e3o qu\u00edmica e \u00e0 educa\u00e7\u00e3o cient\u00edfica e tecnol\u00f3gica. Neste ambiente, ser\u00e3o abordadas tem\u00e1ticas focadas em quest\u00f5es ambientais, como a Qu\u00edmica Verde e Sustent\u00e1vel, a sustentabilidade e a seguran\u00e7a qu\u00edmica.  <\/p><\/div><\/div><br>\n\n<div class=\"row\"><div class=\"col-md-12 text-center\">\n<div class=\"botaoturques\"><a href=\"https:\/\/quimidexambiental.ufsc.br\">Visitar<\/a><\/div><\/div><\/div>\n<\/div>\n\n\n\n<div class=\"wp-block-column\">\n<div class=\"row padding-20\">\n<div class=\"col-md-12 text-center\"><img src=\"http:\/\/quimidex.ufsc.br\/wp-content\/uploads\/2020\/11\/ICONE-Quimica-Aromas-1.png\" alt=\"\u00cdcone perfumes, aromas e sabores\" style=\"margin: 0 auto; width:60%; margin-bottom:20px;\"><h4>Ambiente virtual: Perfumes, aromas e sabores<\/h4><p> Qual \u00e9 o seu aroma favorito? Aquele cheirinho de caf\u00e9 ou comida preferida? O cheiro de terra molhada que lembra um dia no s\u00edtio dos av\u00f3s? Ou o perfume do seu grande amor? O ambiente tem\u00e1tico \u201cPerfumes, aromas e sabores: uma qu\u00edmica inesquec\u00edvel\u201d, convida os visitantes a fazerem uma viagem pelo mundo dos perfumes, aromas e sabores. Clique no bot\u00e3o abaixo e conhe\u00e7a.<\/p><\/div><\/div><br>\n\n<div class=\"row\"><div class=\"col-md-12 text-center\">\n<div class=\"botaorosa\"><a href=\"https:\/\/quimidex.ufsc.br\/index.php\/ambientes-tematicos\/perfumes-aromas-e-sabores\/\">Visitar<\/a><\/div><\/div><\/div>\n<\/div>\n<\/div>\n\n\n\n<hr class=\"wp-block-separator has-css-opacity\"\/>\n\n\n\n<h2 style=\"text-align:center; padding:20px;\">Visite nossas exposi\u00e7\u00f5es<\/h2>\n\n\n\n<div class=\"wp-block-columns\">\n<div class=\"wp-block-column\">\n<h2 class=\"wp-block-heading has-text-align-center\">Permanentes<\/h2>\n\n\n\n<div class=\"wp-block-cover has-background-dim-80 has-background-dim has-parallax is-position-center-center permanente\" style=\"background-image:url(http:\/\/quimidex.ufsc.br\/wp-content\/uploads\/2020\/12\/Exp.-Permanente-5.jpg);background-color:#2085c3\"><div class=\"wp-block-cover__inner-container\">\n<h2 class=\"wp-block-heading has-text-align-center\" id=\"block-4fa8af81-c143-41c8-a53a-b826ef8c09b4\">A qu\u00edmica dos perfumes<\/h2>\n\n\n\n<p class=\"has-text-align-center\" id=\"block-baeeb688-0c2e-4648-b450-4a3993da2adb\">Uma exposi\u00e7\u00e3o para quem quer conhecer a Hist\u00f3ria da Perfumaria atrav\u00e9s da Qu\u00edmica (ou a hist\u00f3ria da Qu\u00edmica atrav\u00e9s da perfumaria) e adentrar no mundo dos aromas.<\/p>\n<\/div><\/div>\n<\/div>\n\n\n\n<div class=\"wp-block-column\">\n<h2 class=\"wp-block-heading has-text-align-center\">Tempor\u00e1rias<\/h2>\n\n\n<div class='white' style='background:rgba(0,0,0,0); border:solid 0px rgba(0,0,0,0); border-radius:0px; padding:0px 0px 0px 0px;'>\n<div id='slider_7533' class='owl-carousel sa_owl_theme owl-pagination-true autohide-arrows' data-slider-id='slider_7533' style='visibility:hidden;'>\n<div id='slider_7533_slide01' class='sa_hover_container' style='padding:0% 0%; margin:0px 4%; '><div class=\"exposicoes\"><img class=\"expo\" src=\"http:\/\/quimidex.ufsc.br\/wp-content\/uploads\/2020\/12\/Exp.-Temporaria-2-1-1.jpg\" \/>\r\n<h4>Ensino de Qu\u00edmica: equipamentos e recursos did\u00e1ticos<\/h4>\r\n<p>Uma viagem no tempo atrav\u00e9s de equipamentos e materiais utilizados para fazer e ensinar qu\u00edmica. Nesta exposi\u00e7\u00e3o voc\u00ea vai caminhar pela hist\u00f3ria da qu\u00edmica e enxergar o qu\u00e3o r\u00e1pido o ser humano \u00e9 capaz de criar novas ferramentas.<\/p>\r\n<\/div><\/div>\n<\/div>\n<\/div>\n<script type='text\/javascript'>\n\tjQuery(document).ready(function() {\n\t\tjQuery('#slider_7533').owlCarousel({\n\t\t\titems : 1,\n\t\t\tsmartSpeed : 200,\n\t\t\tautoplay : true,\n\t\t\tautoplayTimeout : 5000,\n\t\t\tautoplayHoverPause : true,\n\t\t\tsmartSpeed : 200,\n\t\t\tfluidSpeed : 200,\n\t\t\tautoplaySpeed : 200,\n\t\t\tnavSpeed : 200,\n\t\t\tdotsSpeed : 200,\n\t\t\tloop : true,\n\t\t\tnav : true,\n\t\t\tnavText : ['',''],\n\t\t\tdots : true,\n\t\t\tresponsiveRefreshRate : 200,\n\t\t\tslideBy : 1,\n\t\t\tmergeFit : true,\n\t\t\tautoHeight : false,\n\t\t\tmouseDrag : false,\n\t\t\ttouchDrag : true\n\t\t});\n\t\tjQuery('#slider_7533').css('visibility', 'visible');\n\t\tsa_resize_slider_7533();\n\t\twindow.addEventListener('resize', sa_resize_slider_7533);\n\t\tfunction sa_resize_slider_7533() {\n\t\t\tvar min_height = '30';\n\t\t\tvar win_width = jQuery(window).width();\n\t\t\tvar slider_width = jQuery('#slider_7533').width();\n\t\t\tif (win_width < 480) {\n\t\t\t\tvar slide_width = slider_width \/ 1;\n\t\t\t} else if (win_width < 768) {\n\t\t\t\tvar slide_width = slider_width \/ 1;\n\t\t\t} else if (win_width < 980) {\n\t\t\t\tvar slide_width = slider_width \/ 1;\n\t\t\t} else if (win_width < 1200) {\n\t\t\t\tvar slide_width = slider_width \/ 1;\n\t\t\t} else if (win_width < 1500) {\n\t\t\t\tvar slide_width = slider_width \/ 1;\n\t\t\t} else {\n\t\t\t\tvar slide_width = slider_width \/ 1;\n\t\t\t}\n\t\t\tslide_width = Math.round(slide_width);\n\t\t\tvar slide_height = '0';\n\t\t\tif (min_height == 'aspect43') {\n\t\t\t\tslide_height = (slide_width \/ 4) * 3;\t\t\t\tslide_height = Math.round(slide_height);\n\t\t\t} else if (min_height == 'aspect169') {\n\t\t\t\tslide_height = (slide_width \/ 16) * 9;\t\t\t\tslide_height = Math.round(slide_height);\n\t\t\t} else {\n\t\t\t\tslide_height = (slide_width \/ 100) * min_height;\t\t\t\tslide_height = Math.round(slide_height);\n\t\t\t}\n\t\t\tjQuery('#slider_7533 .owl-item .sa_hover_container').css('min-height', slide_height+'px');\n\t\t}\n\t});\n<\/script>\n\n<\/div>\n<\/div>\n\n\n\n<div class=\"wp-block-columns\">\n<div class=\"wp-block-column\" style=\"flex-basis:66.66%\"><\/div>\n\n\n\n<div class=\"wp-block-column\">\n<div class=\"fabify-button\" style=\"float:right;\"><a href=\"https:\/\/quimidex.ufsc.br\/index.php\/exposicoes\/\">Saiba mais<\/a><\/div>\n<\/div>\n<\/div>\n\n\n\n<hr class=\"wp-block-separator has-css-opacity\"\/>\n\n\n\n<h2 style=\"text-align:center; padding-top:20px;\">Conhe\u00e7a nossas oficinas<\/h2>\n\n\n\n<!-- linha um -->\n<div class=\"row\">\n\n<!-- coluna um -->\n<div class=\"col-md-3\">\n<div class=\"oficinas\"><a href=\"\/\">\n<img src=\"http:\/\/quimidex.ufsc.br\/wp-content\/uploads\/2020\/11\/icone-aromas-e1606161791732.jpg\" alt=\"\u00cdcone da oficina Sintetizando aromas e aromatizando velas\"><br><h4>Oficina dos aromas<\/h4><\/a> \n<p> O perfumista do Quimidex est\u00e1 produzindo sua mais nova obra de arte e precisa de voc\u00ea e seus conhecimentos qu\u00edmicos para produzir um \u00f3leo essencial que ser\u00e1 usado nesse novo perfume. Junte-se \u00e0 Equipe Quimidex nessa miss\u00e3o.<\/p>\n <br>\n<div class=\"botaoazul\"><a href=\"https:\/\/quimidex.ufsc.br\/index.php\/oficinas-tematicas\/oficina-dos-aromas\/\">Saiba mais <\/a><\/div>\n<br>\n<\/div>\n<\/div>\n\n<!-- coluna dois -->\n<div class=\"col-md-3\">\n<div class=\"oficinas\"><a href=\"\/\"><img src=\"http:\/\/quimidex.ufsc.br\/wp-content\/uploads\/2020\/11\/icone-quimica-cores-e1606161912182.jpg\" alt=\"\u00cdcone da oficina A qu\u00edmica das cores\"><br><h4>Oficina das cores<\/h4><\/a><p>    Que tal produzir as pr\u00f3prias tintas de maneira divertida, de forma natural e ainda aprender um pouco mais de Qu\u00edmica? Prepare seu instinto art\u00edstico, chame sua turma e venha para o laborat\u00f3rio mais divertido (da cidade, do mundo, da UFSC?).<\/p>\n <br>\n<div class=\"botaorosa\"><a href=\"https:\/\/quimidex.ufsc.br\/index.php\/oficinas-tematicas\/oficina-das-cores\/\">Saiba mais <\/a><\/div>\n<br>\n<\/div>\n<\/div>\n\n<!-- coluna tr\u00eas -->\n<div class=\"col-md-3\">\n<div class=\"oficinas\"><a href=\"\/\"><img src=\"http:\/\/quimidex.ufsc.br\/wp-content\/uploads\/2020\/11\/icone-tingimento-e1606161963802.png\" alt=\"\u00cdcone da Oficina do tingimento\"><br><h4>Oficina do tingimento<\/h4><\/a>\n<p>     J\u00e1 pensou que \u00e9 poss\u00edvel utilizar ra\u00edzes e folhas de plantas para colorir e criar suas pr\u00f3prias estampas? Nessa oficina voc\u00ea vai conhecer um pouco mais dessa t\u00e9cnica que \u00e9 utilizada h\u00e1 muito tempo por ind\u00edgenas e como a qu\u00edmica explica esse processo de tingimento de tecidos.<\/p>\n<br>\n<div class=\"botaoturques\"><a href=\"https:\/\/quimidex.ufsc.br\/index.php\/oficinas-tematicas\/oficina-do-tingimento\/\">Saiba mais <\/a><\/div>\n<br>\n<\/div>\n<\/div>\n\n<!-- coluna quatro -->\n<div class=\"col-md-3\">\n<div class=\"oficinas\"><a href=\"\/\"><img src=\"http:\/\/quimidex.ufsc.br\/wp-content\/uploads\/2020\/11\/icone-on-fire-e1606161855882.png\" alt=\"\u00cdcone da oficina Quimidex on fire!\"><br><h4>Oficina do fogo<\/h4><\/a>\n<p>Uma rea\u00e7\u00e3o qu\u00edmica que mudou o mundo e possibilitou ao ser humano construir a nossa atual sociedade. Nessa oficina voc\u00ea vai conhecer um pouco mais sobre a combust\u00e3o e como o fogo esteve presente em grandes momentos hist\u00f3ricos. <\/p><br>\n<div class=\"botaolaranja\"><a href=\"https:\/\/quimidex.ufsc.br\/index.php\/oficinas-tematicas\/oficina-do-fogo\/\">Saiba mais <\/a><\/div>\n<br>\n<\/div>\n<\/div>\n<!--fim da linha-->\n<\/div>\n\n\n\n<div class=\"wp-block-columns\">\n<div class=\"wp-block-column\" style=\"flex-basis:66.66%\"><\/div>\n\n\n\n<div class=\"wp-block-column\">\n<div class=\"fabify-button padding-top-25\" style=\"float:right;\"><a href=\"https:\/\/quimidex.ufsc.br\/index.php\/agenda\/\">Agende sua visita<\/a><\/div>\n<\/div>\n<\/div>\n\n\n\n<hr class=\"wp-block-separator has-css-opacity\"\/>\n\n\n\n<h2 style=\"text-align:center; padding:20px;\">Blog<\/h2>\n\n\n\t\t<div class=\"wppsac-wrap wppsac-slick-carousel-wrp wppsac-clearfix \" data-conf=\"{&quot;slides_to_show&quot;:3,&quot;slides_to_scroll&quot;:1,&quot;dots&quot;:&quot;true&quot;,&quot;arrows&quot;:&quot;true&quot;,&quot;autoplay&quot;:&quot;true&quot;,&quot;autoplay_interval&quot;:3000,&quot;speed&quot;:500,&quot;rtl&quot;:&quot;false&quot;,&quot;lazyload&quot;:&quot;&quot;}\">\r\n\t\t\t<div id=\"wppsac-post-carousel-1\" class=\"wppsac-post-slider-init wppsac-post-carousel design-1\">\r\n\t\t\t\t<div class=\"wppsac-carousel-slides\">\r\n\t\r\n\t<div class=\"wppsac-post-content-position\">\r\n\t\t\t\t<div class=\"wppsac-post-categories\"><ul class=\"wppsac-post-categories-list\"><li><a href=\"https:\/\/quimidex.ufsc.br\/index.php\/category\/video\/\">V\u00eddeo<\/a><\/li><\/ul><\/div>\r\n\t\t\r\n\t\t<h2 class=\"wppsac-post-title\">\r\n\t\t\t<a href=\"https:\/\/quimidex.ufsc.br\/index.php\/2020\/12\/30\/video-como-funciona-a-balanca\/\">V\u00eddeo: Como funciona a balan\u00e7a?<\/a>\r\n\t\t<\/h2>\r\n\r\n\t\t\t\t<div class=\"wppsac-post-date\">\r\n\t\t\t\t\t\t<span>By admin<\/span>\r\n\t\t\t \/ dezembro 30, 2020\t\t<\/div>\r\n\t\t\t\t<div class=\"wppsac-post-content\">\r\n\t\t\t<div class=\"wppsac-sub-content\">Neste v\u00eddeo falaremos da hist\u00f3ria e funcionamento da balan\u00e7a de dois pratos. Voc\u00ea sabia que a balan\u00e7a \u00e9 um dos...<\/div>\r\n\r\n\t\t\t\t\t\t<a class=\"wppsac-readmorebtn\" href=\"https:\/\/quimidex.ufsc.br\/index.php\/2020\/12\/30\/video-como-funciona-a-balanca\/\">Read More<\/a>\r\n\t\t\t\t\t<\/div>\r\n\t\t\t<\/div>\r\n<\/div><div class=\"wppsac-carousel-slides\">\r\n\t\r\n\t<div class=\"wppsac-post-content-position\">\r\n\t\t\t\t<div class=\"wppsac-post-categories\"><ul class=\"wppsac-post-categories-list\"><li><a href=\"https:\/\/quimidex.ufsc.br\/index.php\/category\/video\/\">V\u00eddeo<\/a><\/li><\/ul><\/div>\r\n\t\t\r\n\t\t<h2 class=\"wppsac-post-title\">\r\n\t\t\t<a href=\"https:\/\/quimidex.ufsc.br\/index.php\/2020\/12\/30\/video-arraste-a-vapor\/\">V\u00eddeo: Arraste a Vapor<\/a>\r\n\t\t<\/h2>\r\n\r\n\t\t\t\t<div class=\"wppsac-post-date\">\r\n\t\t\t\t\t\t<span>By admin<\/span>\r\n\t\t\t \/ dezembro 30, 2020\t\t<\/div>\r\n\t\t\t\t<div class=\"wppsac-post-content\">\r\n\t\t\t<div class=\"wppsac-sub-content\">Se voc\u00ea assistiu o v\u00eddeo do post anterior, j\u00e1 sabe como funciona a extra\u00e7\u00e3o dos aromas pelo m\u00e9todo de hidrodestila\u00e7\u00e3o....<\/div>\r\n\r\n\t\t\t\t\t\t<a class=\"wppsac-readmorebtn\" href=\"https:\/\/quimidex.ufsc.br\/index.php\/2020\/12\/30\/video-arraste-a-vapor\/\">Read More<\/a>\r\n\t\t\t\t\t<\/div>\r\n\t\t\t<\/div>\r\n<\/div><div class=\"wppsac-carousel-slides\">\r\n\t\r\n\t<div class=\"wppsac-post-content-position\">\r\n\t\t\t\t<div class=\"wppsac-post-categories\"><ul class=\"wppsac-post-categories-list\"><li><a href=\"https:\/\/quimidex.ufsc.br\/index.php\/category\/video\/\">V\u00eddeo<\/a><\/li><\/ul><\/div>\r\n\t\t\r\n\t\t<h2 class=\"wppsac-post-title\">\r\n\t\t\t<a href=\"https:\/\/quimidex.ufsc.br\/index.php\/2020\/12\/30\/video-hidrodestilacao\/\">V\u00eddeo: Hidrodestila\u00e7\u00e3o<\/a>\r\n\t\t<\/h2>\r\n\r\n\t\t\t\t<div class=\"wppsac-post-date\">\r\n\t\t\t\t\t\t<span>By admin<\/span>\r\n\t\t\t \/ dezembro 30, 2020\t\t<\/div>\r\n\t\t\t\t<div class=\"wppsac-post-content\">\r\n\t\t\t<div class=\"wppsac-sub-content\">Voc\u00ea conhece o processo de extra\u00e7\u00e3o do aroma da casca de laranja? Neste v\u00eddeo, apresentamos como extrair o aroma da...<\/div>\r\n\r\n\t\t\t\t\t\t<a class=\"wppsac-readmorebtn\" href=\"https:\/\/quimidex.ufsc.br\/index.php\/2020\/12\/30\/video-hidrodestilacao\/\">Read More<\/a>\r\n\t\t\t\t\t<\/div>\r\n\t\t\t<\/div>\r\n<\/div><div class=\"wppsac-carousel-slides\">\r\n\t\r\n\t<div class=\"wppsac-post-content-position\">\r\n\t\t\t\t<div class=\"wppsac-post-categories\"><ul class=\"wppsac-post-categories-list\"><li><a href=\"https:\/\/quimidex.ufsc.br\/index.php\/category\/video\/\">V\u00eddeo<\/a><\/li><\/ul><\/div>\r\n\t\t\r\n\t\t<h2 class=\"wppsac-post-title\">\r\n\t\t\t<a href=\"https:\/\/quimidex.ufsc.br\/index.php\/2020\/12\/30\/video-historia-dos-perfumes\/\">V\u00eddeo: Hist\u00f3ria dos Perfumes<\/a>\r\n\t\t<\/h2>\r\n\r\n\t\t\t\t<div class=\"wppsac-post-date\">\r\n\t\t\t\t\t\t<span>By admin<\/span>\r\n\t\t\t \/ dezembro 30, 2020\t\t<\/div>\r\n\t\t\t\t<div class=\"wppsac-post-content\">\r\n\t\t\t<div class=\"wppsac-sub-content\">Apresentamos nos v\u00eddeos 1 e 2 a hist\u00f3ria dos perfumes. Voc\u00ea sabia que perfume significa \u201catrav\u00e9s da fuma\u00e7a\u201d? Vamos conhecer...<\/div>\r\n\r\n\t\t\t\t\t\t<a class=\"wppsac-readmorebtn\" href=\"https:\/\/quimidex.ufsc.br\/index.php\/2020\/12\/30\/video-historia-dos-perfumes\/\">Read More<\/a>\r\n\t\t\t\t\t<\/div>\r\n\t\t\t<\/div>\r\n<\/div>\t\t\t<\/div>\r\n\t\t<\/div>\r\n\t\n\n\n\n<div class=\"wp-block-columns\">\n<div class=\"wp-block-column\" style=\"flex-basis:66.66%\"><\/div>\n\n\n\n<div class=\"wp-block-column\">\n<div class=\"fabify-button\" style=\"float:right;\"><a href=\"https:\/\/quimidex.ufsc.br\/index.php\/blog\/\">Mais posts<\/a><\/div>\n<\/div>\n<\/div>\n\n\n\n<hr class=\"wp-block-separator has-css-opacity\"\/>\n\n\n\n<h2 style=\"text-align:center; padding:20px;\">Encontre-nos<\/h2>\n\n\n\n<div class=\"wp-block-columns\">\n<div class=\"wp-block-column\"><div class=\"su-gmap su-u-responsive-media-yes\"><iframe width=\"600\" height=\"400\" src=\"\/\/maps.google.com\/maps?q=Departamento%20de%20Qu%C3%ADmica%20-%20UFSC&amp;output=embed\" title=\"\"><\/iframe><\/div>\n<\/div>\n\n\n\n<div class=\"wp-block-column\">\n<div style=\"background-color: #fff; padding: 15px; text-align:center; border-right:4px solid #ff64ae;\"><p> Universidade Federal de Santa Catarina,<br>\nEspa\u00e7o F\u00edsico Integrado,<br>\nTrindade, Florian\u00f3polis, SC,\nCEP 88040-900.<br>\nquimidex.visitas@gmail.com<br>\nTel: (48) 3271-4460<\/p><\/div>\n<\/div>\n<\/div>\n\n\n\n<style type=\"text\/css\">\n.wppsac-post-content {padding-bottom: 10px; color:#444;}\/*cor de texto*\/\n.wppsac-post-carousel .slick-dots li button{background:#E6E6E6 !important; margin:0px !important; padding:0px !important; border:1px solid #E6E6E6; border-radius:50% !important; width:13px !important; height:13px !important;}\/*bolinha*\/\n.wppsac-post-carousel .wppsac-post-content a.wppsac-readmorebtn {padding: 5px 10px;border: 1px solid #e7e7e7;text-decoration: none;margin: 5px 0; font-size:14px; -moz-transition:all 0.5s ease-out 0s;-ms-transition:all 0.5s ease-out 0s;-o-transition:all 0.5s ease-out 0s; transition: all 0.5s ease-out 0s; }\/*altera fonte do read more*\/\n.wppsac-post-carousel h2.wppsac-post-title a{font-size:22px; line-height:26px;font-family: 'Baloo Chettan 2', cursive;}\/*altera aqui a fonte do t\u00edtulo dos posts*\/\n.wppsac-post-carousel .wppsac-post-categories ul.wppsac-post-categories-list li:nth-child(4n+1) a{background:#10CCAA;}\/*ALTERA o fundo das tags de categorias*\/\n<\/style>\n","protected":false},"excerpt":{"rendered":"<p>Not\u00edcias Conhe\u00e7a nossa estrutura Quimidex Ambiental Conhe\u00e7a o Quimidex Ambiental. Um portal para divulga\u00e7\u00e3o de pesquisas e produ\u00e7\u00f5es de recursos voltados \u00e0 educa\u00e7\u00e3o qu\u00edmica e \u00e0 educa\u00e7\u00e3o cient\u00edfica e tecnol\u00f3gica. Neste ambiente, ser\u00e3o abordadas tem\u00e1ticas focadas em quest\u00f5es ambientais, como a Qu\u00edmica Verde e Sustent\u00e1vel, a sustentabilidade e a seguran\u00e7a qu\u00edmica. Visitar Ambiente virtual: Perfumes, [&hellip;]<\/p>\n","protected":false},"author":1,"featured_media":0,"parent":0,"menu_order":0,"comment_status":"closed","ping_status":"closed","template":"","meta":{"spay_email":""},"featured_image_src":null,"featured_image_src_square":null,"uagb_featured_image_src":{"full":false,"thumbnail":false,"medium":false,"medium_large":false,"large":false,"1536x1536":false,"2048x2048":false,"ab-block-post-grid-landscape":false,"ab-block-post-grid-square":false},"uagb_author_info":{"display_name":"admin","author_link":"https:\/\/quimidex.ufsc.br\/index.php\/author\/admin\/"},"uagb_comment_info":0,"uagb_excerpt":"Not\u00edcias Conhe\u00e7a nossa estrutura Quimidex Ambiental Conhe\u00e7a o Quimidex Ambiental. Um portal para divulga\u00e7\u00e3o de pesquisas e produ\u00e7\u00f5es de recursos voltados \u00e0 educa\u00e7\u00e3o qu\u00edmica e \u00e0 educa\u00e7\u00e3o cient\u00edfica e tecnol\u00f3gica. Neste ambiente, ser\u00e3o abordadas tem\u00e1ticas focadas em quest\u00f5es ambientais, como a Qu\u00edmica Verde e Sustent\u00e1vel, a sustentabilidade e a seguran\u00e7a qu\u00edmica. Visitar Ambiente virtual: Perfumes,&hellip;","_links":{"self":[{"href":"https:\/\/quimidex.ufsc.br\/index.php\/wp-json\/wp\/v2\/pages\/7516"}],"collection":[{"href":"https:\/\/quimidex.ufsc.br\/index.php\/wp-json\/wp\/v2\/pages"}],"about":[{"href":"https:\/\/quimidex.ufsc.br\/index.php\/wp-json\/wp\/v2\/types\/page"}],"author":[{"embeddable":true,"href":"https:\/\/quimidex.ufsc.br\/index.php\/wp-json\/wp\/v2\/users\/1"}],"replies":[{"embeddable":true,"href":"https:\/\/quimidex.ufsc.br\/index.php\/wp-json\/wp\/v2\/comments?post=7516"}],"version-history":[{"count":26,"href":"https:\/\/quimidex.ufsc.br\/index.php\/wp-json\/wp\/v2\/pages\/7516\/revisions"}],"predecessor-version":[{"id":9032,"href":"https:\/\/quimidex.ufsc.br\/index.php\/wp-json\/wp\/v2\/pages\/7516\/revisions\/9032"}],"wp:attachment":[{"href":"https:\/\/quimidex.ufsc.br\/index.php\/wp-json\/wp\/v2\/media?parent=7516"}],"curies":[{"name":"wp","href":"https:\/\/api.w.org\/{rel}","templated":true}]}}