{"id":769,"date":"2019-05-14T00:56:49","date_gmt":"2019-05-14T00:56:49","guid":{"rendered":"http:\/\/quimidex.ufsc.br\/?page_id=769"},"modified":"2020-12-30T18:57:45","modified_gmt":"2020-12-30T18:57:45","slug":"ghs-e-mds","status":"publish","type":"page","link":"https:\/\/quimidex.ufsc.br\/index.php\/ambiente-tematico-qv\/ghs-e-mds\/","title":{"rendered":"GHS e MDS"},"content":{"rendered":"\n<div class=\"wp-block-image\"><figure class=\"aligncenter\"><img data-attachment-id=\"3893\" data-permalink=\"https:\/\/quimidex.ufsc.br\/index.php\/ambiente-tematico-qv\/ghs-e-mds\/love-canal-2\/\" data-orig-file=\"https:\/\/quimidex.ufsc.br\/wp-content\/uploads\/2020\/06\/Love-Canal-2.png\" data-orig-size=\"1266,537\" data-comments-opened=\"1\" data-image-meta=\"{&quot;aperture&quot;:&quot;0&quot;,&quot;credit&quot;:&quot;&quot;,&quot;camera&quot;:&quot;&quot;,&quot;caption&quot;:&quot;&quot;,&quot;created_timestamp&quot;:&quot;0&quot;,&quot;copyright&quot;:&quot;&quot;,&quot;focal_length&quot;:&quot;0&quot;,&quot;iso&quot;:&quot;0&quot;,&quot;shutter_speed&quot;:&quot;0&quot;,&quot;title&quot;:&quot;&quot;,&quot;orientation&quot;:&quot;0&quot;}\" data-image-title=\"Love-Canal-2\" data-image-description=\"\" data-medium-file=\"https:\/\/quimidex.ufsc.br\/wp-content\/uploads\/2020\/06\/Love-Canal-2-300x127.png\" data-large-file=\"https:\/\/quimidex.ufsc.br\/wp-content\/uploads\/2020\/06\/Love-Canal-2-1024x434.png\" loading=\"lazy\" width=\"1024\" height=\"434\" src=\"http:\/\/quimidex.ufsc.br\/wp-content\/uploads\/2020\/06\/Love-Canal-2-1024x434.png\" alt=\"\" class=\"wp-image-3893\" srcset=\"https:\/\/quimidex.ufsc.br\/wp-content\/uploads\/2020\/06\/Love-Canal-2-1024x434.png 1024w, https:\/\/quimidex.ufsc.br\/wp-content\/uploads\/2020\/06\/Love-Canal-2-300x127.png 300w, https:\/\/quimidex.ufsc.br\/wp-content\/uploads\/2020\/06\/Love-Canal-2-768x326.png 768w, https:\/\/quimidex.ufsc.br\/wp-content\/uploads\/2020\/06\/Love-Canal-2.png 1266w\" sizes=\"(max-width: 1024px) 100vw, 1024px\" \/><figcaption>Texto escrito por R\u00dcNTZEL (2020)<\/figcaption><\/figure><\/div>\n\n\n<p class=\"fonts-plugin-block\" style=\"font-family: Roboto;font-weight: normal;color: #000000;\">A hist\u00f3ria do Love Canal \u00e9 um exemplo de graves acidentes provocados pelo dep\u00f3sito inadequado dos res\u00edduos qu\u00edmicos. A disposi\u00e7\u00e3o inadequada e a falta de monitoramento do dep\u00f3sito provocaram danos a sa\u00fade e ao meio ambiente. Questionamentos n\u00e3o faltam: Como um bairro se constituiu em cima de um dep\u00f3sito de res\u00edduos t\u00f3xicos? Qual seria a forma correta de armazenamento? Qual o processo de descontamina\u00e7\u00e3o do local? Qual a responsabilidade do governo e da empresa privada? Diversos regulamentos foram introduzidos como conseq\u00fc\u00eancia da contamina\u00e7\u00e3o do Love Canal. <\/p>\n\n<p class=\"fonts-plugin-block\" style=\"font-family: Roboto;font-weight: normal;color: #000000;\">O <strong>Sistema Globalmente Harmonizado de Classifica\u00e7\u00e3o e Rotulagem de Produtos Qu\u00edmicos (GHS)<\/strong> \u00e9 uma abordagem t\u00e9cnica desenvolvida para organizar e facilitar a comunica\u00e7\u00e3o dos perigos dos produtos qu\u00edmicos em r\u00f3tulos e FISPQ (Fichas de Informa\u00e7\u00e3o de Seguran\u00e7a para Produtos Qu\u00edmicos)  (WALLAU; J\u00daNIOR, 2013). <\/p>\n\n<p class=\"fonts-plugin-block\" style=\"font-family: Roboto;font-weight: normal;color: #000000;\">O GHS conceitua os perigos f\u00edsicos, \u00e0 sa\u00fade e ao meio ambiente e fornece um conjunto padronizado de s\u00edmbolos, palavras e frases para comunicar informa\u00e7\u00f5es sobre os perigos qu\u00edmicos (UEMA; RIBEIRO, 2017). <\/p>\n\n\n<div style=\"height:25px\" aria-hidden=\"true\" class=\"wp-block-spacer\"><\/div>\n\n\n<p class=\"fonts-plugin-block\" style=\"font-family: Roboto;font-weight: normal;font-size: 15px;color: #000000;\"><strong>Pictogramas:<\/strong> elementos gr\u00e1ficos que representam a classe de perigo associada ao produto qu\u00edmico (UEMA; RIBEIRO, 2017).<\/p>\n\n\n<div style=\"height:20px\" aria-hidden=\"true\" class=\"wp-block-spacer\"><\/div>\n\n\n\n<div class=\"su-row\"><div class=\"su-column su-column-size-3-5 su-column-centered\"><div class=\"su-column-inner su-u-clearfix su-u-trim\">  <\/p>\n\n\n\n<div class=\"wp-block-image\"><figure class=\"aligncenter\"><img data-attachment-id=\"5337\" data-permalink=\"https:\/\/quimidex.ufsc.br\/index.php\/ambiente-tematico-qv\/ghs-e-mds\/pictogramas-de-perigo\/\" data-orig-file=\"https:\/\/quimidex.ufsc.br\/wp-content\/uploads\/2020\/07\/Pictogramas-de-perigo.png\" data-orig-size=\"847,495\" data-comments-opened=\"1\" data-image-meta=\"{&quot;aperture&quot;:&quot;0&quot;,&quot;credit&quot;:&quot;&quot;,&quot;camera&quot;:&quot;&quot;,&quot;caption&quot;:&quot;&quot;,&quot;created_timestamp&quot;:&quot;0&quot;,&quot;copyright&quot;:&quot;&quot;,&quot;focal_length&quot;:&quot;0&quot;,&quot;iso&quot;:&quot;0&quot;,&quot;shutter_speed&quot;:&quot;0&quot;,&quot;title&quot;:&quot;&quot;,&quot;orientation&quot;:&quot;0&quot;}\" data-image-title=\"Pictogramas-de-perigo\" data-image-description=\"\" data-medium-file=\"https:\/\/quimidex.ufsc.br\/wp-content\/uploads\/2020\/07\/Pictogramas-de-perigo-300x175.png\" data-large-file=\"https:\/\/quimidex.ufsc.br\/wp-content\/uploads\/2020\/07\/Pictogramas-de-perigo.png\" loading=\"lazy\" width=\"847\" height=\"495\" src=\"http:\/\/quimidex.ufsc.br\/wp-content\/uploads\/2020\/07\/Pictogramas-de-perigo.png\" alt=\"\" class=\"wp-image-5337\" srcset=\"https:\/\/quimidex.ufsc.br\/wp-content\/uploads\/2020\/07\/Pictogramas-de-perigo.png 847w, https:\/\/quimidex.ufsc.br\/wp-content\/uploads\/2020\/07\/Pictogramas-de-perigo-300x175.png 300w, https:\/\/quimidex.ufsc.br\/wp-content\/uploads\/2020\/07\/Pictogramas-de-perigo-768x449.png 768w\" sizes=\"(max-width: 847px) 100vw, 847px\" \/><\/figure><\/div>\n\n\n\n<\/div><\/div><\/div>\n\n\n\n<div style=\"height:25px\" aria-hidden=\"true\" class=\"wp-block-spacer\"><\/div>\n\n\n<p class=\"fonts-plugin-block\" style=\"font-family: Roboto;font-weight: normal;font-size: 15px;color: #000000;\"><strong>Palavra sinal\/advert\u00eancia:<\/strong> a palavra perigo sinaliza maiores n\u00edveis de severidade e a palavra cuidado\/aten\u00e7\u00e3o n\u00edveis menores de severidade (UEMA; RIBEIRO, 2017). <\/p>\n\n\n<div style=\"height:25px\" aria-hidden=\"true\" class=\"wp-block-spacer\"><\/div>\n\n\n<p class=\"fonts-plugin-block\" style=\"font-family: Roboto;font-weight: normal;font-size: 15px;color: #000000;\"><strong>Frases de perigo: <\/strong>Descrevem os perigos, como por exemplo, \u201cl\u00edquido e vapor facilmente inflam\u00e1veis\u201d. S\u00e3o representados pela letra H e uma sequ\u00eancia de tr\u00eas n\u00fameros (UEMA; RIBEIRO, 2017).<\/p>\n\n\n<div style=\"height:20px\" aria-hidden=\"true\" class=\"wp-block-spacer\"><\/div>\n\n\n\n<p> <br>   <div class=\"su-row\"><div class=\"su-column su-column-size-1-2 su-column-centered\"><div class=\"su-column-inner su-u-clearfix su-u-trim\">    <\/p>\n\n\n\n<div class=\"wp-block-image\"><figure class=\"aligncenter\"><img data-attachment-id=\"3461\" data-permalink=\"https:\/\/quimidex.ufsc.br\/index.php\/ambiente-tematico-qv\/ghs-e-mds\/frases-de-perigo-1\/\" data-orig-file=\"https:\/\/quimidex.ufsc.br\/wp-content\/uploads\/2020\/06\/Frases-de-perigo-1.png\" data-orig-size=\"847,273\" data-comments-opened=\"1\" data-image-meta=\"{&quot;aperture&quot;:&quot;0&quot;,&quot;credit&quot;:&quot;&quot;,&quot;camera&quot;:&quot;&quot;,&quot;caption&quot;:&quot;&quot;,&quot;created_timestamp&quot;:&quot;0&quot;,&quot;copyright&quot;:&quot;&quot;,&quot;focal_length&quot;:&quot;0&quot;,&quot;iso&quot;:&quot;0&quot;,&quot;shutter_speed&quot;:&quot;0&quot;,&quot;title&quot;:&quot;&quot;,&quot;orientation&quot;:&quot;0&quot;}\" data-image-title=\"Frases-de-perigo-1\" data-image-description=\"\" data-medium-file=\"https:\/\/quimidex.ufsc.br\/wp-content\/uploads\/2020\/06\/Frases-de-perigo-1-300x97.png\" data-large-file=\"https:\/\/quimidex.ufsc.br\/wp-content\/uploads\/2020\/06\/Frases-de-perigo-1.png\" loading=\"lazy\" width=\"847\" height=\"273\" src=\"http:\/\/quimidex.ufsc.br\/wp-content\/uploads\/2020\/06\/Frases-de-perigo-1.png\" alt=\"\" class=\"wp-image-3461\" srcset=\"https:\/\/quimidex.ufsc.br\/wp-content\/uploads\/2020\/06\/Frases-de-perigo-1.png 847w, https:\/\/quimidex.ufsc.br\/wp-content\/uploads\/2020\/06\/Frases-de-perigo-1-300x97.png 300w, https:\/\/quimidex.ufsc.br\/wp-content\/uploads\/2020\/06\/Frases-de-perigo-1-768x248.png 768w\" sizes=\"(max-width: 847px) 100vw, 847px\" \/><figcaption> <strong>Fonte: Wallau e Santos J\u00fanior (2013).<\/strong> <\/figcaption><\/figure><\/div>\n\n\n\n<p>    <div class=\"su-row\"><\/div><div class=\"su-column su-column-size-1-2 su-column-centered\"><div class=\"su-column-inner su-u-clearfix su-u-trim\"><\/div><\/div>    <\/p>\n\n\n\n<div class=\"wp-block-image\"><figure class=\"aligncenter\"><img data-attachment-id=\"5339\" data-permalink=\"https:\/\/quimidex.ufsc.br\/index.php\/ambiente-tematico-qv\/ghs-e-mds\/frases-de-perigo-2\/\" data-orig-file=\"https:\/\/quimidex.ufsc.br\/wp-content\/uploads\/2020\/07\/Frases-de-perigo-2.png\" data-orig-size=\"847,209\" data-comments-opened=\"1\" data-image-meta=\"{&quot;aperture&quot;:&quot;0&quot;,&quot;credit&quot;:&quot;&quot;,&quot;camera&quot;:&quot;&quot;,&quot;caption&quot;:&quot;&quot;,&quot;created_timestamp&quot;:&quot;0&quot;,&quot;copyright&quot;:&quot;&quot;,&quot;focal_length&quot;:&quot;0&quot;,&quot;iso&quot;:&quot;0&quot;,&quot;shutter_speed&quot;:&quot;0&quot;,&quot;title&quot;:&quot;&quot;,&quot;orientation&quot;:&quot;0&quot;}\" data-image-title=\"Frases-de-perigo-2\" data-image-description=\"\" data-medium-file=\"https:\/\/quimidex.ufsc.br\/wp-content\/uploads\/2020\/07\/Frases-de-perigo-2-300x74.png\" data-large-file=\"https:\/\/quimidex.ufsc.br\/wp-content\/uploads\/2020\/07\/Frases-de-perigo-2.png\" loading=\"lazy\" width=\"847\" height=\"209\" src=\"http:\/\/quimidex.ufsc.br\/wp-content\/uploads\/2020\/07\/Frases-de-perigo-2.png\" alt=\"\" class=\"wp-image-5339\" srcset=\"https:\/\/quimidex.ufsc.br\/wp-content\/uploads\/2020\/07\/Frases-de-perigo-2.png 847w, https:\/\/quimidex.ufsc.br\/wp-content\/uploads\/2020\/07\/Frases-de-perigo-2-300x74.png 300w, https:\/\/quimidex.ufsc.br\/wp-content\/uploads\/2020\/07\/Frases-de-perigo-2-768x190.png 768w\" sizes=\"(max-width: 847px) 100vw, 847px\" \/><\/figure><\/div>\n\n\n\n<\/div><\/div><\/div>\n\n\n\n<div style=\"height:25px\" aria-hidden=\"true\" class=\"wp-block-spacer\"><\/div>\n\n\n<p class=\"fonts-plugin-block\" style=\"font-family: Roboto;font-weight: normal;font-size: 15px;color: #000000;\"><strong>Frases de precau\u00e7\u00e3o:<\/strong> apresentam medidas&nbsp;a serem&nbsp;tomadas&nbsp;para&nbsp;minimizar&nbsp;ou&nbsp;prevenir&nbsp;os&nbsp;efeitos&nbsp;da&nbsp;exposi\u00e7\u00e3o&nbsp;aos&nbsp;produtos&nbsp;perigosos. Tamb\u00e9m s\u00e3o representados por um c\u00f3digo, cuja letra P significa precau\u00e7\u00e3o e uma sequencia de tr\u00eas n\u00fameros (UEMA; RIBEIRO, 2017).  <\/p>\n\n\n<div style=\"height:20px\" aria-hidden=\"true\" class=\"wp-block-spacer\"><\/div>\n\n\n\n<div class=\"su-row\"><div class=\"su-column su-column-size-1-2 su-column-centered\"><div class=\"su-column-inner su-u-clearfix su-u-trim\">   <\/p>\n\n\n\n<div class=\"wp-block-image\"><figure class=\"aligncenter\"><img data-attachment-id=\"3460\" data-permalink=\"https:\/\/quimidex.ufsc.br\/index.php\/ambiente-tematico-qv\/ghs-e-mds\/frases-de-precaucao\/\" data-orig-file=\"https:\/\/quimidex.ufsc.br\/wp-content\/uploads\/2020\/06\/Frases-de-precau\u00e7\u00e3o.png\" data-orig-size=\"847,333\" data-comments-opened=\"1\" data-image-meta=\"{&quot;aperture&quot;:&quot;0&quot;,&quot;credit&quot;:&quot;&quot;,&quot;camera&quot;:&quot;&quot;,&quot;caption&quot;:&quot;&quot;,&quot;created_timestamp&quot;:&quot;0&quot;,&quot;copyright&quot;:&quot;&quot;,&quot;focal_length&quot;:&quot;0&quot;,&quot;iso&quot;:&quot;0&quot;,&quot;shutter_speed&quot;:&quot;0&quot;,&quot;title&quot;:&quot;&quot;,&quot;orientation&quot;:&quot;0&quot;}\" data-image-title=\"Frases-de-precau\u00e7\u00e3o\" data-image-description=\"\" data-medium-file=\"https:\/\/quimidex.ufsc.br\/wp-content\/uploads\/2020\/06\/Frases-de-precau\u00e7\u00e3o-300x118.png\" data-large-file=\"https:\/\/quimidex.ufsc.br\/wp-content\/uploads\/2020\/06\/Frases-de-precau\u00e7\u00e3o.png\" loading=\"lazy\" width=\"847\" height=\"333\" src=\"http:\/\/quimidex.ufsc.br\/wp-content\/uploads\/2020\/06\/Frases-de-precau\u00e7\u00e3o.png\" alt=\"\" class=\"wp-image-3460\" srcset=\"https:\/\/quimidex.ufsc.br\/wp-content\/uploads\/2020\/06\/Frases-de-precau\u00e7\u00e3o.png 847w, https:\/\/quimidex.ufsc.br\/wp-content\/uploads\/2020\/06\/Frases-de-precau\u00e7\u00e3o-300x118.png 300w, https:\/\/quimidex.ufsc.br\/wp-content\/uploads\/2020\/06\/Frases-de-precau\u00e7\u00e3o-768x302.png 768w\" sizes=\"(max-width: 847px) 100vw, 847px\" \/><figcaption><strong>Fonte: Wallau e Santos J\u00fanior (2013).<\/strong> <\/figcaption><\/figure><\/div>\n\n\n\n<\/div><\/div><\/div>\n\n\n<p class=\"fonts-plugin-block\" style=\"font-family: Roboto;font-weight: normal;color: #000000;\">Os produtos qu\u00edmicos podem ser encontrados em muitos dos produtos que usamos em nossas vidas cotidianas.&nbsp;Alguns produtos qu\u00edmicos representam riscos para os seres humanos e o meio ambiente.&nbsp;Use este v\u00eddeo para obter informa\u00e7\u00f5es sobre produtos qu\u00edmicos e sua regulamenta\u00e7\u00e3o sob o GHS, sobre formas de prevenir e reduzir a polui\u00e7\u00e3o e sobre produtos qu\u00edmicos, pr\u00e1ticas e produtos qu\u00edmicos mais seguros.<\/p>\n\n\n<div style=\"height:10px\" aria-hidden=\"true\" class=\"wp-block-spacer\"><\/div>\n\n\n\n<figure class=\"wp-block-video\"><video controls src=\"http:\/\/quimidex.ufsc.br\/wp-content\/uploads\/2019\/05\/video1.m4v\"><\/video><\/figure>\n\n\n\n<div style=\"height:38px\" aria-hidden=\"true\" class=\"wp-block-spacer\"><\/div>\n\n\n<p class=\"fonts-plugin-block\" style=\"font-family: Roboto Slab;font-weight: 600;font-size: 20px;color: #000000;\"> <strong>Refer\u00eancias<\/strong> <\/p>\n\n<p class=\"fonts-plugin-block\" style=\"font-family: Roboto;font-weight: normal;color: #000000;\"> HERCULANO, S. Justi\u00e7a ambiental: de Love Canal \u00e0 cidade dos meninos, em uma perspectiva comparada. In: MELLO, M. P. (org). <strong>Justi\u00e7a e Sociedade:<\/strong> temas e perspectivas. S\u00e3o Paulo: LTr, 2001, p.215-238.<\/p>\n\n<p class=\"fonts-plugin-block\" style=\"font-family: Roboto;font-weight: normal;color: #000000;\">UEMA, L. K.; RIBEIRO, M. G. Pictogramas do GHS e sua aplica\u00e7\u00e3o como ferramenta de comunica\u00e7\u00e3o de perigos para estudantes de gradua\u00e7\u00e3o. <strong>Qu\u00edmica Nova<\/strong>, v.40, n\u00ba3, p.353-361, 2017.<br><br>SILVA, M. A \u201cinsustent\u00e1vel\u201d hist\u00f3ria do \u201cLove Canal\u201d. Dispon\u00edvel em:&lt;<a href=\"http:\/\/lounge.obviousmag.org\/organic\/2014\/06\/a-insustentavel-historia-do-love-canal.html\"><span class=\"has-inline-color has-black-color\">http:\/\/lounge.obviousmag.org\/organic\/2014\/06\/a-insustentavel-historia-do-love-canal.html<\/span><\/a>&gt; Acesso em 19 de nov. De 2019.  <\/p>\n\n<p class=\"fonts-plugin-block\" style=\"font-family: Roboto;font-weight: normal;color: #000000;\">WALLAU, W. M.; J\u00daNIOR, J. A. S. O sistema globalmente harmonizado de classifica\u00e7\u00e3o e rotulagem de produtos qu\u00edmicos (GHS) - uma introdu\u00e7\u00e3o para sua aplica\u00e7\u00e3o em laborat\u00f3rios de ensino e pesquisa acad\u00eamica. <strong>Qu\u00edmica Nova<\/strong>, v.36, n\u00ba4, S\u00e3o Paulo, 2013.<\/p>\n\n\n<style>\nfigure figcaption {\n    color: black;\n    text-align: center;\n}\n\n\/* link que foi visitado \na:link {\n    color: #000000;\n}\na:visited {\n    color: #89878C;\n}*\/\n<\/style>\n\n\n\n<div style=\"height:20px\" aria-hidden=\"true\" class=\"wp-block-spacer\"><\/div>\n\n\n\n<a href=\"https:\/\/quimidex.ufsc.br\/index.php\/ambiente-tematico-qv\/\" class=\"volta\"><i class=\"fa fa-chevron-circle-left\"><\/i> Anterior<\/a>\n","protected":false},"excerpt":{"rendered":"<p>Anterior<\/p>\n","protected":false},"author":1,"featured_media":0,"parent":29,"menu_order":2,"comment_status":"closed","ping_status":"closed","template":"","meta":{"spay_email":""},"featured_image_src":null,"featured_image_src_square":null,"uagb_featured_image_src":{"full":false,"thumbnail":false,"medium":false,"medium_large":false,"large":false,"1536x1536":false,"2048x2048":false,"ab-block-post-grid-landscape":false,"ab-block-post-grid-square":false},"uagb_author_info":{"display_name":"admin","author_link":"https:\/\/quimidex.ufsc.br\/index.php\/author\/admin\/"},"uagb_comment_info":0,"uagb_excerpt":"Anterior","_links":{"self":[{"href":"https:\/\/quimidex.ufsc.br\/index.php\/wp-json\/wp\/v2\/pages\/769"}],"collection":[{"href":"https:\/\/quimidex.ufsc.br\/index.php\/wp-json\/wp\/v2\/pages"}],"about":[{"href":"https:\/\/quimidex.ufsc.br\/index.php\/wp-json\/wp\/v2\/types\/page"}],"author":[{"embeddable":true,"href":"https:\/\/quimidex.ufsc.br\/index.php\/wp-json\/wp\/v2\/users\/1"}],"replies":[{"embeddable":true,"href":"https:\/\/quimidex.ufsc.br\/index.php\/wp-json\/wp\/v2\/comments?post=769"}],"version-history":[{"count":27,"href":"https:\/\/quimidex.ufsc.br\/index.php\/wp-json\/wp\/v2\/pages\/769\/revisions"}],"predecessor-version":[{"id":8004,"href":"https:\/\/quimidex.ufsc.br\/index.php\/wp-json\/wp\/v2\/pages\/769\/revisions\/8004"}],"up":[{"embeddable":true,"href":"https:\/\/quimidex.ufsc.br\/index.php\/wp-json\/wp\/v2\/pages\/29"}],"wp:attachment":[{"href":"https:\/\/quimidex.ufsc.br\/index.php\/wp-json\/wp\/v2\/media?parent=769"}],"curies":[{"name":"wp","href":"https:\/\/api.w.org\/{rel}","templated":true}]}}