{"id":8732,"date":"2023-08-22T14:13:14","date_gmt":"2023-08-22T17:13:14","guid":{"rendered":"http:\/\/quimidex.ufsc.br\/?page_id=8732"},"modified":"2023-08-25T19:42:05","modified_gmt":"2023-08-25T22:42:05","slug":"saiba-mais-acido-acetilsalicilico-aspirina","status":"publish","type":"page","link":"https:\/\/quimidex.ufsc.br\/index.php\/ambiente-tematico-qv\/construindo-a-estrela-verde\/saiba-mais-acido-acetilsalicilico-aspirina\/","title":{"rendered":"Saiba mais \u00e1cido acetilsalic\u00edlico (aspirina)"},"content":{"rendered":"<h1 class=\"fonts-plugin-block\" style=\"font-family: Crete Round;font-weight: 400;text-align: center;color: #000000;\"> Aspirina <\/h1>\n\n\n<div style=\"height:20px\" aria-hidden=\"true\" class=\"wp-block-spacer\"><\/div>\n\n\n<p class=\"fonts-plugin-block\" style=\"font-family: Roboto;font-weight: normal;color: #000000;\">Voc\u00ea sabe de onde vem a aspirina? Da casca do salgueiro! Dif\u00edcil acreditar, n\u00e9? Mas, o uso da casca do salgueiro para o tratamento de dores \u00e9 conhecido desde a Antiguidade.<br><br>O \u00e1cido acetilsalic\u00edlico, popularmente conhecido como aspirina, foi desenvolvido a partir da salicina, uma subst\u00e2ncia extra\u00edda da casca de uma \u00e1rvore chamada salgueiro ou chor\u00e3o<sup>1<\/sup>. \u00c9 um medicamento utilizado para o tratamento de dor e febre.<\/p>\n\n\n<center><figure class=\"wp-block-image size-large is-resized\"><img data-attachment-id=\"8777\" data-permalink=\"https:\/\/quimidex.ufsc.br\/index.php\/ambiente-tematico-qv\/construindo-a-estrela-verde\/saiba-mais-acido-acetilsalicilico-aspirina\/acidoacetilsalicilico2-salicina\/\" data-orig-file=\"https:\/\/quimidex.ufsc.br\/wp-content\/uploads\/2023\/08\/acidoacetilsalicilico2-salicina.png\" data-orig-size=\"358,297\" data-comments-opened=\"1\" data-image-meta=\"{&quot;aperture&quot;:&quot;0&quot;,&quot;credit&quot;:&quot;&quot;,&quot;camera&quot;:&quot;&quot;,&quot;caption&quot;:&quot;&quot;,&quot;created_timestamp&quot;:&quot;0&quot;,&quot;copyright&quot;:&quot;&quot;,&quot;focal_length&quot;:&quot;0&quot;,&quot;iso&quot;:&quot;0&quot;,&quot;shutter_speed&quot;:&quot;0&quot;,&quot;title&quot;:&quot;&quot;,&quot;orientation&quot;:&quot;0&quot;}\" data-image-title=\"acidoacetilsalicilico2-salicina\" data-image-description=\"\" data-medium-file=\"https:\/\/quimidex.ufsc.br\/wp-content\/uploads\/2023\/08\/acidoacetilsalicilico2-salicina-300x249.png\" data-large-file=\"https:\/\/quimidex.ufsc.br\/wp-content\/uploads\/2023\/08\/acidoacetilsalicilico2-salicina.png\" loading=\"lazy\" src=\"http:\/\/quimidex.ufsc.br\/wp-content\/uploads\/2023\/08\/acidoacetilsalicilico2-hist-form1.png\" alt=\"\" class=\"wp-image-8777\" width=\"333\" height=\"276\"><figcaption>Salicina<sup>6<\/sup><\/figcaption><\/figure><\/center>\n\n\n<p class=\"fonts-plugin-block\" style=\"font-family: Roboto;font-weight: normal;color: #000000;\">Medicamentos s\u00e3o produtos farmac\u00eauticos usados para tratar problemas de sa\u00fade. Por exemplo, para aliviar uma dor de cabe\u00e7a. Lembre-se sempre, devem ser receitados por m\u00e9dicos.<br><br>A qu\u00edmica tem um papel muito importante no desenvolvimento de medicamentos seguros e eficazes.<sup>1,2<\/sup> A produ\u00e7\u00e3o de aspirina \u00e9 um exemplo da import\u00e2ncia dos processos de s\u00edntese na vida cotidiana.<br><br>Para sintetizar um composto, \u00e9 preciso conhecer os materiais de partida, as condi\u00e7\u00f5es de rea\u00e7\u00e3o e os produtos que ser\u00e3o formados.<sup>2<\/sup> A s\u00edntese da aspirina ocorre na presen\u00e7a de reagentes em excesso e catalisadores<sup>3<\/sup>, conforme rea\u00e7\u00e3o abaixo:<\/p>\n\n\n<center><figure class=\"wp-block-image size-large\"><img data-attachment-id=\"8782\" data-permalink=\"https:\/\/quimidex.ufsc.br\/index.php\/ambiente-tematico-qv\/construindo-a-estrela-verde\/saiba-mais-acido-acetilsalicilico-aspirina\/acidoacetilsalicilico2-hist-form2\/\" data-orig-file=\"https:\/\/quimidex.ufsc.br\/wp-content\/uploads\/2023\/08\/acidoacetilsalicilico2-hist-form2.png\" data-orig-size=\"1022,325\" data-comments-opened=\"1\" data-image-meta=\"{&quot;aperture&quot;:&quot;0&quot;,&quot;credit&quot;:&quot;&quot;,&quot;camera&quot;:&quot;&quot;,&quot;caption&quot;:&quot;&quot;,&quot;created_timestamp&quot;:&quot;0&quot;,&quot;copyright&quot;:&quot;&quot;,&quot;focal_length&quot;:&quot;0&quot;,&quot;iso&quot;:&quot;0&quot;,&quot;shutter_speed&quot;:&quot;0&quot;,&quot;title&quot;:&quot;&quot;,&quot;orientation&quot;:&quot;0&quot;}\" data-image-title=\"acidoacetilsalicilico2-hist-form2\" data-image-description=\"\" data-medium-file=\"https:\/\/quimidex.ufsc.br\/wp-content\/uploads\/2023\/08\/acidoacetilsalicilico2-hist-form2-300x95.png\" data-large-file=\"https:\/\/quimidex.ufsc.br\/wp-content\/uploads\/2023\/08\/acidoacetilsalicilico2-hist-form2.png\" loading=\"lazy\" width=\"1022\" height=\"325\" src=\"http:\/\/quimidex.ufsc.br\/wp-content\/uploads\/2023\/08\/acidoacetilsalicilico2-hist-form2.png\" alt=\"\" class=\"wp-image-8782\" srcset=\"https:\/\/quimidex.ufsc.br\/wp-content\/uploads\/2023\/08\/acidoacetilsalicilico2-hist-form2.png 1022w, https:\/\/quimidex.ufsc.br\/wp-content\/uploads\/2023\/08\/acidoacetilsalicilico2-hist-form2-300x95.png 300w, https:\/\/quimidex.ufsc.br\/wp-content\/uploads\/2023\/08\/acidoacetilsalicilico2-hist-form2-768x244.png 768w\" sizes=\"(max-width: 1022px) 100vw, 1022px\" \/><\/figure><\/center>\n\n\n<p class=\"fonts-plugin-block\" style=\"font-family: Roboto;font-weight: normal;color: #000000;\">Hoje em dia, a \u00e1rea da qu\u00edmica conhecida como Qu\u00edmica Verde estuda formas de melhorar a s\u00edntese da aspirina<sup>3<\/sup>. Do uso da casca do salgueiro para o tratamento de dores at\u00e9 a sua s\u00edntese em laborat\u00f3rio e fabrica\u00e7\u00e3o em escala industrial, a aspirina percorreu um longo caminho. Saiba mais sobre o contexto hist\u00f3rico de desenvolvimento da aspirina com a leitura do texto a seguir.<\/p>\n\n\n<div style=\"height:103px\" aria-hidden=\"true\" class=\"wp-block-spacer\"><\/div>\n\n\n\n<hr class=\"wp-block-separator\"\/>\n\n\n<h2 class=\"fonts-plugin-block\" style=\"font-family: Crete Round;font-weight: 400;text-align: center;color: #000000;\"> Hist\u00f3ria de desenvolvimento da aspirina <\/h2>\n\n\n<div style=\"height:20px\" aria-hidden=\"true\" class=\"wp-block-spacer\"><\/div>\n\n\n<p class=\"fonts-plugin-block\" style=\"font-family: Roboto;font-weight: normal;color: #000000;\">O uso da casca do salgueiro para al\u00edvio da dor remonta \u00e0 Antiguidade. Hip\u00f3crates, conhecido como o \u201cpai da medicina\u201d, usava extratos de casca de salgueiro para baixar a febre e aliviar a dor. Dioscor\u00eddes, cirurgi\u00e3o grego do ex\u00e9rcito romano, observou que as folhas de salgueiro reduziam a inflama\u00e7\u00e3o.<sup>4,8<\/sup><br>Em 1763, Edward Stone, um cl\u00e9rigo de Oxfordshire, relatou uma prepara\u00e7\u00e3o com a casca de salgueiro seca para tratar a febre.<sup>6<\/sup><br><br>Em 1828, Johann Buchner isolou da casca do salgueiro cristais amarelos que chamou de salicina (em homenagem a Salix, o g\u00eanero do salgueiro). Em 1829, o procedimento de extra\u00e7\u00e3o da salicina foi refinado por Pierre-Joseph Leroux. Em 1838, o italiano Raffaele Piria produziu o \u00e1cido salic\u00edlico.<sup>4,5,6,7<\/sup><br><br>Em 1852, o qu\u00edmico franc\u00eas Charles Gerhardt, modificou o \u00e1cido salic\u00edlico com a introdu\u00e7\u00e3o de um grupo acetil no lugar de um grupo hidroxila. Por\u00e9m, o composto produzido n\u00e3o era est\u00e1vel.<sup>5<\/sup><br><br>Em 1876, Thomas John MacLagan, m\u00e9dico escoc\u00eas da Dundee Royal Infirmary, investigou os efeitos da salicina no al\u00edvio dos sintomas da febre reum\u00e1tica.<sup>5,7<\/sup><br>Em 1897, os qu\u00edmicos da Bayer produziram o \u00e1cido acetilsalic\u00edlico a partir do \u00e1cido salic\u00edlico derivado da planta meadowsweet em vez da casca do salgueiro.<sup>5,6<\/sup> H\u00e1 controv\u00e9rsias sobre quem foi o principal respons\u00e1vel pela produ\u00e7\u00e3o de aspirina. Essa s\u00edntese \u00e9 creditada oficialmente ao qu\u00edmico alem\u00e3o Felix Hoffmann que trabalhava na Bayer.<sup>5,6<\/sup><br><br>A motiva\u00e7\u00e3o de Hoffmann foi despertada por sua preocupa\u00e7\u00e3o com o pai, que sofria de dores reum\u00e1ticas. <sup>4,6<\/sup> O salicilato de s\u00f3dio ajudava a reduzir a dor, mas causava graves irrita\u00e7\u00f5es para o revestimento do est\u00f4mago. <sup>6<\/sup> A ideia de Hoffmann era reduzir os efeitos colaterais do salicilato de s\u00f3dio usado no tratamento das dores.<sup>6<\/sup> Em 1897, Hoffmann descreveu a s\u00edntese do \u00e1cido acetilsalic\u00edlico.<sup>5,6<\/sup> O composto foi chamado de aspirina, uma combina\u00e7\u00e3o de \u201cA\u201dde acetila\u00e7\u00e3o, &#8220;spir&#8221; da planta Spiraea ulmaria e &#8220;in&#8221; sufixo empregado com freq\u00fc\u00eancia em medicamentos naquela \u00e9poca.<sup>8<\/sup><br><br>No entanto, h\u00e1 disputas sobre o principal respons\u00e1vel pelo desenvolvimento da aspirina.<sup>5,6<\/sup> Arthur Eichengr\u00fcn, qu\u00edmico e chefe da divis\u00e3o farmac\u00eautica da Bayer, era respons\u00e1vel pelo desenvolvimento de novos medicamentos. Em 1897, Eichengr\u00fcn decidiu pesquisar uma forma de salicilato que n\u00e3o causava irrita\u00e7\u00e3o g\u00e1strica e atribuiu esta tarefa a Hoffmann.<sup>5,6<\/sup> Ao receber essa tarefa de Eichengr\u00fcn, Hoffmann come\u00e7ou a trabalhar manipulando o \u00e1cido salic\u00edlico extra\u00eddo das folhas de meadowsweet.<sup>5<\/sup><br><br>Heinrich Dreser, chefe da se\u00e7\u00e3o de farmacologia e respons\u00e1vel pelos ensaios cl\u00ednicos, inicialmente rejeitou os resultados dos testes. Eichengr\u00fcn n\u00e3o aceitou a rejei\u00e7\u00e3o e realizou seus pr\u00f3prios ensaios cl\u00ednicos. No entanto, ap\u00f3s o chefe da unidade solicitar novos testes, Dreser aceitou a produ\u00e7\u00e3o de \u00e1cido acetilsalic\u00edlico.<sup>5<\/sup><br><br>Enquanto Hoffmann e Eichengr\u00fcn n\u00e3o receberam royalties pelo desenvolvimento da aspirina, Dreser recebeu royalties por todos os medicamentos em seu laborat\u00f3rio.<sup>5<\/sup><br><br>Eichengr\u00fcn deixou a Bayer para abrir sua pr\u00f3pria empresa qu\u00edmica. Em 1944 foi enviado para o campo de concentra\u00e7\u00e3o de Theresienstadt onde permaneceu at\u00e9 que os russos o libertassem em 1945.<br><br>A aspirina foi comercializada pela Bayer, por\u00e9m pouco se conhecia sobre seu mecanismo de a\u00e7\u00e3o.<sup>5,6<\/sup> John Vane e colegas demonstraram que a aspirina inibia a produ\u00e7\u00e3o de prostaglandinas (compostos lip\u00eddicos). Vane foi premiado com o Nobel de medicina em meados de 1970.<sup>1,5<\/sup><br><br>Atualmente, a aspirina \u00e9 amplamente comercializada no mundo.<\/p>\n\n\n<div class=\"wp-block-image\"><figure class=\"aligncenter size-large\"><img data-attachment-id=\"8796\" data-permalink=\"https:\/\/quimidex.ufsc.br\/index.php\/ambiente-tematico-qv\/construindo-a-estrela-verde\/saiba-mais-acido-acetilsalicilico-aspirina\/acidoacetilsalicilico2-hist-img\/\" data-orig-file=\"https:\/\/quimidex.ufsc.br\/wp-content\/uploads\/2023\/08\/acidoacetilsalicilico2-hist-img.png\" data-orig-size=\"1024,489\" data-comments-opened=\"1\" data-image-meta=\"{&quot;aperture&quot;:&quot;0&quot;,&quot;credit&quot;:&quot;&quot;,&quot;camera&quot;:&quot;&quot;,&quot;caption&quot;:&quot;&quot;,&quot;created_timestamp&quot;:&quot;0&quot;,&quot;copyright&quot;:&quot;&quot;,&quot;focal_length&quot;:&quot;0&quot;,&quot;iso&quot;:&quot;0&quot;,&quot;shutter_speed&quot;:&quot;0&quot;,&quot;title&quot;:&quot;&quot;,&quot;orientation&quot;:&quot;0&quot;}\" data-image-title=\"acidoacetilsalicilico2-hist-img\" data-image-description=\"\" data-medium-file=\"https:\/\/quimidex.ufsc.br\/wp-content\/uploads\/2023\/08\/acidoacetilsalicilico2-hist-img-300x143.png\" data-large-file=\"https:\/\/quimidex.ufsc.br\/wp-content\/uploads\/2023\/08\/acidoacetilsalicilico2-hist-img.png\" loading=\"lazy\" width=\"1024\" height=\"489\" src=\"https:\/\/quimidex.ufsc.br\/wp-content\/uploads\/2023\/08\/acidoacetilsalicilico2-hist-img.png\" alt=\"\" class=\"wp-image-8796\" srcset=\"https:\/\/quimidex.ufsc.br\/wp-content\/uploads\/2023\/08\/acidoacetilsalicilico2-hist-img.png 1024w, https:\/\/quimidex.ufsc.br\/wp-content\/uploads\/2023\/08\/acidoacetilsalicilico2-hist-img-300x143.png 300w, https:\/\/quimidex.ufsc.br\/wp-content\/uploads\/2023\/08\/acidoacetilsalicilico2-hist-img-768x367.png 768w\" sizes=\"(max-width: 1024px) 100vw, 1024px\" \/><figcaption>Esquema de produ\u00e7\u00e3o industrial simplificado do \u00e1cido acetilsalic\u00edlico<\/figcaption><\/figure><\/div>\n\n\n<p class=\"fonts-plugin-block\" style=\"font-family: Roboto;font-weight: normal;text-align: center;color: #000000;\">Os f\u00e1rmacos sint\u00e9ticos podem ser obtidos em dois tipos de escala. A escala de bancada \u00e9 aquela aplicada no desenvolvimento da rota sint\u00e9tica, para chegar ao composto planejado, em pequenas quantidades, mas suficientes para investigar o seu perfil farmacol\u00f3gico. J\u00e1 a semi-industrial, \u00e9 uma adapta\u00e7\u00e3o da primeira rota sint\u00e9tica visando a obten\u00e7\u00e3o do f\u00e1rmaco em maior escala<sup>1<\/sup>.<\/p>\n\n\n<div style=\"height:101px\" aria-hidden=\"true\" class=\"wp-block-spacer\"><\/div>\n\n\n\n<hr class=\"wp-block-separator\"\/>\n\n\n<p class=\"fonts-plugin-block\" style=\"font-family: Roboto Slab;font-weight: 600;font-size: 20px;text-align: center;color: #000000;\">Atividade para aprofundar<\/p>\n\n\n<center><figure class=\"wp-block-image size-large\"><img data-attachment-id=\"8789\" data-permalink=\"https:\/\/quimidex.ufsc.br\/index.php\/ambiente-tematico-qv\/construindo-a-estrela-verde\/saiba-mais-acido-acetilsalicilico-aspirina\/acidoacetilsalicilico2-hist-form3\/\" data-orig-file=\"https:\/\/quimidex.ufsc.br\/wp-content\/uploads\/2023\/08\/acidoacetilsalicilico2-hist-form3.png\" data-orig-size=\"801,301\" data-comments-opened=\"1\" data-image-meta=\"{&quot;aperture&quot;:&quot;0&quot;,&quot;credit&quot;:&quot;&quot;,&quot;camera&quot;:&quot;&quot;,&quot;caption&quot;:&quot;&quot;,&quot;created_timestamp&quot;:&quot;0&quot;,&quot;copyright&quot;:&quot;&quot;,&quot;focal_length&quot;:&quot;0&quot;,&quot;iso&quot;:&quot;0&quot;,&quot;shutter_speed&quot;:&quot;0&quot;,&quot;title&quot;:&quot;&quot;,&quot;orientation&quot;:&quot;0&quot;}\" data-image-title=\"acidoacetilsalicilico2-hist-form3\" data-image-description=\"\" data-medium-file=\"https:\/\/quimidex.ufsc.br\/wp-content\/uploads\/2023\/08\/acidoacetilsalicilico2-hist-form3-300x113.png\" data-large-file=\"https:\/\/quimidex.ufsc.br\/wp-content\/uploads\/2023\/08\/acidoacetilsalicilico2-hist-form3.png\" loading=\"lazy\" width=\"801\" height=\"301\" src=\"https:\/\/quimidex.ufsc.br\/wp-content\/uploads\/2023\/08\/acidoacetilsalicilico2-hist-form3.png\" alt=\"\" class=\"wp-image-8789\" srcset=\"https:\/\/quimidex.ufsc.br\/wp-content\/uploads\/2023\/08\/acidoacetilsalicilico2-hist-form3.png 801w, https:\/\/quimidex.ufsc.br\/wp-content\/uploads\/2023\/08\/acidoacetilsalicilico2-hist-form3-300x113.png 300w, https:\/\/quimidex.ufsc.br\/wp-content\/uploads\/2023\/08\/acidoacetilsalicilico2-hist-form3-768x289.png 768w\" sizes=\"(max-width: 801px) 100vw, 801px\" \/><\/figure><\/center>\n\n\n<p class=\"fonts-plugin-block\" style=\"font-family: Roboto;font-weight: normal;text-align: center;color: #000000;\">(1) Escreva a f\u00f3rmula estrutural plana, para cada um dos compostos, evidenciando todas as liga\u00e7\u00f5es qu\u00edmicas.<br><br>(2) Quais s\u00e3o os grupos funcionais presentes no \u00e1cido salic\u00edlico, no anidrido ac\u00e9tico e no \u00e1cido acetilsalic\u00edlico?<\/p>\n\n\n<div style=\"height:101px\" aria-hidden=\"true\" class=\"wp-block-spacer\"><\/div>\n\n\n<p class=\"fonts-plugin-block\" style=\"font-family: Roboto Slab;font-weight: 600;font-size: 20px;color: #000000;\">Refer\u00eancias<\/p>\n\n<p class=\"fonts-plugin-block\" style=\"font-family: Roboto;font-weight: normal;color: #000000;\">1 &#8211; Menegatti, R.; Fraga, C. A. M.; Barreiro, E. K. A Import\u00e2ncia da S\u00edntese de F\u00e1rmacos. Cadernos Tem\u00e1ticos de Qu\u00edmica Nova na Escola, n. 3, maio, 2001. Dispon\u00edvel em: &lt;<a href=\"http:\/\/qnesc.sbq.org.br\/online\/cadernos\/03\/sintese.pdf\">http:\/\/qnesc.sbq.org.br\/online\/cadernos\/03\/sintese.pdf<\/a>&gt;<br><br>2 &#8211; The Wolfson Foundation. Synthesis and Analysis. Teacher Notes. Royal Society of Chemistry. 2011.<br><br>3 &#8211; Domingues, L. A.; MAGALH\u00c3ES, C. G.; Sandri, M. C. M. S\u00edntese do \u00c1cido Acetilsalic\u00edlico: Uma proposta para laborat\u00f3rios de Gradua\u00e7\u00e3o empregando a Qu\u00edmica Verde. Qu\u00edmica Nova na Escola, v. 44, n. 2. P. 105-114, maio, 2022.<br><br>4 &#8211; LE COUTEUR, P.; BURRESON, J. Os bot\u00f5es de Napole\u00e3o: as 17 mol\u00e9culas que mudaram a hist\u00f3ria. Rio de Janeiro: Zahar, 2006. 343p.<br><br>5 &#8211; Desborough, M. J. R.; Keeling, D. M. The aspirin story \u2013 from willow to Wonder drug. British Journal of Haematology, v. 177, p. 674-683, 2017. Dispon\u00edvel em: &lt;<a href=\"https:\/\/onlinelibrary.wiley.com\/doi\/10.1111\/bjh.14520\">https:\/\/onlinelibrary.wiley.com\/doi\/10.1111\/bjh.14520<\/a>&gt;<br><br>6 &#8211; Wood, J.N. From plant extract to molecular panacea: a commentary on Stone (1763) \u2018An account of the success of the bark of the willow in the cure of the agues\u2019. Philosophical Transactions of the Royal Society of London. Series B, Biological Sciences, v. 370, n. 1666, abril, 2015. Dispon\u00edvel em:&lt;<a href=\"https:\/\/www.ncbi.nlm.nih.gov\/pmc\/articles\/PMC4360122\/\">https:\/\/www.ncbi.nlm.nih.gov\/pmc\/articles\/PMC4360122\/<\/a>&gt;<br><br>7 &#8211; Doyle, D.Thomas MacLagan\u2019s 1876 demonstration of the dramatic effects of salicin in rheumatic fever. Journal of the Royal Society of Medicine, v. 107, n. 7, p. 287-289, julho, 2014. Dispon\u00edvel em: &lt;<a href=\"https:\/\/www.ncbi.nlm.nih.gov\/pmc\/articles\/PMC4093759\/\">https:\/\/www.ncbi.nlm.nih.gov\/pmc\/articles\/PMC4093759\/<\/a>&gt;<br><br>8 &#8211; Luengo, M. B. A historical revision of the main immunological events and pharmacology in the search of the understanding and treatment of inflammatory diseases. Revista Eletr\u00f4nica de Farm\u00e1cia, v.2, n.2, p. 64-72, 2005. Dispon\u00edvel em: &lt;<a href=\"https:\/\/revistas.ufg.br\/REF\/article\/view\/1954\">https:\/\/revistas.ufg.br\/REF\/article\/view\/1954<\/a>&gt;<\/p>\n\n\n<div style=\"height:101px\" aria-hidden=\"true\" class=\"wp-block-spacer\"><\/div>\n\n\n\n<hr class=\"wp-block-separator\"\/>\n\n\n<p class=\"fonts-plugin-block\" style=\"font-family: Roboto Slab;font-weight: 600;font-size: 20px;color: #000000;\">Desenvolvimento da p\u00e1gina<\/p>\n\n<p class=\"fonts-plugin-block\" style=\"font-family: Roboto;font-weight: normal;color: #000000;\"><strong>Pesquisador:<\/strong> <a rel=\"noreferrer noopener\" href=\"http:\/\/lattes.cnpq.br\/0354849501508282\" target=\"_blank\">Patricia Link R\u00fcntzel<\/a><br><strong>Design: <\/strong><a rel=\"noreferrer noopener\" href=\"http:\/\/lattes.cnpq.br\/5195890460688151\" target=\"_blank\">Taina Bueno<\/a><br><strong>Agradecimentos:<\/strong> Prof.\u00aa Dra Marilei Mendes Casturina Sandri<br>Ao Projeto CNPq Pr\u00f3-Humanidades 420046\/2022-4 &#8211; Quimidex Ambiental \u2013 Ci\u00eancia para o Desenvolvimento Sustent\u00e1vel<\/p>\n\n\n<style>\nfigure figcaption {\n    color: black;\n    text-align: center;\n}\n\n\/* link que foi visitado \na:link {\n    color: #000000;\n}\na:visited {\n    color: #89878C;\n}*\/\n<\/style>\n\n\n\n<div style=\"height:56px\" aria-hidden=\"true\" class=\"wp-block-spacer\"><\/div>\n\n\n\n<a href=\"https:\/\/quimidex.ufsc.br\/index.php\/ambiente-tematico-qv\/construindo-a-estrela-verde\/\" class=\"volta\"><i class=\"fa fa-chevron-circle-left\"><\/i> Anterior<\/a>\n\n\n","protected":false},"excerpt":{"rendered":"<p>Salicina6 Anterior<\/p>\n","protected":false},"author":1,"featured_media":0,"parent":501,"menu_order":3,"comment_status":"closed","ping_status":"closed","template":"","meta":{"spay_email":""},"featured_image_src":null,"featured_image_src_square":null,"uagb_featured_image_src":{"full":false,"thumbnail":false,"medium":false,"medium_large":false,"large":false,"1536x1536":false,"2048x2048":false,"ab-block-post-grid-landscape":false,"ab-block-post-grid-square":false},"uagb_author_info":{"display_name":"admin","author_link":"https:\/\/quimidex.ufsc.br\/index.php\/author\/admin\/"},"uagb_comment_info":0,"uagb_excerpt":"Salicina6 Anterior","_links":{"self":[{"href":"https:\/\/quimidex.ufsc.br\/index.php\/wp-json\/wp\/v2\/pages\/8732"}],"collection":[{"href":"https:\/\/quimidex.ufsc.br\/index.php\/wp-json\/wp\/v2\/pages"}],"about":[{"href":"https:\/\/quimidex.ufsc.br\/index.php\/wp-json\/wp\/v2\/types\/page"}],"author":[{"embeddable":true,"href":"https:\/\/quimidex.ufsc.br\/index.php\/wp-json\/wp\/v2\/users\/1"}],"replies":[{"embeddable":true,"href":"https:\/\/quimidex.ufsc.br\/index.php\/wp-json\/wp\/v2\/comments?post=8732"}],"version-history":[{"count":25,"href":"https:\/\/quimidex.ufsc.br\/index.php\/wp-json\/wp\/v2\/pages\/8732\/revisions"}],"predecessor-version":[{"id":8999,"href":"https:\/\/quimidex.ufsc.br\/index.php\/wp-json\/wp\/v2\/pages\/8732\/revisions\/8999"}],"up":[{"embeddable":true,"href":"https:\/\/quimidex.ufsc.br\/index.php\/wp-json\/wp\/v2\/pages\/501"}],"wp:attachment":[{"href":"https:\/\/quimidex.ufsc.br\/index.php\/wp-json\/wp\/v2\/media?parent=8732"}],"curies":[{"name":"wp","href":"https:\/\/api.w.org\/{rel}","templated":true}]}}